{"id":3539,"date":"2020-11-11T12:50:45","date_gmt":"2020-11-11T10:50:45","guid":{"rendered":"https:\/\/staging.connect2us.eu\/spenden-sie\/"},"modified":"2025-02-06T11:45:40","modified_gmt":"2025-02-06T09:45:40","slug":"spenden-sie","status":"publish","type":"page","link":"https:\/\/connect2us.eu\/de\/spenden-sie\/","title":{"rendered":"Spenden Sie"},"content":{"rendered":"\n<p>Spender wie Sie helfen Connect2Us, unsere Ziele zu erreichen. Verbinden durch Spielen, ohne Grenzen. Sie werden uns helfen, mehr Spiele zu entwickeln und Geschichten auf direktem Weg zu teilen. K\u00f6nnen wir auf Sie z\u00e4hlen?  <\/p>\n\n<p>Reisen Sie mit uns ins <a href=\"https:\/\/connect2us.eu\/de\/land-der-empathie\/\">Land der Empathie<\/a> und <strong><a href=\"https:\/\/connect2us.eu\/de\/mit-spiel-spenden\/\">spenden Sie \u20ac40.00<\/a><\/strong>. Wenn Sie Ihre Adresse angeben, erhalten Sie Empathy Land zu Hause, um es mit Ihrer Familie und Freunden zu spielen oder zu verschenken. Ein zweites Spiel wird an eine Schule gespendet, die sich um ukrainische Kinder k\u00fcmmert. <strong><a href=\"https:\/\/connect2us.eu\/de\/mit-spiel-spenden\/\">Spenden Sie hier<\/a><\/strong>.  <\/p>\n\n<p>Sie k\u00f6nnen auch ein oder mehrere Schulpakete spenden <a href=\"https:\/\/connect2us.eu\/de\/schulpaket-spenden\/\"><strong>Schulpakete (zu \u20ac150.00) spenden, die an eine<\/strong><\/a> an eine Grundschule Ihrer Wahl. Die Ihrer Kinder, Enkelkinder oder die in der Nachbarschaft. W\u00e4hlen Sie dazu die zweite Option.    <a href=\"https:\/\/connect2us.eu\/de\/schulpaket-spenden\/\"><strong>hier bestellen.<\/strong><\/a><\/p>\n\n<p>Sie k\u00f6nnen auch ein Managementbuch \u00fcber interkulturelle Zusammenarbeit erhalten. F\u00fcr eine Spende von 24 Euro erhalten Sie das Buch zu Hause, ein E-Book erhalten Sie f\u00fcr eine Spende von 15 Euro.   <a href=\"https:\/\/connect2us.eu\/de\/haben-wir-einen-deal\/\">Klicken Sie hier.<\/a><\/p>\n\n<p>Nat\u00fcrlich ist es auch m\u00f6glich, uns <a href=\"https:\/\/connect2us.eu\/de\/betrag-ihrer-wahl\/\"><strong>einmalig mit einem Betrag Ihrer Wahl zu unterst\u00fctzen<\/strong>.<\/a><\/p>\n\n<p><strong>Sportvereine, Serviceclubs<\/strong> und andere Gruppen k\u00f6nnen zusammenarbeiten, um zu sehen, was am besten passt. Senden Sie eine E-Mail an <a href=\"mailto:empathyland@connect2us.eu\">empathyland@connect2us.eu.<\/a> Wir helfen Ihnen gerne bei Ihrer Wahl.  <\/p>\n\n<p><\/p>\n","protected":false},"excerpt":{"rendered":"<p>Spender wie Sie helfen Connect2Us, unsere Ziele zu erreichen. Verbinden durch Spielen, ohne Grenzen. Sie werden uns helfen, mehr Spiele zu entwickeln und Geschichten auf direktem Weg zu teilen. K\u00f6nnen wir auf Sie z\u00e4hlen? Reisen Sie mit uns ins Land der Empathie und spenden Sie \u20ac40.00. Wenn Sie Ihre Adresse angeben, erhalten Sie Empathy Land [&hellip;]<\/p>\n","protected":false},"author":3,"featured_media":0,"parent":0,"menu_order":0,"comment_status":"closed","ping_status":"closed","template":"","meta":{"_vp_format_video_url":"","_vp_image_focal_point":[],"footnotes":""},"class_list":["post-3539","page","type-page","status-publish","hentry"],"blocksy_meta":[],"_links":{"self":[{"href":"https:\/\/connect2us.eu\/de\/wp-json\/wp\/v2\/pages\/3539","targetHints":{"allow":["GET"]}}],"collection":[{"href":"https:\/\/connect2us.eu\/de\/wp-json\/wp\/v2\/pages"}],"about":[{"href":"https:\/\/connect2us.eu\/de\/wp-json\/wp\/v2\/types\/page"}],"author":[{"embeddable":true,"href":"https:\/\/connect2us.eu\/de\/wp-json\/wp\/v2\/users\/3"}],"replies":[{"embeddable":true,"href":"https:\/\/connect2us.eu\/de\/wp-json\/wp\/v2\/comments?post=3539"}],"version-history":[{"count":5,"href":"https:\/\/connect2us.eu\/de\/wp-json\/wp\/v2\/pages\/3539\/revisions"}],"predecessor-version":[{"id":4360,"href":"https:\/\/connect2us.eu\/de\/wp-json\/wp\/v2\/pages\/3539\/revisions\/4360"}],"wp:attachment":[{"href":"https:\/\/connect2us.eu\/de\/wp-json\/wp\/v2\/media?parent=3539"}],"curies":[{"name":"wp","href":"https:\/\/api.w.org\/{rel}","templated":true}]}}