{"id":3543,"date":"2021-10-06T10:20:20","date_gmt":"2021-10-06T08:20:20","guid":{"rendered":"https:\/\/staging.connect2us.eu\/spenden-sie-und-reisen-sie-mit-uns-ins-land-der-empathie\/"},"modified":"2021-10-06T10:20:20","modified_gmt":"2021-10-06T08:20:20","slug":"spenden-sie-und-reisen-sie-mit-uns-ins-land-der-empathie","status":"publish","type":"page","link":"https:\/\/connect2us.eu\/de\/spenden-sie-und-reisen-sie-mit-uns-ins-land-der-empathie\/","title":{"rendered":"Spenden Sie und reisen Sie mit uns ins Land der Empathie!"},"content":{"rendered":"<p><em><img loading=\"lazy\" decoding=\"async\" class=\"aligncenter wp-image-1250\" src=\"https:\/\/connect2us.eu\/wp-content\/uploads\/2021\/03\/Bord-schuin-2-300x225.jpg\" alt=\"\" width=\"487\" height=\"365\" srcset=\"https:\/\/connect2us.eu\/wp-content\/uploads\/2021\/03\/Bord-schuin-2-300x225.jpg 300w, https:\/\/connect2us.eu\/wp-content\/uploads\/2021\/03\/Bord-schuin-2-1024x768.jpg 1024w\" sizes=\"auto, (max-width: 487px) 100vw, 487px\" \/><\/em><\/p>\n<p style=\"text-align: right;\"><em>Wir schlie\u00dfen die Kluft, weil wir wissen, dass <\/em><em>wir zuerst unsere Differenzen beiseite legen m\u00fcssen <\/em><em>, um unsere Zukunft zu sichern <\/em><em>&#8220; <\/em>Amanda Gorman 2021<\/p>\n<p>  Werden auch Sie in dieser &#8218;Woche der Vielfalt&#8216; Kindern helfen, miteinander \u00fcber Sitten und Gebr\u00e4uche zu sprechen?<br \/>\nSpenden Sie jetzt und reisen Sie mit uns ins <strong><a href=\"https:\/\/www.connect2us.eu\/doneer\">Land der Empathie<\/a>!<\/strong> Wir leben in einer Gesellschaft, in der Verst\u00e4ndnis und Respekt f\u00fcr die Kultur des anderen immer wichtiger werden.<br \/>\nGemeinsam mit einer Reihe von Grundschulkindern und ihren Lehrern hat die Connect2Us Foundation Empathy Land entwickelt.<br \/>\nEin spannendes und lehrreiches Brettspiel, das das Verst\u00e4ndnis f\u00fcreinander f\u00f6rdert.<br \/>\nBeim Spielen von Empathy Land lernen die Sch\u00fcler, respektvoll miteinander zu diskutieren und f\u00fcr ihre Meinung einzustehen.<br \/>\nWie macht es Ihre Familie?<br \/>\nWir sind es gewohnt, so und so zu spielen.<br \/>\nDie Kinder lernen, Unterschiede zu verstehen und vor allem zu akzeptieren.<br \/>\nWir m\u00fcssen nicht die Gewohnheiten des anderen \u00fcbernehmen, aber wenn wir uns gegenseitig verstehen, schaffen wir Solidarit\u00e4t und eine bessere Welt.<br \/>\nAu\u00dferdem sehen wir besser, was uns eint.           <strong><a href=\"https:\/\/www.connect2us.eu\/achtergrond\/\"><a href=\"https:\/\/www.connect2us.eu\/achtergrond\/\">Lesen Sie hier mehr.<\/a><\/a><\/strong>  Kurz gesagt: Kinder entwickeln Empathie, lernen kritisch zu denken und unbegr\u00fcndete Meinungen und damit Vorurteile besser zu erkennen.<br \/>\nDas Spiel ist zweisprachig, Niederl\u00e4ndisch und Englisch.<br \/>\nWir sind sehr stolz auf Empathy land!<br \/>\nWenn Sie auch der Meinung sind, dass dies eine gro\u00dfartige Initiative ist, helfen Sie uns bitte, so viele Kinder wie m\u00f6glich zu erreichen:     <\/p>\n<ul>\n<li><strong>Indem Sie eine Spende mit einem Betrag gem\u00e4\u00df dem Slogan<\/strong><strong>. <a href=\"https:\/\/www.connect2us.eu\/bedrag-naar-keuze\/\">Klicken Sie hier um zu spenden<\/a>.<\/strong><\/li>\n<li><strong><a href=\"https:\/\/www.connect2us.eu\/doneer-met-spel\/\">Bei einer Spende von 40 \u20ac<\/a><\/strong> erhalten Sie als Dankesch\u00f6n ein Exemplar von Empathy Land, damit Sie das Spiel mit Ihren (Enkel-)Kindern, Freunden, Nachbarn und Kollegen spielen k\u00f6nnen.<br \/>\nAuch Erwachsene spielen das Spiel gerne.   <a href=\"https:\/\/www.connect2us.eu\/doneer-met-spel\/\"><strong>Klicken Sie hier, um zu spenden.<\/strong><\/a><\/li>\n<li>Indem Sie, m\u00f6glicherweise zusammen mit Ihrem Verein oder (Service-)Club, ein oder mehrere <a href=\"https:\/\/www.connect2us.eu\/doneer-schoolpakket\/\"><strong>Schulpakete (150,- Euro) f\u00fcr eine Schule spenden <\/strong><\/a>an eine Schule.<br \/>\nDie um die Ecke, in der Gemeinde, Ihrer Kinder oder Enkelkinder oder die Schule der Vergangenheit.<br \/>\nEs werden 5 Spiele f\u00fcr eine Klasse mit bis zu 30 Kindern ben\u00f6tigt, um gemeinsam ins Empathieland zu fahren. <strong><a href=\"https:\/\/www.connect2us.eu\/doneer-schoolpakket\/\">Klicken Sie hier, um zu spenden<\/a>.<\/strong>  <\/li>\n<li>Und indem Sie <strong>diesen Beitrag<\/strong> mit anderen <strong>teilen<\/strong>.<\/li>\n<\/ul>\n<p>  Der Z\u00e4hler f\u00fcr dieses Projekt steht bei fast 10.500 Euro.<br \/>\nDas Geld wird verwendet, um die Spiele in Produktion zu bringen und die Kinder zu erreichen.<br \/>\nUm mit einer gro\u00dfen Gruppe von Schulen einen guten Start hinzulegen, streben wir 50.000 Euro an.<br \/>\nJede Hilfe ist daher willkommen.<br \/>\nIhre Spende ist steuerlich absetzbar, Stichting Connect2Us ist eine ANBI-Institution und <a href=\"https:\/\/www.cbf.nl\/organisatie\/connect2us\">von der CBF zertifiziert<\/a>.<br \/>\nWenn Sie auf <a href=\"https:\/\/www.connect2us.eu\/reis-mee\">diesen Link<\/a> klicken, finden Sie weitere Hintergrundinformationen und hier einen Link zur <a href=\"https:\/\/www.connect2us.eu\/doneer\">Spendenseite<\/a>.<br \/>\nUm \u00fcber die Entwicklungen auf dem Laufenden zu bleiben, folgen Sie uns auf unserer <a href=\"https:\/\/m.facebook.com\/Connect2Us.eu\/\">Facebook-Seite<\/a> oder unserer <a href=\"https:\/\/www.instagram.com\/connect2us.eu\/\">Instagram-Seite. <\/a> Danke, dass Sie diesen Beitrag gelesen (und geteilt) haben.<br \/>\nVielen Dank, auch im Namen der Kinder und Freiwilligen, die Empathy Land m\u00f6glich machen, Jan Vincent Meertens Pr\u00e4sident         <strong> <\/strong><\/p>\n","protected":false},"excerpt":{"rendered":"<p>Wir schlie\u00dfen die Kluft, weil wir wissen, dass wir zuerst unsere Differenzen beiseite legen m\u00fcssen , um unsere Zukunft zu sichern &#8220; Amanda Gorman 2021 Werden auch Sie in dieser &#8218;Woche der Vielfalt&#8216; Kindern helfen, miteinander \u00fcber Sitten und Gebr\u00e4uche zu sprechen? Spenden Sie jetzt und reisen Sie mit uns ins Land der Empathie! Wir [&hellip;]<\/p>\n","protected":false},"author":3,"featured_media":0,"parent":0,"menu_order":0,"comment_status":"closed","ping_status":"closed","template":"","meta":{"_vp_format_video_url":"","_vp_image_focal_point":[],"footnotes":""},"class_list":["post-3543","page","type-page","status-publish","hentry"],"blocksy_meta":[],"_links":{"self":[{"href":"https:\/\/connect2us.eu\/de\/wp-json\/wp\/v2\/pages\/3543","targetHints":{"allow":["GET"]}}],"collection":[{"href":"https:\/\/connect2us.eu\/de\/wp-json\/wp\/v2\/pages"}],"about":[{"href":"https:\/\/connect2us.eu\/de\/wp-json\/wp\/v2\/types\/page"}],"author":[{"embeddable":true,"href":"https:\/\/connect2us.eu\/de\/wp-json\/wp\/v2\/users\/3"}],"replies":[{"embeddable":true,"href":"https:\/\/connect2us.eu\/de\/wp-json\/wp\/v2\/comments?post=3543"}],"version-history":[{"count":0,"href":"https:\/\/connect2us.eu\/de\/wp-json\/wp\/v2\/pages\/3543\/revisions"}],"wp:attachment":[{"href":"https:\/\/connect2us.eu\/de\/wp-json\/wp\/v2\/media?parent=3543"}],"curies":[{"name":"wp","href":"https:\/\/api.w.org\/{rel}","templated":true}]}}