{"id":3556,"date":"2021-02-08T20:35:09","date_gmt":"2021-02-08T18:35:09","guid":{"rendered":"https:\/\/staging.connect2us.eu\/land-der-empathie\/"},"modified":"2025-08-02T10:46:43","modified_gmt":"2025-08-02T08:46:43","slug":"land-der-empathie","status":"publish","type":"page","link":"https:\/\/connect2us.eu\/de\/land-der-empathie\/","title":{"rendered":"Land der Empathie"},"content":{"rendered":"\n<h5 class=\"wp-block-heading\" id=\"h-ondersteuning-bij-taal-en-burgerschapsvaardigheden-in-het-onderwijs-nt2-taaltrainingen-en-andere-interculturele-activiteiten\">F\u00f6rderung von Sprach- und Staatsb\u00fcrgerschaftskenntnissen im Bildungswesen, NT2-Sprachtraining und andere interkulturelle Aktivit\u00e4ten<\/h5>\n\n<figure class=\"wp-block-image size-medium\"><img loading=\"lazy\" decoding=\"async\" width=\"300\" height=\"225\" src=\"https:\/\/connect2us.eu\/wp-content\/uploads\/2021\/03\/Bord-schuin-2-300x225.jpg\" alt=\"\" class=\"wp-image-1250\" srcset=\"https:\/\/connect2us.eu\/wp-content\/uploads\/2021\/03\/Bord-schuin-2-300x225.jpg 300w, https:\/\/connect2us.eu\/wp-content\/uploads\/2021\/03\/Bord-schuin-2-1024x768.jpg 1024w\" sizes=\"auto, (max-width: 300px) 100vw, 300px\" \/><\/figure>\n\n<p>Wir teilen mehr Worte miteinander als je zuvor. Aber wie viele Menschen h\u00f6ren einander wirklich zu, verstehen einander? Wir sind nicht nur durch die Technologie abgelenkt, sondern sehen auch \u00fcberall F\u00fchrungskr\u00e4fte, die alles tun, au\u00dfer einander<em>&#8218;zuzuh\u00f6ren&#8216;.<\/em> Effektives Zuh\u00f6ren beeinflusst die Art und Weise, wie wir den anderen<em>&#8217;sehen&#8216;.<\/em> Indem wir Geschichten erz\u00e4hlen und Kinder spielerisch \u00fcber Themen sprechen lassen, die sie sonst nicht so leicht ansprechen w\u00fcrden, lernen wir, einander besser zuzuh\u00f6ren und zu entdecken, was uns verbindet, von Mensch zu Mensch. Und wir haben mehr bedeutungsvolle Begegnungen. Wir entwickeln kulturelles Kapital f\u00fcr uns selbst, wir bringen Kulturen zusammen und haben ein besseres Verst\u00e4ndnis f\u00fcr die Vielfalt in der globalen Gemeinschaft.     <\/p>\n\n<p>&#8218;A Journey to Empathy Land&#8216; ist ein Spiel, das Connect2Us zusammen mit Psychologiestudenten der Universit\u00e4t Tilburg entwickelt hat. Das Spiel wurde bereits an mehreren Schulen und in Sprachcaf\u00e9s eingesetzt. <\/p>\n\n<p>Das Ziel von Empathy Land ist es, staatsb\u00fcrgerliche F\u00e4higkeiten und insbesondere interkulturelle F\u00e4higkeiten zu entwickeln: durch Bewusstsein, Verst\u00e4ndnis und Akzeptanz. Kinder entwickeln Verst\u00e4ndnis f\u00fcreinander, lernen kritisch zu denken und wappnen sich so gegen unbegr\u00fcndete Meinungen auf und in (sozialen) Medien. Durch die Spiele lernen die Sch\u00fcler, respektvoll zu diskutieren und f\u00fcr ihre Meinung einzustehen. Auf diese Weise investiert die Schule in sozial-emotionale und staatsb\u00fcrgerliche F\u00e4higkeiten und wertvolle Begegnungen; sie erh\u00f6ht auch die soziale Sicherheit im Klassenzimmer und in der Schule.   <\/p>\n\n<p>&#8218;Empathy Land&#8216; ist ein Brettspiel, das speziell entwickelt wurde, um den Spielern die Soft Skills zu vermitteln, die f\u00fcr eine erfolgreiche interkulturelle Interaktion erforderlich sind. Durch das Spielprinzip f\u00f6rdern wir die intrinsische Motivation der Studenten, das Spiel gewinnen zu wollen, indem wir von ihnen verlangen, sich wirklich in die anderen Teilnehmer, ihre Familien und Br\u00e4uche und gleichzeitig in ihre eigenen einzuf\u00fchlen. <\/p>\n\n<h3 class=\"wp-block-heading\" id=\"h-expertise-connect2us\">Kompetenz Connect2us<\/h3>\n\n<p>Seit ihrer Gr\u00fcndung im Jahr 2016 ist die Stiftung auf eine Gruppe von Experten f\u00fcr interkulturelle Kommunikation, Psychologen und P\u00e4dagogen angewachsen; ein Team von mehr als 25 Freiwilligen. Neben der multikulturellen Zusammensetzung des Teams und der Lebenserfahrung der Beteiligten verf\u00fcgt die Stiftung \u00fcber ein hochwertiges Fachwissen \u00fcber Kultur. Die Gr\u00fcnder und eine Reihe von Freiwilligen sind mit dem renommierten niederl\u00e4ndischen Wissenschaftler Geert Hofstede verbunden, der die Geschichten auf unserer Plattform und unsere Herangehensweise an sie validiert hat. Geert Hofstede hat weltweit anerkannte Forschungen zu den Unterschieden zwischen nationalen Kulturen in der Art und Weise durchgef\u00fchrt, wie Individuen und Organisationen sich gegenseitig und &#8218;andere&#8216; sehen. Seine Forschung ist zweifellos von unsch\u00e4tzbarem Wert. Erstens wegen der \u00fcberw\u00e4ltigenden Menge an Daten, die so ziemlich die ganze Welt abdecken, und zweitens, weil die Dimensionen seiner Forschung einen relevanten Vergleich zwischen nationalen Kulturen erm\u00f6glichen. Bei Connect2Us \u00fcbertragen wir diese Unterschiede in den Alltag. Wenn man diese Unterschiede versteht und akzeptiert, wird einem bewusst, was wir alle gemeinsam haben. Die Stiftung m\u00f6chte dieses Wissen f\u00fcr die Bildung und die Gesellschaft im Allgemeinen erschlie\u00dfen. Wir streben eine vielf\u00e4ltige Gesellschaft an, in der Freiheit und Toleranz im Mittelpunkt stehen und Vorurteile \u00fcber die Herkunft abgebaut werden, sowie einen gr\u00f6\u00dferen Zusammenhalt in der Gesellschaft.<\/p>\n\n<h3 class=\"wp-block-heading\" id=\"h-zonder-winstoogmerk\">Nicht gewinnorientiert<\/h3>\n\n<p>Die Stiftung verf\u00fcgt \u00fcber einen erfahrenen Vorstand und arbeitet nach dem Verhaltenskodex der niederl\u00e4ndischen Wohlfahrtsverb\u00e4nde. Im M\u00e4rz 2017 erhielt die Stiftung den ANBI-Status. Im Jahr 2018 wurde Connect2Us von der CBF anerkannt, die anerkannte Wohlt\u00e4tigkeitsorganisationen beaufsichtigt. Seit 2024 h\u00e4lt die Stiftung die CBF-Standards ein, \u00fcbernimmt aber nicht die Kosten f\u00fcr die Zertifizierung&#8230;.   <\/p>\n\n<h3 class=\"wp-block-heading\" id=\"h-op-school\">In der Schule<\/h3>\n\n<p><em>&#8222;Kinder wachsen in einer pluralistischen Gesellschaft auf und lernen, Unterschiede zu verstehen und vor allem zu akzeptieren. Wir m\u00fcssen nicht die Br\u00e4uche der anderen \u00fcbernehmen, aber das Verst\u00e4ndnis f\u00fcreinander schafft ein Miteinander und eine bessere Welt. Die Kinder gewinnen Wissen und Einsicht in bestimmte Werte und Normen von sich selbst und anderen und wissen, wie sie sich dementsprechend verhalten k\u00f6nnen. So sehen sie besser, was sie miteinander verbindet. Vom Staunen zur Verbindung.&#8220;<\/em><\/p>\n\n<p>Empathy Land ist ein spannendes und lehrreiches Brettspiel, das unter anderem zur staatsb\u00fcrgerlichen Kompetenz im Grundschulunterricht beitr\u00e4gt. Es ist ein Werkzeug, das regelm\u00e4\u00dfig und jederzeit f\u00fcr den Staatsb\u00fcrgerschaftsunterricht und insbesondere f\u00fcr das Kernziel 37 &#8211; Orientierung an sich selbst und der Welt &#8211; Mensch und Gesellschaft &#8211; verwendet werden kann. Es lehrt die Sch\u00fcler, sich in der nahen und fernen Welt, damals und heute zu orientieren. Das Spiel ist f\u00fcr Sch\u00fcler der Klassen 5 bis 8 geeignet. Vor allem aber erm\u00f6glicht das Spiel, offen und spielerisch miteinander \u00fcber das zu sprechen, was uns beide einzigartig macht und uns verbindet. Es lehrt die Sch\u00fcler, wie viel wir uns gegenseitig von der kulturellen Vielfalt zu bieten haben.     <\/p>\n\n<p>Die Kinder f\u00fchren lebhafte Diskussionen \u00fcber ihre h\u00e4uslichen Situationen. Die Lehrer h\u00f6ren spontane Unterhaltungen, die sie sich ohne das Spiel nicht h\u00e4tten vorstellen k\u00f6nnen. Diese R\u00fcckmeldung erhielten wir von einer Schule in Drachten, nachdem sie Empathy Land gespielt hatte:  <\/p>\n\n<p><em>&#8222;In einer Gruppe mit vielen Nicht-Muttersprachlern hat es den Sch\u00fclern wirklich Spa\u00df gemacht, miteinander \u00fcber die Gemeinsamkeiten zu diskutieren. Es gab viel Erstaunen \u00fcber einige der Unterschiede und die Sch\u00fcler stellten sich gegenseitig Fragen.&#8220;<\/em><\/p>\n\n<p>Die Spiele sind sofort einsatzbereit und k\u00f6nnen vom Lehrer leicht angeleitet werden. Eine Anleitung f\u00fcr Lehrer finden Sie \u00fcber einen QR-Code auf der Schachtel. <\/p>\n\n<p>Es werden Workshops f\u00fcr Lehrer angeboten, um deren interkulturelle Kenntnisse und F\u00e4higkeiten zu verbessern. Das Spiel ist zweisprachig, Niederl\u00e4ndisch und Englisch. <\/p>\n\n<p>Der Ausgangspunkt ist, dass die Schulen eine Zuzahlung f\u00fcr Empathy Land leisten werden. Da f\u00fcr eine Klasse 5 Spiele ben\u00f6tigt werden, k\u00f6nnen die Schulen ihren eigenen Beitrag f\u00fcr Empathy Land mit 115 \u20ac veranschlagen. Wir hoffen, dass wir den Vorlauf durch Vorbestellungen, Zusch\u00fcsse und Spenden finanzieren k\u00f6nnen.  <\/p>\n\n<h3 class=\"wp-block-heading\" id=\"h-taaltrainingen-en-taalcafe-s\">Sprachkurse und Sprachcaf\u00e9s<\/h3>\n\n<p>Das Spiel eignet sich ideal f\u00fcr das Sprachtraining von Neueinsteigern. Beim Spielen lernen die Teilnehmer mehr niederl\u00e4ndische W\u00f6rter und erhalten gleichzeitig Einblicke in die niederl\u00e4ndische Kultur. Sie k\u00f6nnen den anderen Teilnehmern dann auch ihre eigenen Br\u00e4uche und Gewohnheiten erz\u00e4hlen. Am Ende landen alle Spieler im Land der Empathie!   <\/p>\n\n<p>Das Spiel ist zweisprachig (Niederl\u00e4ndisch und Englisch) und bietet Workshops f\u00fcr Lehrer an, um deren interkulturelle Kenntnisse und F\u00e4higkeiten zu verbessern.<\/p>\n\n<h3 class=\"wp-block-heading\" id=\"h-doneer\">Spenden Sie!<\/h3>\n\n<p>Wir sind sehr stolz auf Empathy Land! Wenn Sie auch der Meinung sind, dass dies eine gro\u00dfartige Initiative ist, helfen Sie uns bitte, so viele Menschen wie m\u00f6glich zu erreichen. <\/p>\n\n<ul class=\"wp-block-list\">\n<li><a href=\"https:\/\/connect2us.eu\/de\/mit-spiel-spenden\/\">Indem Sie eine Spende machen<\/a>. F\u00fcr 40 \u20ac erhalten Sie als Dankesch\u00f6n ein Exemplar von Empathy Land, damit Sie das Spiel mit Ihren (Enkel-)Kindern, Freunden, Nachbarn und Kollegen spielen k\u00f6nnen. Auch Erwachsene spielen das Spiel gerne. Ein zweites Spiel wird an eine Schule gespendet.   <\/li>\n\n\n\n<li>Indem Sie, m\u00f6glicherweise zusammen mit Ihrem Verein oder (Service-)Club, ein oder mehrere <a href=\"https:\/\/connect2us.eu\/de\/schulpaket-spenden\/\">Schulpakete (\u20ac150,-) <\/a>f\u00fcr eine oder mehrere Schulen spenden. Die um die Ecke, in der Gemeinde, Ihrer Kinder oder Enkelkinder oder die Schule von fr\u00fcher. Es werden 5 Spiele f\u00fcr eine Klasse von bis zu 30 Kindern ben\u00f6tigt, die gemeinsam die Reise ins Empathieland antreten.  <\/li>\n\n\n\n<li>Schulen k\u00f6nnen ihr Paket <a href=\"https:\/\/connect2us.eu\/de\/schulrucksack\/\">\u00fcber diesen Link beantragen<\/a>.<\/li>\n<\/ul>\n\n<figure class=\"wp-block-image size-full\"><img loading=\"lazy\" decoding=\"async\" width=\"768\" height=\"537\" src=\"https:\/\/connect2us.eu\/wp-content\/uploads\/2024\/11\/GraphicPresentation-kopie.jpg\" alt=\"\" class=\"wp-image-4133\" srcset=\"https:\/\/connect2us.eu\/wp-content\/uploads\/2024\/11\/GraphicPresentation-kopie.jpg 768w, https:\/\/connect2us.eu\/wp-content\/uploads\/2024\/11\/GraphicPresentation-kopie-300x210.jpg 300w, https:\/\/connect2us.eu\/wp-content\/uploads\/2024\/11\/GraphicPresentation-kopie-500x350.jpg 500w\" sizes=\"auto, (max-width: 768px) 100vw, 768px\" \/><\/figure>\n\n<figure class=\"wp-block-image aligncenter\"><img loading=\"lazy\" decoding=\"async\" width=\"300\" height=\"157\" src=\"https:\/\/www.connect2us.eu\/wp-content\/uploads\/2020\/11\/geef-gerust-logo.png\" alt=\"\" class=\"wp-image-922\"\/><\/figure>\n\n<p><\/p>\n","protected":false},"excerpt":{"rendered":"<p>F\u00f6rderung von Sprach- und Staatsb\u00fcrgerschaftskenntnissen im Bildungswesen, NT2-Sprachtraining und andere interkulturelle Aktivit\u00e4ten Wir teilen mehr Worte miteinander als je zuvor. Aber wie viele Menschen h\u00f6ren einander wirklich zu, verstehen einander? Wir sind nicht nur durch die Technologie abgelenkt, sondern sehen auch \u00fcberall F\u00fchrungskr\u00e4fte, die alles tun, au\u00dfer einander&#8218;zuzuh\u00f6ren&#8216;. Effektives Zuh\u00f6ren beeinflusst die Art und Weise, [&hellip;]<\/p>\n","protected":false},"author":3,"featured_media":0,"parent":0,"menu_order":0,"comment_status":"closed","ping_status":"closed","template":"","meta":{"_vp_format_video_url":"","_vp_image_focal_point":[],"footnotes":""},"class_list":["post-3556","page","type-page","status-publish","hentry"],"blocksy_meta":[],"_links":{"self":[{"href":"https:\/\/connect2us.eu\/de\/wp-json\/wp\/v2\/pages\/3556","targetHints":{"allow":["GET"]}}],"collection":[{"href":"https:\/\/connect2us.eu\/de\/wp-json\/wp\/v2\/pages"}],"about":[{"href":"https:\/\/connect2us.eu\/de\/wp-json\/wp\/v2\/types\/page"}],"author":[{"embeddable":true,"href":"https:\/\/connect2us.eu\/de\/wp-json\/wp\/v2\/users\/3"}],"replies":[{"embeddable":true,"href":"https:\/\/connect2us.eu\/de\/wp-json\/wp\/v2\/comments?post=3556"}],"version-history":[{"count":4,"href":"https:\/\/connect2us.eu\/de\/wp-json\/wp\/v2\/pages\/3556\/revisions"}],"predecessor-version":[{"id":4691,"href":"https:\/\/connect2us.eu\/de\/wp-json\/wp\/v2\/pages\/3556\/revisions\/4691"}],"wp:attachment":[{"href":"https:\/\/connect2us.eu\/de\/wp-json\/wp\/v2\/media?parent=3556"}],"curies":[{"name":"wp","href":"https:\/\/api.w.org\/{rel}","templated":true}]}}