{"id":3601,"date":"2021-03-22T16:04:15","date_gmt":"2021-03-22T14:04:15","guid":{"rendered":"https:\/\/staging.connect2us.eu\/jahresbericht-2023\/"},"modified":"2026-05-07T11:47:06","modified_gmt":"2026-05-07T09:47:06","slug":"jahresbericht-2023","status":"publish","type":"page","link":"https:\/\/connect2us.eu\/de\/jahresbericht-2023\/","title":{"rendered":"Jahresbericht 2025"},"content":{"rendered":"\n<p>Kultur ist \u00fcberall, auf der Stra\u00dfe, am Arbeitsplatz und hinter unseren Haust\u00fcren. Sie beeinflusst unsere Kleidung, Kunst, Musik, Essen und sogar unseren Umgang miteinander. Symbole, Helden und Rituale geben uns Hinweise darauf, wie Menschen in einer Gesellschaft funktionieren. Der Schweizer Psychologe Carl Jung sagte: &#8222;Alles, was uns an einem anderen Menschen irritiert, kann uns helfen, uns selbst besser zu verstehen.&#8220; Wie sieht uns ein Au\u00dfenstehender? Wer sind wir im Wesentlichen? Unser geistiges Erbe bestimmt, wie wir Worte, S\u00e4tze und Geschichten interpretieren. Wir sehen durch unsere eigene kulturelle Brille.       <\/p>\n\n<p>Kulturelle Unterschiede machen sich erst dann wirklich bemerkbar, wenn sie aufeinanderprallen, wenn sie diametral entgegengesetzt sind. Das kann zu Unbehagen, Missverst\u00e4ndnissen und sogar zur Polarisierung f\u00fchren. Nicht, weil die Menschen unwillig sind, sondern weil mehr und mehr Spaltungen entstehen. Deshalb ist es das Ziel der Connect2Us Foundation, allen Menschen, insbesondere Kindern, dabei zu helfen, sich aufeinander einzulassen und Vorurteile zu vermeiden.   <\/p>\n\n<p>Connect2Us hat das Projekt Empathy Land abgeschlossen und konzentriert sich nun auf die Pflege der Plattform und die Ver\u00f6ffentlichung von Geschichten, die den Dialog \u00fcber interkulturelle Kommunikation anregen. Der Vorsitzende Jan Vincent Meertens und die Freiwillige Divya Susan Varkey schreiben ein Buch, das auf den ebenfalls bei Connect2Us verwendeten Geschichten basiert. Die \u00d6ffentlichkeitsarbeit rund um dieses Buch k\u00f6nnte sich positiv auf den Ruf der Stiftung auswirken.  <\/p>\n\n<p>Im Jahr 2025 wurde ein wichtiger Schritt f\u00fcr die finanzielle Gesundheit der Stiftung getan: Das nachrangige Darlehen in H\u00f6he von 7.000 \u20ac wurde in eine Spende in H\u00f6he von 6.000 \u20ac umgewandelt. Der verbleibende Betrag von 1.500 \u20ac bleibt als nachrangiges Darlehen bestehen. Dadurch wird die Eigenkapitalposition strukturell gest\u00e4rkt.  <\/p>\n\n<p><strong>Im Namen des Vorstandes,<\/strong><\/p>\n\n<p><strong>Jan Vincent Meertens<\/strong><\/p>\n\n<p>Pr\u00e4sident<\/p>\n\n<p>Amsterdam, Mai 2026Im Namen des Vorstands, Jan Vincent Meertens<\/p>\n\n<p>Pr\u00e4sident<\/p>\n\n<p>Mai 2026<\/p>\n\n<p><a href=\"https:\/\/connect2us.eu\/wp-content\/uploads\/2026\/05\/Jaarverslag_C2US_2025.pdf\">Lesen Sie den Jahresbericht 2025 hier<\/a><\/p>\n\n<p><a href=\"https:\/\/connect2us.eu\/wp-content\/uploads\/2026\/05\/ANBI_C2US_2025_definitief_1.pdf\">ANBI-Formular zur Pflichtver\u00f6ffentlichung<\/a> <\/p>\n\n<p><\/p>\n","protected":false},"excerpt":{"rendered":"<p>Kultur ist \u00fcberall, auf der Stra\u00dfe, am Arbeitsplatz und hinter unseren Haust\u00fcren. Sie beeinflusst unsere Kleidung, Kunst, Musik, Essen und sogar unseren Umgang miteinander. Symbole, Helden und Rituale geben uns Hinweise darauf, wie Menschen in einer Gesellschaft funktionieren. Der Schweizer Psychologe Carl Jung sagte: &#8222;Alles, was uns an einem anderen Menschen irritiert, kann uns helfen, [&hellip;]<\/p>\n","protected":false},"author":3,"featured_media":0,"parent":0,"menu_order":0,"comment_status":"closed","ping_status":"closed","template":"","meta":{"_vp_format_video_url":"","_vp_image_focal_point":[],"footnotes":""},"class_list":["post-3601","page","type-page","status-publish","hentry"],"blocksy_meta":[],"_links":{"self":[{"href":"https:\/\/connect2us.eu\/de\/wp-json\/wp\/v2\/pages\/3601","targetHints":{"allow":["GET"]}}],"collection":[{"href":"https:\/\/connect2us.eu\/de\/wp-json\/wp\/v2\/pages"}],"about":[{"href":"https:\/\/connect2us.eu\/de\/wp-json\/wp\/v2\/types\/page"}],"author":[{"embeddable":true,"href":"https:\/\/connect2us.eu\/de\/wp-json\/wp\/v2\/users\/3"}],"replies":[{"embeddable":true,"href":"https:\/\/connect2us.eu\/de\/wp-json\/wp\/v2\/comments?post=3601"}],"version-history":[{"count":6,"href":"https:\/\/connect2us.eu\/de\/wp-json\/wp\/v2\/pages\/3601\/revisions"}],"predecessor-version":[{"id":5007,"href":"https:\/\/connect2us.eu\/de\/wp-json\/wp\/v2\/pages\/3601\/revisions\/5007"}],"wp:attachment":[{"href":"https:\/\/connect2us.eu\/de\/wp-json\/wp\/v2\/media?parent=3601"}],"curies":[{"name":"wp","href":"https:\/\/api.w.org\/{rel}","templated":true}]}}