{"id":3617,"date":"2021-02-08T20:38:49","date_gmt":"2021-02-08T18:38:49","guid":{"rendered":"https:\/\/staging.connect2us.eu\/unser-team\/"},"modified":"2025-02-06T11:39:56","modified_gmt":"2025-02-06T09:39:56","slug":"unser-team","status":"publish","type":"page","link":"https:\/\/connect2us.eu\/de\/unser-team\/","title":{"rendered":"Unser Team"},"content":{"rendered":"\n<p>Auf dieser Seite k\u00f6nnen Sie mehr \u00fcber unser Team bei der Connect2Us Foundation erfahren.<\/p>\n\n<h2 class=\"wp-block-heading\" id=\"h-bestuur\">Vorstand<\/h2>\n\n<p>Die Stiftung Connect2Us wurde im Dezember 2016 von Alette Vonk, Jan Vincent Meertens, Brigitte Opel und Tom Fadhronc gegr\u00fcndet.\nJan Vincent Meertens ist seither Vorsitzender und Gesch\u00e4ftsf\u00fchrer. <\/p>\n\n<figure class=\"wp-block-image size-large\"><img loading=\"lazy\" decoding=\"async\" width=\"1024\" height=\"768\" src=\"https:\/\/connect2us.eu\/wp-content\/uploads\/2023\/03\/IMG_6142-1024x768.jpg\" alt=\"\" class=\"wp-image-2083\" srcset=\"https:\/\/connect2us.eu\/wp-content\/uploads\/2023\/03\/IMG_6142-1024x768.jpg 1024w, https:\/\/connect2us.eu\/wp-content\/uploads\/2023\/03\/IMG_6142-300x225.jpg 300w, https:\/\/connect2us.eu\/wp-content\/uploads\/2023\/03\/IMG_6142-768x576.jpg 768w, https:\/\/connect2us.eu\/wp-content\/uploads\/2023\/03\/IMG_6142-1536x1152.jpg 1536w, https:\/\/connect2us.eu\/wp-content\/uploads\/2023\/03\/IMG_6142-2048x1536.jpg 2048w\" sizes=\"auto, (max-width: 1024px) 100vw, 1024px\" \/><\/figure>\n\n<p><\/p>\n\n<h4 class=\"wp-block-heading\" id=\"h-jan-vincent-meertens\"><strong>Jan Vincent Meertens<\/strong><\/h4>\n\n<p>Pr\u00e4sident;<strong> <\/strong>Autorin, interkulturelle Trainerin bei Quetzal B.V., Lizenznehmerin von Hofstede Insights; Aufsichtsrat Piano Duo Festival; Firefighters Without Borders Foundation; Herausgeberin des Democrat D66. Erfahrung haupts\u00e4chlich in Nordamerika, Lateinamerika, Europa und Asien. <\/p>\n\n<h4 class=\"wp-block-heading\" id=\"h-adrienn-ujfalusi-links\">Adrienn Ujfalusi (links)<\/h4>\n\n<p>Schatzmeister; Gr\u00fcnder und CEO von Wingzzz (Hauptposition); Gr\u00fcnder der Accention Foundation; Ungar, Erfahrung haupts\u00e4chlich in Mitteleuropa.<\/p>\n\n<h4 class=\"wp-block-heading\" id=\"h-annette-de-vreede-rechts\">Annette de Vreede (rechts)<\/h4>\n\n<p>Sekret\u00e4rin; Teamleiterin Refugee Council Netherlands; ehemalige Gr\u00fcnderin und Gesch\u00e4ftsf\u00fchrerin von Relocation Care. Erfahrung in der Arbeit mit Fl\u00fcchtlingen und Expatriates weltweit. <\/p>\n\n<p>Die Vorstandsmitglieder erhalten keine Verg\u00fctung f\u00fcr ihre Vorstandsarbeit in der Stiftung.<\/p>\n\n<p>Externe Links: <a href=\"https:\/\/www.linkedin.com\/in\/janvincentmeertens\">Jan Vincent Meertens<\/a>; <a href=\"https:\/\/www.linkedin.com\/in\/adrienn-ujfalusi-a7011032\">Adrienne Ijfalusi;<\/a> <a href=\"https:\/\/www.linkedin.com\/in\/annette-de-vreede-837a20a\">Annette de Vreede<\/a><\/p>\n\n<h2 class=\"wp-block-heading\" id=\"h-vrijwilligers-en-hun-expertise\">Freiwillige Helfer und ihr Fachwissen<\/h2>\n\n<ul class=\"wp-block-list\">\n<li><strong>Divya Susan &#8211; Interkulturelle<\/strong>Kommunikation, Expat, Indien und Asien<\/li>\n\n\n\n<li><strong>Brigitte Opel<\/strong> &#8211; ehemalige Schatzmeisterin, interkulturelle Kommunikation, Expat, Mitteleuropa<b> <\/b><\/li>\n\n\n\n<li><strong>Lena Heberger &#8211; <\/strong>Klinische Psychologin- Deutschland<\/li>\n\n\n\n<li><strong>Yirre Kroom- <\/strong>Auszubildender bei Samsung- Niederlande, Surinam<\/li>\n\n\n\n<li><strong>Irina Daoudi &#8211; <\/strong>Kommunikation &#8211; Niederlande, Marokko<\/li>\n\n\n\n<li><strong>Francesca Iaboni &#8211; <\/strong>Interkulturelle Kommunikation- Italien<\/li>\n\n\n\n<li><strong>Anouk Lepretre &#8211; <\/strong>Unternehmerin, Frankreich, Naher Osten, Nordamerika<\/li>\n\n\n\n<li><strong>Alette Vonk- <\/strong>Afrika Bildung, Entwicklungszusammenarbeit<strong>                             <\/strong><\/li>\n\n\n\n<li><strong>Saskia Maarse- <\/strong>Rednerin, Expertin f\u00fcr interkulturelle Kommunikation<\/li>\n\n\n\n<li><strong>Tom Fadronch- <\/strong>Trainer, Sport, Nordamerika<\/li>\n\n\n\n<li><strong>Tatjana von Bonkewitz (Luxemburg)- <\/strong>Dozentin f\u00fcr interkulturelles Management.\nKoordinatorin Luxemburg <\/li>\n\n\n\n<li><strong>Nathalie Meertens- <\/strong>Schriftstellerin, Kommunikation, Inklusion.<\/li>\n<\/ul>\n\n<h2 class=\"wp-block-heading\" id=\"h-code-diversiteit-en-inclusiviteit\">Kodex f\u00fcr Vielfalt und Inklusion<\/h2>\n\n<p>Connect2Us h\u00e4lt sich, wo immer m\u00f6glich, an den Diversity and Inclusion Code (CDI).\nDie 4 P&#8217;s &#8211; Personal, \u00d6ffentlichkeit, Programm und Partner &#8211; werden beim Aufbau der Organisation genau \u00fcberwacht. <\/p>\n\n<p>Hier finden Sie unsere Erkl\u00e4rung <a href=\"https:\/\/connect2us.eu\/de\/vorurteile-diskriminierung-rassismus\/\">Voreingenommenheit, Diskriminierung, Rassismus<\/a>.<\/p>\n\n<p>Um die breite \u00d6ffentlichkeit zu informieren, arbeitet Connect2Us mit dem 6D-Modell von Geert Hofstede. Auf diesem Bild sehen Sie den Vorsitzenden Jan Vincent Meertens mit Professor Geert Hofstede. <\/p>\n\n<figure class=\"wp-block-image size-full\"><img loading=\"lazy\" decoding=\"async\" width=\"1024\" height=\"768\" src=\"https:\/\/connect2us.eu\/wp-content\/uploads\/2024\/11\/IMG_3917.jpg\" alt=\"\" class=\"wp-image-4088\" srcset=\"https:\/\/connect2us.eu\/wp-content\/uploads\/2024\/11\/IMG_3917.jpg 1024w, https:\/\/connect2us.eu\/wp-content\/uploads\/2024\/11\/IMG_3917-300x225.jpg 300w, https:\/\/connect2us.eu\/wp-content\/uploads\/2024\/11\/IMG_3917-768x576.jpg 768w, https:\/\/connect2us.eu\/wp-content\/uploads\/2024\/11\/IMG_3917-500x375.jpg 500w, https:\/\/connect2us.eu\/wp-content\/uploads\/2024\/11\/IMG_3917-800x600.jpg 800w\" sizes=\"auto, (max-width: 1024px) 100vw, 1024px\" \/><\/figure>\n\n<h2 class=\"wp-block-heading\" id=\"h-overige-informatie\">Andere Informationen<\/h2>\n\n<p><br\/>Den <a href=\"https:\/\/connect2us.eu\/de\/jahresbericht-2023\/\">Jahresbericht<\/a> finden Sie hier <a href=\"https:\/\/connect2us.eu\/de\/jahresbericht-2023\/\">.<\/a> Den <a href=\"https:\/\/connect2us.eu\/de\/operativer-plan\/\">operativen Plan<\/a> finden Sie hier.<\/p>\n","protected":false},"excerpt":{"rendered":"<p>Auf dieser Seite k\u00f6nnen Sie mehr \u00fcber unser Team bei der Connect2Us Foundation erfahren. Vorstand Die Stiftung Connect2Us wurde im Dezember 2016 von Alette Vonk, Jan Vincent Meertens, Brigitte Opel und Tom Fadhronc gegr\u00fcndet. Jan Vincent Meertens ist seither Vorsitzender und Gesch\u00e4ftsf\u00fchrer. Jan Vincent Meertens Pr\u00e4sident; Autorin, interkulturelle Trainerin bei Quetzal B.V., Lizenznehmerin von Hofstede [&hellip;]<\/p>\n","protected":false},"author":3,"featured_media":0,"parent":0,"menu_order":0,"comment_status":"closed","ping_status":"closed","template":"","meta":{"_vp_format_video_url":"","_vp_image_focal_point":[],"footnotes":""},"class_list":["post-3617","page","type-page","status-publish","hentry"],"blocksy_meta":[],"_links":{"self":[{"href":"https:\/\/connect2us.eu\/de\/wp-json\/wp\/v2\/pages\/3617","targetHints":{"allow":["GET"]}}],"collection":[{"href":"https:\/\/connect2us.eu\/de\/wp-json\/wp\/v2\/pages"}],"about":[{"href":"https:\/\/connect2us.eu\/de\/wp-json\/wp\/v2\/types\/page"}],"author":[{"embeddable":true,"href":"https:\/\/connect2us.eu\/de\/wp-json\/wp\/v2\/users\/3"}],"replies":[{"embeddable":true,"href":"https:\/\/connect2us.eu\/de\/wp-json\/wp\/v2\/comments?post=3617"}],"version-history":[{"count":6,"href":"https:\/\/connect2us.eu\/de\/wp-json\/wp\/v2\/pages\/3617\/revisions"}],"predecessor-version":[{"id":4357,"href":"https:\/\/connect2us.eu\/de\/wp-json\/wp\/v2\/pages\/3617\/revisions\/4357"}],"wp:attachment":[{"href":"https:\/\/connect2us.eu\/de\/wp-json\/wp\/v2\/media?parent=3617"}],"curies":[{"name":"wp","href":"https:\/\/api.w.org\/{rel}","templated":true}]}}