{"id":3630,"date":"2021-02-19T12:41:51","date_gmt":"2021-02-19T10:41:51","guid":{"rendered":"https:\/\/staging.connect2us.eu\/ueber-das-projekt\/"},"modified":"2025-08-02T10:46:08","modified_gmt":"2025-08-02T08:46:08","slug":"ueber-das-projekt","status":"publish","type":"page","link":"https:\/\/connect2us.eu\/de\/ueber-das-projekt\/","title":{"rendered":"\u00dcber das Projekt"},"content":{"rendered":"\n<h3 class=\"wp-block-heading\" id=\"h-van-verbazing-naar-verbinding\">Vom Staunen zur Verbindung<\/h3>\n\n<p>Wir arbeiten, leben und essen mit Menschen aus der ganzen Welt &#8211; und das finden wir aufregend und inspirierend, solange die Dinge so laufen, wie wir es erwarten. Wenn die Dinge anders laufen, als wir erwarten, oder wenn jemand anders kommuniziert als wir, wissen wir nicht immer, dass es sich um ein kulturelles Missverst\u00e4ndnis handeln k\u00f6nnte und wie wir es aufl\u00f6sen k\u00f6nnen. Connect2Us bem\u00fcht sich, solche Missverst\u00e4ndnisse zu vermeiden und zu kl\u00e4ren.   Von der \u00dcberraschung zur Verbindung.<\/p>\n\n<p>Die Connect2Us Foundation wurde 2016 gegr\u00fcndet und ist eine gemeinn\u00fctzige Stiftung mit ANBI-Status und CBF-Zertifizierung bis 2024. Die Stiftung erf\u00fcllt weiterhin die CBF-Standards, ohne jedoch daf\u00fcr zertifiziert zu sein.   <\/p>\n\n<h3 class=\"wp-block-heading\" id=\"h-visie\">Vision<\/h3>\n\n<p>Bei der Kommunikation zwischen Menschen mit unterschiedlichem kulturellem Hintergrund k\u00f6nnen kulturelle Unterschiede eine st\u00f6rende Rolle spielen. Fehlwahrnehmungen schaffen Vorurteile. Connect2Us m\u00f6chte zu Verst\u00e4ndnis und kritischem Denken beitragen und diese Vorurteile verhindern oder beseitigen, damit wir sehen, wie viel wir tats\u00e4chlich gemeinsam haben.  <\/p>\n\n<h3 class=\"wp-block-heading\" id=\"h-missie\">Mission<\/h3>\n\n<p>Wir streben eine vielf\u00e4ltige Gesellschaft an, in der Freiheit und Toleranz im Mittelpunkt stehen und Vorurteile \u00fcber die Herkunft beseitigt werden.<\/p>\n\n<blockquote class=\"wp-block-quote is-layout-flow wp-block-quote-is-layout-flow\">\n<p><strong><em>Eine vielf\u00e4ltige Gesellschaft ohne Vorurteile \u00fcber die Herkunft<\/em><\/strong><\/p>\n<\/blockquote>\n\n<h3 class=\"wp-block-heading\" id=\"h-kernwaarden\">Zentrale Werte<\/h3>\n\n<p>Die vier Grundwerte von Connect2Us (Verbindung, Offenheit, gegenseitiger Respekt, Nachhaltigkeit) unterst\u00fctzen die Ziele und bilden zusammen mit verschiedenen Programmen den Rahmen f\u00fcr die Erreichung unseres Ziels.<\/p>\n\n<h3 class=\"wp-block-heading\" id=\"h-verbindend\">Verbinden Sie<\/h3>\n\n<p>Die Aktivit\u00e4ten von Connect2Us konzentrieren sich auf Verbindung, Verbindung ohne Grenzen. Die Aktivit\u00e4ten f\u00f6rdern den integralen Zusammenhalt von Menschen, Organisationen und der Gesellschaft. <\/p>\n\n<h3 class=\"wp-block-heading\" id=\"h-open\">\u00d6ffnen Sie<\/h3>\n\n<p>Connect2Us steht jedem offen, unabh\u00e4ngig von Glauben, Religion, politischer Zugeh\u00f6rigkeit, Herkunft, Hautfarbe, Geschlecht oder sexueller Orientierung.<\/p>\n\n<h3 class=\"wp-block-heading\" id=\"h-wederzijds-respect\">Gegenseitiger Respekt<\/h3>\n\n<p>Connect2Us ber\u00fccksichtigt die Weltanschauung oder Religion eines jeden und geht von gegenseitigem Respekt aus. Connect2Us hat festgelegt, wie und wo ein Freiwilliger oder Mitarbeiter eine unsichere Situation melden kann und wie mit der Beschwerde umgegangen wird.<\/p>\n\n<h3 class=\"wp-block-heading\" id=\"h-duurzame-ontwikkelingsdoelen\">Ziele f\u00fcr nachhaltige Entwicklung<\/h3>\n\n<p>Die Ziele f\u00fcr nachhaltige Entwicklung (SDGs) sind 17 Ziele, die die Welt bis 2030 zu einem besseren Ort machen sollen. Connect2Us zielt darauf ab, diese Ziele (4, 10, 16 und 17) zu unterst\u00fctzen. Im Rahmen von SDG 10 gibt es Raum f\u00fcr Migration. &#8222;Die Migration und Mobilit\u00e4t von Menschen muss besser und sicherer organisiert werden. Diskriminierende Gesetze und Praktiken, die die Ungleichheit nur versch\u00e4rfen, m\u00fcssen ebenfalls beendet werden. Alle Menschen sollten gleiche Chancen haben und an allen sozialen, wirtschaftlichen und politischen Aspekten der Gesellschaft beteiligt sein.&#8220; Ziel 16: &#8222;Friedliche und inklusive Gesellschaften f\u00fcr eine nachhaltige Entwicklung f\u00f6rdern.&#8220;    <\/p>\n\n<h3 class=\"wp-block-heading\" id=\"h-doelstellingen\">Ziele<\/h3>\n\n<p>Migration ist ein uraltes Ph\u00e4nomen, das immer zur Entwicklung unserer Zivilisation und unseres Wohlstands beigetragen hat. W\u00e4hrend der Integration in neue L\u00e4nder treffen Migranten oft auf Situationen, in denen kulturelle Unterschiede in den Vordergrund treten. Diese Alltagssituationen k\u00f6nnen angenehm, aber auch unangenehm oder sogar verwirrend sein. Um die friedliche Akzeptanz und Integration zu f\u00f6rdern und die unterminierende Polarisierung zu bek\u00e4mpfen, macht Connect2Us kulturelle Unterschiede zug\u00e4nglich und verst\u00e4ndlich. F\u00fcr Niederl\u00e4nder und f\u00fcr Neuank\u00f6mmlinge. F\u00fcr das Bildungswesen und f\u00fcr die Regierung. F\u00fcr Eltern und f\u00fcr Kinder. F\u00fcr Mitarbeiter im Gesundheitswesen und f\u00fcr Patienten. F\u00fcr alle.        <\/p>\n\n<p>Die Geschichten, Spiele und Erkl\u00e4rungen von Connect2Us bieten eine klare Einf\u00fchrung in ein angenehmeres und reibungsloseres interkulturelles Zusammenleben.<\/p>\n\n<p>Connect2Us hat die Niederlande als Hauptgesch\u00e4ftsgebiet gew\u00e4hlt. Inzwischen hat Connect2Us auch Niederlassungen in Luxemburg und Deutschland. <\/p>\n\n<h3 class=\"wp-block-heading\" id=\"h-connect2us-heeft-als-doelstellingen\">Die Ziele von Connect2Us sind:<\/h3>\n\n<ul class=\"wp-block-list\">\n<li>Ein m\u00f6glichst gro\u00dfes Publikum in den L\u00e4ndern zu erreichen, in denen wir eine Plattform haben.<\/li>\n\n\n\n<li>Erziehen Sie Kinder im Schulalter spielerisch.<\/li>\n\n\n\n<li>Bilden Sie bestimmte Berufe in den sozialen Sektoren durch Spiele, Webinare und Workshops aus.<\/li>\n<\/ul>\n\n<h3 class=\"wp-block-heading\" id=\"h-doelgroepen\">Zielgruppen<\/h3>\n\n<p>Im Prinzip richtet sich die Plattform an alle Einwohner der auf der Website vertretenen L\u00e4nder, wobei der Schwerpunkt auf den folgenden Zielgruppen liegt:<\/p>\n\n<ul class=\"wp-block-list\">\n<li>(Junge) Schulkinder<\/li>\n\n\n\n<li>Lehrer<\/li>\n\n\n\n<li>Expat-Familien und ihre niederl\u00e4ndischen Kollegen und Freunde<\/li>\n\n\n\n<li>Studenten<\/li>\n\n\n\n<li>Pflegepersonal<\/li>\n<\/ul>\n\n<p>Wir werden diese Gruppen in der kommenden Zeit gezielt ansprechen und projizieren, immer aufbauend auf dem Erfolg der &#8222;vorherigen&#8220; Zielgruppe.<\/p>\n\n<h3 class=\"wp-block-heading\" id=\"h-expertise\">Fachwissen<\/h3>\n\n<p>Seit ihrer Gr\u00fcndung im Jahr 2016 hat sich die Stiftung zu einer Ansammlung von Experten f\u00fcr interkulturelle Kommunikation, Psychologen und P\u00e4dagogen entwickelt; ein Team von mehr als 25 Freiwilligen. Neben der multikulturellen Zusammensetzung des Teams und der Lebenserfahrung der Beteiligten verf\u00fcgt die Stiftung \u00fcber ein hochwertiges Fachwissen \u00fcber Kultur. Die Gr\u00fcnder und eine Reihe von Freiwilligen sind mit dem k\u00fcrzlich verstorbenen Gelehrten Geert Hofstede verbunden, der die Geschichten auf unserer Plattform und unsere Herangehensweise an sie best\u00e4tigt hat. Geert Hofstede hat weltweit anerkannte Forschungen \u00fcber die Unterschiede zwischen nationalen Kulturen in der Art und Weise durchgef\u00fchrt, wie Individuen Organisationen, einander und &#8222;andere&#8220; sehen. Seine Forschung ist in der Tat von unsch\u00e4tzbarem Wert.   Erstens wegen der \u00fcberw\u00e4ltigenden Menge an Daten, die so ziemlich die ganze Welt abdecken, und zweitens, weil die Dimensionen seiner Forschung einen relevanten Vergleich zwischen nationalen Kulturen erm\u00f6glichen. Bei Connect2Us \u00fcbertragen wir diese Unterschiede in den Alltag. Wenn man diese Unterschiede versteht und akzeptiert, wird einem bewusst, was wir alle gemeinsam haben.<\/p>\n\n<p>Wenn sich Migranten in einem neuen Land niederlassen, treffen sie oft auf Situationen, in denen kulturelle Unterschiede in den Vordergrund treten. Normale, allt\u00e4gliche Situationen k\u00f6nnen angenehm, aber auch unangenehm oder sogar verwirrend sein. Und das nicht nur f\u00fcr den Neuank\u00f6mmling. Auch Freiwillige, Nachbarn und Sozialarbeiter k\u00f6nnen von einer Begegnung mit einem Migranten \u00fcberrascht werden.   <\/p>\n\n<p>Nehmen Sie einen Migranten aus einem Land, in dem die Gesellschaft sehr hierarchisch ist, wie Syrien, Ghana, Vietnam oder Brasilien. Ein Arztbesuch in den egalit\u00e4ren Niederlanden kann \u00fcberraschend sein, weil der Arzt den Patienten vielleicht fragt, was er selbst f\u00fcr den Grund seiner Beschwerden h\u00e4lt. Vier kultur\u00fcbergreifende Experten, die mit dem Hofstede-Zentrum verbunden sind, haben die Initiative ergriffen und diese allt\u00e4glichen Begebenheiten aufgeschrieben. Alle vier haben die kulturellen Unterschiede in ihrem Leben als Migranten oder Expatriates pers\u00f6nlich erlebt. Sie haben auch mit Migranten und Sozialarbeitern in den Niederlanden gesprochen und ihre Erfahrungen aufgezeichnet.    <\/p>\n\n<p>Die leicht zu lesenden Geschichten zeigen die Unterschiede zur niederl\u00e4ndischen Kultur auf, geben Einblick in die Ursache und Tipps, wie man sie auf positive Weise \u00fcberwinden kann. Illustrationen helfen dem Benutzer, sich in den verschiedenen Situationen zurechtzufinden. Die Erkl\u00e4rungen sind in einer klaren, f\u00fcr jeden verst\u00e4ndlichen Sprache verfasst. F\u00fcr diejenigen, die mehr wissen wollen, gibt es weitere Erkl\u00e4rungen, die auf wissenschaftlichen Untersuchungen beruhen.   <\/p>\n\n<p>Connect2Us arbeitet mit Geert Hofstede et al. und der <a href=\"http:\/\/www.iom-nederland.nl\/en\/\" target=\"_blank\" rel=\"noopener noreferrer\">Internationalen Organisation f\u00fcr Migration<\/a> (IOM) in Den Haag zusammen.<\/p>\n\n<p>Lesen Sie mehr \u00fcber <a href=\"https:\/\/connect2us.eu\/de\/unser-team\/\" target=\"_blank\" rel=\"noopener noreferrer\">den Vorstand<\/a><a href=\"https:\/\/connect2us.eu\/de\/unser-team\/\" target=\"_blank\" rel=\"noreferrer noopener\"> und die Freiwilligen<\/a>.<\/p>\n\n<p>Die Illustrationen stammen von <a href=\"http:\/\/www.luigisegre.com\">Luigi Segre.<\/a><\/p>\n\n<p>Die Website wurde von <a href=\"http:\/\/www.robinmedia.nl\/\" target=\"_blank\" rel=\"noopener noreferrer\">Buro85<\/a> entwickelt und von <a href=\"http:\/\/cometa.cc\/\" target=\"_blank\" rel=\"noopener noreferrer\">Studio Cometa<\/a> unterst\u00fctzt.<\/p>\n\n<p>Hier finden Sie den <a href=\"https:\/\/connect2us.eu\/de\/jahresbericht-2023\/\" target=\"_blank\" rel=\"noreferrer noopener\">C2U Jahresbericht-2023 <\/a>und den Bericht des <a href=\"https:\/\/www.connect2us.eu\/nederland\/wp-content\/uploads\/sites\/3\/2020\/05\/2019-getek-verklaring-kascommissie.pdf\">Pr\u00fcfungsausschusses<\/a> der Stiftung.<\/p>\n\n<p>Hier finden Sie die <a href=\"https:\/\/www.connect2us.eu\/nederland\/wp-content\/uploads\/sites\/3\/2020\/02\/AFSCHRIFT-Statuten-in-Word-Openbaar.pdf\">Statuten<\/a> der Stiftung.<\/p>\n","protected":false},"excerpt":{"rendered":"<p>Vom Staunen zur Verbindung Wir arbeiten, leben und essen mit Menschen aus der ganzen Welt &#8211; und das finden wir aufregend und inspirierend, solange die Dinge so laufen, wie wir es erwarten. Wenn die Dinge anders laufen, als wir erwarten, oder wenn jemand anders kommuniziert als wir, wissen wir nicht immer, dass es sich um [&hellip;]<\/p>\n","protected":false},"author":3,"featured_media":0,"parent":0,"menu_order":0,"comment_status":"closed","ping_status":"closed","template":"","meta":{"_vp_format_video_url":"","_vp_image_focal_point":[],"footnotes":""},"class_list":["post-3630","page","type-page","status-publish","hentry"],"blocksy_meta":[],"_links":{"self":[{"href":"https:\/\/connect2us.eu\/de\/wp-json\/wp\/v2\/pages\/3630","targetHints":{"allow":["GET"]}}],"collection":[{"href":"https:\/\/connect2us.eu\/de\/wp-json\/wp\/v2\/pages"}],"about":[{"href":"https:\/\/connect2us.eu\/de\/wp-json\/wp\/v2\/types\/page"}],"author":[{"embeddable":true,"href":"https:\/\/connect2us.eu\/de\/wp-json\/wp\/v2\/users\/3"}],"replies":[{"embeddable":true,"href":"https:\/\/connect2us.eu\/de\/wp-json\/wp\/v2\/comments?post=3630"}],"version-history":[{"count":4,"href":"https:\/\/connect2us.eu\/de\/wp-json\/wp\/v2\/pages\/3630\/revisions"}],"predecessor-version":[{"id":4677,"href":"https:\/\/connect2us.eu\/de\/wp-json\/wp\/v2\/pages\/3630\/revisions\/4677"}],"wp:attachment":[{"href":"https:\/\/connect2us.eu\/de\/wp-json\/wp\/v2\/media?parent=3630"}],"curies":[{"name":"wp","href":"https:\/\/api.w.org\/{rel}","templated":true}]}}