{"id":3642,"date":"2022-06-23T11:58:06","date_gmt":"2022-06-23T09:58:06","guid":{"rendered":"https:\/\/staging.connect2us.eu\/erklaerung-zum-datenschutz\/"},"modified":"2024-11-01T10:04:02","modified_gmt":"2024-11-01T08:04:02","slug":"erklaerung-zum-datenschutz","status":"publish","type":"page","link":"https:\/\/connect2us.eu\/de\/erklaerung-zum-datenschutz\/","title":{"rendered":"Erkl\u00e4rung zum Datenschutz"},"content":{"rendered":"\n<h3 class=\"wp-block-heading\">ALLGEMEINES<\/h3>\n\n<p>Die Stiftung Connect2Us mit Sitz in Amsterdam ist verantwortlich f\u00fcr die Verarbeitung personenbezogener Daten, wie sie in dieser Datenschutzerkl\u00e4rung beschrieben sind.\nDies gilt auch f\u00fcr die von der Stiftung betriebene oder bereitgestellte Website. <\/p>\n\n<h3 class=\"wp-block-heading\">KONTAKTANGABEN<\/h3>\n\n<ul class=\"wp-block-list\"><li>Website: <a href=\"https:\/\/janvincentmeertens.com\/\">wwww.connect2us,eu<\/a><\/li><li>Anfragen \u00fcber info@connect2us.eu<\/li><\/ul>\n\n<h3 class=\"wp-block-heading\">1. PERS\u00d6NLICHE DATEN, DIE WIR VERARBEITEN<\/h3>\n\n<p><br\/>Die Connect2Us Foundation verarbeitet Ihre personenbezogenen Daten, weil Sie unseren Newsletter abonniert haben oder unsere Dienste nutzen und\/oder weil Sie uns diese selbst zur Verf\u00fcgung stellen. Nachfolgend finden Sie eine \u00dcbersicht \u00fcber die personenbezogenen Daten, die wir verarbeiten:<\/p>\n\n<ul class=\"wp-block-list\"><li>Vorname und Nachname<\/li><li>Geschlecht<\/li><li>Adresse Details<\/li><li>Rufnummer<\/li><li>E-Mail Adresse<\/li><li>Andere pers\u00f6nliche Daten, die Sie uns aktiv zur Verf\u00fcgung stellen, z.B. durch die Erstellung eines Profils auf dieser Website, in der Korrespondenz und per Telefon.<\/li><li>Die Kontonummer, die Sie uns mitgeteilt haben, um ein Produkt oder eine Dienstleistung bei uns zu kaufen<\/li><\/ul>\n\n<h3 class=\"wp-block-heading\">2. BESONDERE UND\/ODER SENSIBLE PERSONENBEZOGENE DATEN, DIE WIR VERARBEITEN<\/h3>\n\n<p>Unsere Website sammelt keine Daten.\nDie Stiftung beabsichtigt nicht, Daten \u00fcber Nutzer unserer Dienste zu sammeln, die unter 16 Jahre alt sind, es sei denn, sie haben die Zustimmung ihrer Eltern oder Erziehungsberechtigten. <\/p>\n\n<h3 class=\"wp-block-heading\">3. ZU WELCHEM ZWECK UND AUF WELCHER GRUNDLAGE WIR PERSONENBEZOGENE DATEN VERARBEITEN<\/h3>\n\n<p>Die Connect2Us Foundation verarbeitet Ihre pers\u00f6nlichen Daten f\u00fcr die folgenden Zwecke:<\/p>\n\n<ul class=\"wp-block-list\"><li>Abwicklung Ihrer Zahlung.<\/li><li>Versenden Sie unseren Newsletter.<\/li><li>Sie anzurufen oder Ihnen eine E-Mail zu schicken, falls dies zur Erbringung unserer Dienstleistungen erforderlich ist.<\/li><li>Um Sie \u00fcber \u00c4nderungen an unseren Dienstleistungen und Produkten zu informieren.<\/li><li>Um Ihnen Waren und Dienstleistungen zu liefern.<\/li><\/ul>\n\n<p>Connect2Us Foundation verarbeitet auch personenbezogene Daten, wenn wir gesetzlich dazu verpflichtet sind, wie z.B. Daten, die wir f\u00fcr unsere Steuererkl\u00e4rung ben\u00f6tigen.<\/p>\n\n<h3 class=\"wp-block-heading\">4. WIE LANGE WIR PERS\u00d6NLICHE DATEN AUFBEWAHREN<\/h3>\n\n<p>Die Connect2Us Foundation wird Ihre personenbezogenen Daten so lange aufbewahren, wie es f\u00fcr den Zweck, f\u00fcr den die Informationen verarbeitet werden, erforderlich ist, oder solange es einen triftigen Grund gibt, Ihre personenbezogenen Daten aufzubewahren.\nZum Beispiel, um gesetzlichen Verpflichtungen nachzukommen, um unsere Vereinbarungen durchzusetzen oder um Streitigkeiten beizulegen. <\/p>\n\n<p>Wenn Sie w\u00fcnschen, dass wir Ihre Registrierungsdaten nicht mehr f\u00fcr die Erbringung von Dienstleistungen f\u00fcr Sie verwenden, kontaktieren Sie uns bitte unter info@connect2us.eu.<\/p>\n\n<h3 class=\"wp-block-heading\">5. WEITERGABE PERSONENBEZOGENER DATEN AN DRITTE<\/h3>\n\n<p>Es gibt weitere vertrauensw\u00fcrdige Dritte, mit denen wir Ihre pers\u00f6nlichen Daten teilen k\u00f6nnen.\nDazu geh\u00f6ren: <\/p>\n\n<ul class=\"wp-block-list\"><li>Dritte, die ben\u00f6tigt werden, um Ihnen ein Produkt oder eine Dienstleistung zu liefern, wie z.B. ein Liefer- oder Postdienst, der ein von Ihnen bestelltes Produkt zustellt.<\/li><li>Strafverfolgungs- oder Regierungsbeh\u00f6rden, wenn sie rechtliche Schritte eingeleitet haben, um uns zur Offenlegung der Informationen aufzufordern.<\/li><li>Externe Anbieter von Dienstleistungen f\u00fcr die Connect2Us Foundation, wie z. B. Datenverarbeitungsanbieter.\nWeb-Analyse-Tools, wie Google oder BlueConic. <\/li><li>Soziale Netzwerke.\nWenn Sie w\u00e4hrend Ihres Besuchs auf unserer Website bei einem dieser sozialen Netzwerke angemeldet sind oder \u00fcber eines der sozialen Plug-ins kommunizieren, kann das soziale Netzwerk, je nach Ihren Datenschutzeinstellungen, diese Daten Ihrem zugeh\u00f6rigen Profil in diesem Netzwerk hinzuf\u00fcgen.\nWenn Sie diese Art der Weitergabe Ihrer Daten vermeiden m\u00f6chten, melden Sie sich bitte bei Ihrem sozialen Netzwerk ab, bevor Sie unsere Website besuchen oder nutzen.\nSie k\u00f6nnen auch die Datenschutzeinstellungen \u00e4ndern, falls m\u00f6glich.\nBitte lesen Sie die Datenschutzrichtlinien dieser sozialen Netzwerke, um detaillierte Informationen \u00fcber die Erhebung und Weitergabe pers\u00f6nlicher Daten zu erhalten, welche Rechte Sie haben und wie Sie die entsprechenden Datenschutzeinstellungen Ihren Bed\u00fcrfnissen entsprechend anpassen k\u00f6nnen.    <\/li><\/ul>\n\n<p><br\/>A<strong>ndere Situationen<\/strong> Wir k\u00f6nnen Ihre pers\u00f6nlichen Daten auch in den folgenden Situationen weitergeben:<\/p>\n\n<ul class=\"wp-block-list\"><li>Um die Rechte und das Eigentum der Connect2Us Foundation zu sch\u00fctzen und zu verteidigen (einschlie\u00dflich der Gew\u00e4hrleistung der Einhaltung unserer Gesch\u00e4ftsbedingungen).<\/li><li>Wenn dies von der Gesetzgebung und\/oder von Regierungsbeh\u00f6rden verlangt wird.<\/li><\/ul>\n\n<h3 class=\"wp-block-heading\">6. COOKIES ODER \u00c4HNLICHE TECHNIKEN, DIE WIR VERWENDEN<\/h3>\n\n<p>Die Connect2Us Foundation verwendet keine Cookies.<\/p>\n\n<h3 class=\"wp-block-heading\">7. ANZEIGEN, ANPASSEN ODER L\u00d6SCHEN VON DATEN<\/h3>\n\n<p>Sie haben das Recht, auf Ihre personenbezogenen Daten zuzugreifen, sie zu korrigieren oder zu l\u00f6schen.\nDar\u00fcber hinaus haben Sie das Recht, Ihre eventuelle Zustimmung zur Datenverarbeitung zur\u00fcckzuziehen oder der Verarbeitung Ihrer personenbezogenen Daten durch die Connect2Us Foundation zu widersprechen, und Sie haben das Recht auf Daten\u00fcbertragbarkeit. <\/p>\n\n<p>Sie k\u00f6nnen einen Antrag auf Zugriff, Berichtigung, L\u00f6schung, \u00dcbertragung Ihrer personenbezogenen Daten oder auf Widerruf Ihrer Einwilligung oder Widerspruch gegen die Verarbeitung Ihrer personenbezogenen Daten an info@connect2us.eu senden.  <\/p>\n\n<p>Um sicherzustellen, dass der Antrag auf Einsichtnahme von Ihnen gestellt wird, bitten wir Sie, dem Antrag eine Kopie Ihres Identit\u00e4tsnachweises beizuf\u00fcgen.\nSchw\u00e4rzen Sie in dieser Kopie Ihr Passfoto, die MRZ (maschinenlesbare Zone, der Zahlenstreifen am unteren Rand des Passes), die Passnummer und die B\u00fcrgerservicenummer (BSN).\nDies dient dem Schutz Ihrer Privatsph\u00e4re.\nWir werden Ihre Anfrage so schnell wie m\u00f6glich beantworten, innerhalb von vier Wochen.   <\/p>\n\n<p>Stichting Connect2Us m\u00f6chte Sie auch dar\u00fcber informieren, dass Sie die M\u00f6glichkeit haben, eine Beschwerde bei der nationalen Aufsichtsbeh\u00f6rde, der Beh\u00f6rde f\u00fcr personenbezogene Daten, einzureichen.\nSie k\u00f6nnen dies \u00fcber den folgenden <a href=\"https:\/\/autoriteitpersoonsgegevens.nl\/nl\/contact-met-de-autoriteit-persoonsgegevens\/tip-ons\">Link<\/a> tun. <\/p>\n\n<h3 class=\"wp-block-heading\">8. WEBSITES DRITTER<\/h3>\n\n<p>Auf den Websites der Connect2Us Foundation finden Sie m\u00f6glicherweise Links zu anderen Websites.\nConnect2Us Foundation ist nicht daf\u00fcr verantwortlich, wie diese Websites mit pers\u00f6nlichen Daten umgehen.\nBitte lesen Sie die Datenschutzerkl\u00e4rung der Website, die Sie besuchen.  <\/p>\n\n<h3 class=\"wp-block-heading\">9. WIE WIR PERS\u00d6NLICHE DATEN SCH\u00dcTZEN<\/h3>\n\n<p>Die Connect2Us Foundation nimmt den Schutz Ihrer Daten ernst und ergreift geeignete Ma\u00dfnahmen, um Missbrauch, Verlust, unbefugten Zugriff, unerw\u00fcnschte Offenlegung und unbefugte \u00c4nderung zu verhindern.\nWenn Sie den Eindruck haben, dass Ihre Daten nicht ordnungsgem\u00e4\u00df gesichert sind oder es Anzeichen f\u00fcr einen Missbrauch gibt, kontaktieren Sie uns bitte unter nfo@connect2Us.eu.   <\/p>\n\n<p><br\/>\u00c4nderungen <strong> Connect2Us Foundation beh\u00e4lt sich das Recht vor, \u00c4nderungen an dieser Datenschutzerkl\u00e4rung vorzunehmen.\nBitte \u00fcberpr\u00fcfen Sie daher diese Datenschutzerkl\u00e4rung regelm\u00e4\u00dfig auf die aktuelle Datenschutzpolitik der Connect2Us Foundation.\nDieses Dokument wurde zuletzt ge\u00e4ndert am: 1. Januar 2022.<\/strong>  <\/p>\n","protected":false},"excerpt":{"rendered":"<p>ALLGEMEINES Die Stiftung Connect2Us mit Sitz in Amsterdam ist verantwortlich f\u00fcr die Verarbeitung personenbezogener Daten, wie sie in dieser Datenschutzerkl\u00e4rung beschrieben sind. Dies gilt auch f\u00fcr die von der Stiftung betriebene oder bereitgestellte Website. KONTAKTANGABEN Website: wwww.connect2us,eu Anfragen \u00fcber info@connect2us.eu 1. PERS\u00d6NLICHE DATEN, DIE WIR VERARBEITEN Die Connect2Us Foundation verarbeitet Ihre personenbezogenen Daten, weil Sie [&hellip;]<\/p>\n","protected":false},"author":3,"featured_media":0,"parent":0,"menu_order":0,"comment_status":"closed","ping_status":"closed","template":"","meta":{"_vp_format_video_url":"","_vp_image_focal_point":[],"footnotes":""},"class_list":["post-3642","page","type-page","status-publish","hentry"],"blocksy_meta":[],"_links":{"self":[{"href":"https:\/\/connect2us.eu\/de\/wp-json\/wp\/v2\/pages\/3642","targetHints":{"allow":["GET"]}}],"collection":[{"href":"https:\/\/connect2us.eu\/de\/wp-json\/wp\/v2\/pages"}],"about":[{"href":"https:\/\/connect2us.eu\/de\/wp-json\/wp\/v2\/types\/page"}],"author":[{"embeddable":true,"href":"https:\/\/connect2us.eu\/de\/wp-json\/wp\/v2\/users\/3"}],"replies":[{"embeddable":true,"href":"https:\/\/connect2us.eu\/de\/wp-json\/wp\/v2\/comments?post=3642"}],"version-history":[{"count":2,"href":"https:\/\/connect2us.eu\/de\/wp-json\/wp\/v2\/pages\/3642\/revisions"}],"predecessor-version":[{"id":4053,"href":"https:\/\/connect2us.eu\/de\/wp-json\/wp\/v2\/pages\/3642\/revisions\/4053"}],"wp:attachment":[{"href":"https:\/\/connect2us.eu\/de\/wp-json\/wp\/v2\/media?parent=3642"}],"curies":[{"name":"wp","href":"https:\/\/api.w.org\/{rel}","templated":true}]}}