{"id":3648,"date":"2021-06-24T07:56:07","date_gmt":"2021-06-24T05:56:07","guid":{"rendered":"https:\/\/staging.connect2us.eu\/schulrucksack\/"},"modified":"2025-08-02T10:46:09","modified_gmt":"2025-08-02T08:46:09","slug":"schulrucksack","status":"publish","type":"page","link":"https:\/\/connect2us.eu\/de\/schulrucksack\/","title":{"rendered":"Schulpaket"},"content":{"rendered":"\n<figure class=\"wp-block-image size-large\"><img loading=\"lazy\" decoding=\"async\" width=\"1024\" height=\"726\" src=\"https:\/\/connect2us.eu\/wp-content\/uploads\/2021\/05\/tempImageYz6xG1-1024x726.jpg\" alt=\"\" class=\"wp-image-1308\" srcset=\"https:\/\/connect2us.eu\/wp-content\/uploads\/2021\/05\/tempImageYz6xG1-1024x726.jpg 1024w, https:\/\/connect2us.eu\/wp-content\/uploads\/2021\/05\/tempImageYz6xG1-300x213.jpg 300w, https:\/\/connect2us.eu\/wp-content\/uploads\/2021\/05\/tempImageYz6xG1-768x545.jpg 768w, https:\/\/connect2us.eu\/wp-content\/uploads\/2021\/05\/tempImageYz6xG1-1536x1089.jpg 1536w, https:\/\/connect2us.eu\/wp-content\/uploads\/2021\/05\/tempImageYz6xG1.jpg 1802w\" sizes=\"auto, (max-width: 1024px) 100vw, 1024px\" \/><\/figure>\n\n<p><\/p>\n\n<p><em>&#8222;Kinder wachsen in einer pluralistischen Gesellschaft auf und lernen, Unterschiede zu verstehen und vor allem zu akzeptieren. Wir m\u00fcssen nicht die Br\u00e4uche der anderen \u00fcbernehmen, aber das Verst\u00e4ndnis f\u00fcreinander schafft ein Miteinander und eine bessere Welt. Die Kinder gewinnen Wissen und Einsicht in bestimmte Werte und Normen von sich selbst und anderen und wissen, wie sie sich dementsprechend verhalten k\u00f6nnen. So sehen sie besser, was sie miteinander verbindet. Vom Staunen zur Verbindung.&#8220;<\/em><\/p>\n\n<p>Empathy Land ist ein spannendes und lehrreiches Brettspiel, das unter anderem zur staatsb\u00fcrgerlichen Kompetenz im Grundschulunterricht beitr\u00e4gt. Es ist ein Werkzeug, das regelm\u00e4\u00dfig und jederzeit f\u00fcr den Staatsb\u00fcrgerschaftsunterricht und insbesondere f\u00fcr das Kernziel 37 &#8211; Orientierung an sich selbst und der Welt &#8211; Mensch und Gesellschaft &#8211; verwendet werden kann. Es lehrt die Sch\u00fcler, sich in der nahen und fernen Welt, damals und heute zu orientieren. Das Spiel ist f\u00fcr Sch\u00fcler der Klassen 5 bis 8 geeignet. Vor allem aber erm\u00f6glicht das Spiel, offen und spielerisch miteinander \u00fcber das zu sprechen, was uns beide einzigartig macht und uns verbindet. Es lehrt die Sch\u00fcler, wie viel wir uns gegenseitig von der kulturellen Vielfalt zu bieten haben.     <\/p>\n\n<p>Die Kinder f\u00fchren lebhafte Diskussionen \u00fcber ihre h\u00e4uslichen Situationen. Die Lehrer h\u00f6ren spontane Unterhaltungen, die sie sich ohne das Spiel nicht h\u00e4tten vorstellen k\u00f6nnen. Diese R\u00fcckmeldung erhielten wir von einer Schule in Drachten, nachdem sie Empathy Land gespielt hatte:  <\/p>\n\n<p><em>&#8222;In einer Gruppe mit vielen Nicht-Muttersprachlern hat es den Sch\u00fclern wirklich Spa\u00df gemacht, miteinander \u00fcber die Gemeinsamkeiten zu diskutieren. Es gab viel Erstaunen \u00fcber einige der Unterschiede und die Sch\u00fcler stellten sich gegenseitig Fragen.&#8220;<\/em><\/p>\n\n<p>Die Spiele sind sofort einsatzbereit und k\u00f6nnen vom Lehrer leicht angeleitet werden. Eine Anleitung f\u00fcr Lehrer finden Sie \u00fcber einen QR-Code auf der Schachtel. <\/p>\n\n<p>Das Spiel ist zweisprachig (Niederl\u00e4ndisch und Englisch) und bietet Workshops f\u00fcr Lehrer an, um deren interkulturelle Kenntnisse und F\u00e4higkeiten zu verbessern.<\/p>\n\n<p>Der Ausgangspunkt ist, dass die Schulen eine Zuzahlung f\u00fcr Empathy Land leisten werden. Da f\u00fcr eine Klasse 5 Spiele ben\u00f6tigt werden, k\u00f6nnen die Schulen ihren eigenen Beitrag f\u00fcr Empathy Land mit 115 \u20ac veranschlagen. Wir hoffen, dass wir den Vorlauf durch Vorbestellungen, Zusch\u00fcsse und Spenden finanzieren k\u00f6nnen.  <\/p>\n\n<p>Bestellen Sie hier das Schulpaket mit f\u00fcnf Spielen. Das Paket ist f\u00fcr bis zu 30 Kinder in der Klasse geeignet. Der Eigenanteil f\u00fcr das Paket betr\u00e4gt 115,- Euro, mehrwertsteuerfrei (der Rabatt f\u00fcr diese Ausgabe betr\u00e4gt 35 Euro). Wir legen Ihnen beim Versand des Pakets eine Rechnung bei.     <\/p>\n\n<p>Die Connect2Us Foundation ist eine gemeinn\u00fctzige Organisation (von der ANBI anerkannt) und die Gewinne werden f\u00fcr die <strong><a href=\"https:\/\/connect2us.eu\/de\/ueber-das-projekt\/\">Ziele<\/a><\/strong> der Stiftung verwendet <strong>.<\/strong><\/p>\n\n<p><strong><a href=\"https:\/\/connect2us.eu\/de\/anleitung-empathieland\/\">Die Spielanleitung finden Sie<\/a> <\/strong> \u00fcber <strong>diesen Link. <\/strong> <\/p>\n\n<p>Diese k\u00f6nnen auch \u00fcber den QR-Code auf der Verpackung des Spiels abgerufen werden. Sie haben sie dann auf Ihrem Handy oder iPad. <a href=\"https:\/\/connect2us.eu\/wp-content\/uploads\/2021\/03\/Empathy-Land-Instructies-15072020-NL.pdf\"><strong>Ein PDF zum Ausdrucken finden Sie hier<\/strong><\/a>. <\/p>\n\n<h2 class=\"wp-block-heading\" id=\"h-empathy-land-schoolpakket\">Empathie Land Schulpaket<\/h2>\n<form method=\"POST\" action=\"\" class=\"pt-checkout-form\" id=\"pt_checkout_form_1\" data-pt-id=\"1\" data-parsley-validate enctype=\"multipart\/form-data\" data-currency=\"EUR\"><noscript><div class=\"pt-form-alert\">This form requires JavaScript, enable it in your browser.<\/div><\/noscript>\n<div class=\"pt-form-group pt-form-group-1 pt-form-group-field-email\"><label for=\"pt-field-email\">Email:<\/label><input type=\"email\" id=\"pt-field-email-1\" name=\"pt-field-email-1\" autocomplete=\"email\" class=\"pt-field pt-field-email\" value=\"\" data-pt-field-type=\"email\" data-pt-user-label=\"Email\" data-pt-user-data=\"false\" data-pt-price=\"0\" required      data-parsley-errors-container=\"#parsley-errors-list-email-1\"  \/><div id=\"parsley-errors-list-email-1\"><\/div><\/div>\n<div class=\"pt-form-group pt-form-group-2 pt-form-group-field-name\"><label for=\"pt-field-name\">Naam:<\/label><input type=\"text\" id=\"pt-field-name-2\" name=\"pt-field-name-2\" autocomplete=\"name\" class=\"pt-field pt-field-name\" value=\"\" data-pt-field-type=\"name\" data-pt-user-label=\"Naam\" data-pt-user-data=\"false\" required      \/><\/div>\n<div class=\"pt-form-group pt-form-group-3 pt-form-group-field-text\"><label for=\"pt-field-text\">Adres:<\/label><input type=\"text\" id=\"pt-field-text-3\" name=\"pt-field-text-3\" autocomplete=\"street-address\" class=\"pt-field pt-field-text\" value=\"\" data-pt-field-type=\"text\" data-pt-user-label=\"Adres\" data-pt-user-data=\"false\" data-pt-price=\"0\" required    \/><\/div>\n<div class=\"pt-form-group pt-form-group-4 pt-form-group-field-text\"><label for=\"pt-field-text\">Postcode:<\/label><input type=\"text\" id=\"pt-field-text-4\" name=\"pt-field-text-4\" autocomplete=\"postal-code\" class=\"pt-field pt-field-text\" value=\"\" data-pt-field-type=\"text\" data-pt-user-label=\"Postcode\" data-pt-user-data=\"false\" data-pt-price=\"0\" required    \/><\/div>\n<div class=\"pt-form-group pt-form-group-5 pt-form-group-field-text\"><label for=\"pt-field-text\">Stad:<\/label><input type=\"text\" id=\"pt-field-text-5\" name=\"pt-field-text-5\" autocomplete=\"address-level2\" class=\"pt-field pt-field-text\" value=\"\" data-pt-field-type=\"text\" data-pt-user-label=\"Stad\" data-pt-user-data=\"false\" data-pt-price=\"0\" required    \/><\/div>\n<div class=\"pt-form-group pt-form-group-6 pt-form-group-field-text\"><label for=\"pt-field-text\">Land:<\/label><input type=\"text\" id=\"pt-field-text-6\" name=\"pt-field-text-6\" autocomplete=\"country-name\" class=\"pt-field pt-field-text\" value=\"\" data-pt-field-type=\"text\" data-pt-user-label=\"Land\" data-pt-user-data=\"false\" data-pt-price=\"0\"     \/><\/div>\n<div class=\"pt-form-group pt-form-group-7 pt-form-group-label has-quantity-input\"><label for=\"pt_items[7][value]\" class=\"\">Schoolpakket Empathy Land<\/label><input type=\"hidden\" name=\"pt_items[7][label]\" value=\"Schoolpakket Empathy Land\"><input type=\"hidden\" name=\"pt_items[7][type]\" value=\"label\"><div class=\"paytium-quantity-input\"><button type=\"button\" class=\"paytium-spinner decrement\">-<\/button><input type=\"number\"  class=\"pt-quantity-input\" name=\"pt_items[7][quantity]\" value=0  ><button type=\"button\" class=\"paytium-spinner increment\">+<\/button><\/div><input type=\"hidden\" class=\"pt-cf-amount pt-cf-label-amount has-quantity-input\" name=\"pt_items[7][amount]\" value=\"115\" data-pt-price=\"115\" \/><input type=\"hidden\" name=\"pt_items[7][tax_percentage]\" value=\"0\"><\/div><div class=\"pt-form-group pt-form-group-8 pt-form-group-total-amount\">Total: <span class=\"pt-total-amount\">\u20ac -<\/span><\/div>\n<button class=\"pt-payment-btn paytium-button-el\"><span>Bestel<\/span><\/button>\n<input type=\"hidden\" name=\"pt-name\" value=\"Form name\" \/><input type=\"hidden\" name=\"pt-description\" value=\"Payment description\" \/><input type=\"hidden\" name=\"pt-amount\" class=\"pt_amount\" value=\"\" \/><input type=\"hidden\" name=\"pt-currency\" class=\"pt_currency\" value=\"EUR\" \/><input type=\"hidden\" name=\"pt_redirect_url\" value=\"https:\/\/connect2us.eu\/de\/schulrucksack\/\" \/><input type=\"hidden\" name=\"pt-form-load\" value=\"f14c0d1a85946c9ec2ae48e286ef57a6\" \/><input type=\"hidden\" name=\"pt-form-id\" value=\"1\" \/><\/form>\n","protected":false},"excerpt":{"rendered":"<p>&#8222;Kinder wachsen in einer pluralistischen Gesellschaft auf und lernen, Unterschiede zu verstehen und vor allem zu akzeptieren. Wir m\u00fcssen nicht die Br\u00e4uche der anderen \u00fcbernehmen, aber das Verst\u00e4ndnis f\u00fcreinander schafft ein Miteinander und eine bessere Welt. Die Kinder gewinnen Wissen und Einsicht in bestimmte Werte und Normen von sich selbst und anderen und wissen, wie [&hellip;]<\/p>\n","protected":false},"author":3,"featured_media":0,"parent":0,"menu_order":0,"comment_status":"closed","ping_status":"closed","template":"","meta":{"_vp_format_video_url":"","_vp_image_focal_point":[],"footnotes":""},"class_list":["post-3648","page","type-page","status-publish","hentry"],"blocksy_meta":[],"_links":{"self":[{"href":"https:\/\/connect2us.eu\/de\/wp-json\/wp\/v2\/pages\/3648","targetHints":{"allow":["GET"]}}],"collection":[{"href":"https:\/\/connect2us.eu\/de\/wp-json\/wp\/v2\/pages"}],"about":[{"href":"https:\/\/connect2us.eu\/de\/wp-json\/wp\/v2\/types\/page"}],"author":[{"embeddable":true,"href":"https:\/\/connect2us.eu\/de\/wp-json\/wp\/v2\/users\/3"}],"replies":[{"embeddable":true,"href":"https:\/\/connect2us.eu\/de\/wp-json\/wp\/v2\/comments?post=3648"}],"version-history":[{"count":5,"href":"https:\/\/connect2us.eu\/de\/wp-json\/wp\/v2\/pages\/3648\/revisions"}],"predecessor-version":[{"id":4680,"href":"https:\/\/connect2us.eu\/de\/wp-json\/wp\/v2\/pages\/3648\/revisions\/4680"}],"wp:attachment":[{"href":"https:\/\/connect2us.eu\/de\/wp-json\/wp\/v2\/media?parent=3648"}],"curies":[{"name":"wp","href":"https:\/\/api.w.org\/{rel}","templated":true}]}}