{"id":3654,"date":"2021-06-02T09:45:09","date_gmt":"2021-06-02T07:45:09","guid":{"rendered":"https:\/\/staging.connect2us.eu\/sprachtraining-am-arbeitsplatz-oder-zu-hause\/"},"modified":"2024-10-01T16:00:53","modified_gmt":"2024-10-01T14:00:53","slug":"sprachtraining-am-arbeitsplatz-oder-zu-hause","status":"publish","type":"page","link":"https:\/\/connect2us.eu\/de\/sprachtraining-am-arbeitsplatz-oder-zu-hause\/","title":{"rendered":"Sprachtraining, am Arbeitsplatz oder zu Hause"},"content":{"rendered":"\n<blockquote class=\"wp-block-quote is-layout-flow wp-block-quote-is-layout-flow\">\n<h2 class=\"wp-block-heading has-large-font-size\" id=\"h-welkom-op-je-reis-naar-empathy-land\">Willkommen auf Ihrer Reise ins Land der Empathie!<\/h2>\n<\/blockquote>\n\n<p>Das Ziel des Spiels ist es, Gespr\u00e4che \u00fcber kulturelle Gemeinsamkeiten und Unterschiede anzuregen.\nEmpathy Land hilft Neuank\u00f6mmlingen, Familien, Freunden, Nachbarn und Kollegen, in einen interkulturellen Dialog zu treten.\nMit Ihren Freunden oder Nachbarn macht es zum Beispiel Spa\u00df, die (kulturellen) Gewohnheiten des jeweils anderen zu erkunden, wenn Sie eine Karte ziehen.\nDas Spiel ist zweisprachig, so dass Sie sofort lernen, besser Niederl\u00e4ndisch oder Englisch zu verstehen und zu sprechen.   <\/p>\n\n<p>In Ihrer eigenen Familie, mit j\u00fcngeren Kindern, k\u00f6nnen Sie das Spiel nat\u00fcrlich auch ohne die Karten spielen.\nW\u00e4hrend der Reise k\u00f6nnen die Spieler \u00fcber die Sehensw\u00fcrdigkeiten sprechen, die vorbeiziehen.\nVielleicht haben einige von Ihnen bereits einige davon besucht, andere stehen vielleicht auf Ihrer <em>Wunschliste. <\/em>Wer m\u00f6chte wohin reisen?\nDerjenige, der zuerst im Land der Empathie ankommt, gewinnt.\nAber die anderen kommen bald nach und dann gewinnen wir alle.    <\/p>\n\n<p>Empathy Land ist ein interaktives Brettspiel, das mit 3 bis 6 Spielern gespielt werden kann.\nIndem Sie raten, ob die Aussagen auf den Karten richtig oder falsch sind, lernen die Spieler die famili\u00e4ren und kulturellen Gewohnheiten des anderen kennen und werden sich der gegenseitigen Unterschiede bewusster.\nUnterschiede, die einfach da sein d\u00fcrfen, dann k\u00f6nnen wir auch besser erkennen, wie viel wir eigentlich gemeinsam haben.  <\/p>\n\n<h2 class=\"wp-block-heading\" id=\"h-inzichten\">Einblicke<\/h2>\n\n<ul class=\"wp-block-list\">\n<li>Die Spieler werden sich der gegenseitigen kulturellen Unterschiede und Gemeinsamkeiten bewusst und lernen, diese besser zu verstehen.<\/li>\n\n\n\n<li>Die Spieler erhalten Einblick in Grauzonen und Subkulturen.<\/li>\n\n\n\n<li>Die Spieler erkennen, dass Gewohnheiten und Verhalten oft tiefere kulturelle Werte verraten.<\/li>\n<\/ul>\n\n<p class=\"has-text-align-center\"><span style=\"color: #eb0c0c;\" class=\"stk-highlight\"><strong>Bestellen Sie das Spiel \u00fcber die Spendenschaltfl\u00e4che oben rechts auf dem Bildschirm.<\/strong><\/span><\/p>\n\n<p>Haben Sie Vorschl\u00e4ge, wie Sie das Spiel f\u00fcr zu Hause oder f\u00fcr die Arbeit verbessern k\u00f6nnen?\nDann schicken Sie uns eine E-Mail an<a href=\"\"> empathyland@connect2us.eu.<\/a> <\/p>\n\n<p><\/p>\n","protected":false},"excerpt":{"rendered":"<p>Willkommen auf Ihrer Reise ins Land der Empathie! Das Ziel des Spiels ist es, Gespr\u00e4che \u00fcber kulturelle Gemeinsamkeiten und Unterschiede anzuregen. Empathy Land hilft Neuank\u00f6mmlingen, Familien, Freunden, Nachbarn und Kollegen, in einen interkulturellen Dialog zu treten. Mit Ihren Freunden oder Nachbarn macht es zum Beispiel Spa\u00df, die (kulturellen) Gewohnheiten des jeweils anderen zu erkunden, wenn [&hellip;]<\/p>\n","protected":false},"author":3,"featured_media":0,"parent":0,"menu_order":0,"comment_status":"closed","ping_status":"closed","template":"","meta":{"_vp_format_video_url":"","_vp_image_focal_point":[],"footnotes":""},"class_list":["post-3654","page","type-page","status-publish","hentry"],"blocksy_meta":[],"_links":{"self":[{"href":"https:\/\/connect2us.eu\/de\/wp-json\/wp\/v2\/pages\/3654","targetHints":{"allow":["GET"]}}],"collection":[{"href":"https:\/\/connect2us.eu\/de\/wp-json\/wp\/v2\/pages"}],"about":[{"href":"https:\/\/connect2us.eu\/de\/wp-json\/wp\/v2\/types\/page"}],"author":[{"embeddable":true,"href":"https:\/\/connect2us.eu\/de\/wp-json\/wp\/v2\/users\/3"}],"replies":[{"embeddable":true,"href":"https:\/\/connect2us.eu\/de\/wp-json\/wp\/v2\/comments?post=3654"}],"version-history":[{"count":1,"href":"https:\/\/connect2us.eu\/de\/wp-json\/wp\/v2\/pages\/3654\/revisions"}],"predecessor-version":[{"id":3655,"href":"https:\/\/connect2us.eu\/de\/wp-json\/wp\/v2\/pages\/3654\/revisions\/3655"}],"wp:attachment":[{"href":"https:\/\/connect2us.eu\/de\/wp-json\/wp\/v2\/media?parent=3654"}],"curies":[{"name":"wp","href":"https:\/\/api.w.org\/{rel}","templated":true}]}}