{"id":3274,"date":"2023-01-27T10:27:41","date_gmt":"2023-01-27T08:27:41","guid":{"rendered":"https:\/\/staging.connect2us.eu\/tenemos-un-trato\/"},"modified":"2026-03-30T10:47:12","modified_gmt":"2026-03-30T08:47:12","slug":"tenemos-un-trato","status":"publish","type":"page","link":"https:\/\/connect2us.eu\/es\/tenemos-un-trato\/","title":{"rendered":"\u00bfTenemos un trato?"},"content":{"rendered":"\n<p>En este libro (edici\u00f3n 2023), Jan Vincent Meertens, presidente de nuestra Fundaci\u00f3n, proporciona herramientas para negociar y cooperar con m\u00e1s \u00e9xito con personas de otra cultura. Escrito en neerland\u00e9s y desde la perspectiva neerlandesa, el libro es un espejo para el lector neerland\u00e9s: \u00bfc\u00f3mo nos mira la gente a nosotros, los neerlandeses? F\u00e1cilmente accesible y lleno de historias. Todos los beneficios de esta edici\u00f3n digital se destinar\u00e1n a la Fundaci\u00f3n Connect2Us. Dona 28,50 euros y recibir\u00e1s un ejemplar impreso en tu casa. Por 15 euros, recibir\u00e1s el libro electr\u00f3nico. El libro tambi\u00e9n podr\u00e1 adquirirse a trav\u00e9s de Managementboek.nl.      <\/p>\n\n<figure class=\"wp-block-image size-medium\"><img loading=\"lazy\" decoding=\"async\" width=\"189\" height=\"300\" src=\"https:\/\/connect2us.eu\/wp-content\/uploads\/2023\/01\/Cover_DEF-189x300.jpg\" alt=\"\" class=\"wp-image-2041\" srcset=\"https:\/\/connect2us.eu\/wp-content\/uploads\/2023\/01\/Cover_DEF-189x300.jpg 189w, https:\/\/connect2us.eu\/wp-content\/uploads\/2023\/01\/Cover_DEF-644x1024.jpg 644w, https:\/\/connect2us.eu\/wp-content\/uploads\/2023\/01\/Cover_DEF-768x1222.jpg 768w, https:\/\/connect2us.eu\/wp-content\/uploads\/2023\/01\/Cover_DEF.jpg 880w\" sizes=\"auto, (max-width: 189px) 100vw, 189px\" \/><\/figure>\n\n<h4 class=\"wp-block-heading\" id=\"h-ik-doneer-15-euro-en-ontvang-als-dank-het-e-boek-do-we-have-a-deal\"><br\/>Donar\u00e9 15 euros y recibir\u00e9 el libro electr\u00f3nico \u00bfTenemos un trato?<\/h4>\n\n<p>Transfiere 15,00 euros a la Fundaci\u00f3n Connect2Us, indicando tu direcci\u00f3n de correo.  <\/p>\n\n<p>NL 35 FVLB 0226 7997 43 BIC FVLBNL22<\/p>\n\n<p>Este libro electr\u00f3nico tambi\u00e9n est\u00e1 disponible en<\/p>\n\n<p><a href=\"https:\/\/books.apple.com\/nl\/book\/do-we-have-a-deal\/id6760519932\">Libros de Apple<\/a><\/p>\n\n<p><a href=\"https:\/\/www.barnesandnoble.com\/w\/do-we-have-a-deal-jan-vincent-meertens\/1149698116\">Barnes &amp; Nobles<\/a><\/p>\n\n<p><a href=\"https:\/\/kobo.com\/nl\/ebook\/do-we-have-a-deal-2\">Bolcom<\/a><\/p>\n\n<p>\u00a1Muchas gracias por la donaci\u00f3n!<\/p>\n\n<h4 class=\"wp-block-heading\" id=\"h-ik-doneer-28-50-euro-en-ontvang-als-dank-een-fraaie-paperback-van-do-we-have-a-deal\"><strong>Donar\u00e9 28,50 euros y recibir\u00e9 un precioso libro de bolsillo de \u00bfTenemos un trato? como agradecimiento.<\/strong><\/h4>\n\n<p>Transfiere 28,50 euros o m\u00faltiplos a la Fundaci\u00f3n Connect2Us, indicando tu direcci\u00f3n.  <\/p>\n\n<p>NL 35 FVLB 0226 7997 43 BIC FVLBNL22<\/p>\n\n<p>\u00a1Muchas gracias por la donaci\u00f3n!<\/p>\n\n<p><\/p>\n\n<p><\/p>\n","protected":false},"excerpt":{"rendered":"<p>En este libro (edici\u00f3n 2023), Jan Vincent Meertens, presidente de nuestra Fundaci\u00f3n, proporciona herramientas para negociar y cooperar con m\u00e1s \u00e9xito con personas de otra cultura. Escrito en neerland\u00e9s y desde la perspectiva neerlandesa, el libro es un espejo para el lector neerland\u00e9s: \u00bfc\u00f3mo nos mira la gente a nosotros, los neerlandeses? F\u00e1cilmente accesible y [&hellip;]<\/p>\n","protected":false},"author":3,"featured_media":0,"parent":0,"menu_order":0,"comment_status":"closed","ping_status":"closed","template":"","meta":{"_vp_format_video_url":"","_vp_image_focal_point":[],"footnotes":""},"class_list":["post-3274","page","type-page","status-publish","hentry"],"blocksy_meta":[],"_links":{"self":[{"href":"https:\/\/connect2us.eu\/es\/wp-json\/wp\/v2\/pages\/3274","targetHints":{"allow":["GET"]}}],"collection":[{"href":"https:\/\/connect2us.eu\/es\/wp-json\/wp\/v2\/pages"}],"about":[{"href":"https:\/\/connect2us.eu\/es\/wp-json\/wp\/v2\/types\/page"}],"author":[{"embeddable":true,"href":"https:\/\/connect2us.eu\/es\/wp-json\/wp\/v2\/users\/3"}],"replies":[{"embeddable":true,"href":"https:\/\/connect2us.eu\/es\/wp-json\/wp\/v2\/comments?post=3274"}],"version-history":[{"count":3,"href":"https:\/\/connect2us.eu\/es\/wp-json\/wp\/v2\/pages\/3274\/revisions"}],"predecessor-version":[{"id":4920,"href":"https:\/\/connect2us.eu\/es\/wp-json\/wp\/v2\/pages\/3274\/revisions\/4920"}],"wp:attachment":[{"href":"https:\/\/connect2us.eu\/es\/wp-json\/wp\/v2\/media?parent=3274"}],"curies":[{"name":"wp","href":"https:\/\/api.w.org\/{rel}","templated":true}]}}