{"id":3277,"date":"2020-11-11T12:50:45","date_gmt":"2020-11-11T10:50:45","guid":{"rendered":"https:\/\/staging.connect2us.eu\/dona\/"},"modified":"2025-02-06T11:45:45","modified_gmt":"2025-02-06T09:45:45","slug":"dona","status":"publish","type":"page","link":"https:\/\/connect2us.eu\/es\/dona\/","title":{"rendered":"Dona"},"content":{"rendered":"\n<p>Donantes como t\u00fa ayudan a Connect2Us a alcanzar nuestros objetivos. Conectar a trav\u00e9s del juego, sin fronteras. Nos ayudar\u00e1s a desarrollar m\u00e1s juegos y a compartir historias de forma directa. \u00bfPodemos contar contigo?  <\/p>\n\n<p>Viaja con nosotros a <a href=\"https:\/\/connect2us.eu\/es\/empathy-land\/\">Empathy Land<\/a> y <strong><a href=\"https:\/\/connect2us.eu\/es\/dona-con-el-juego\/\">dona 40,00<\/a><\/strong>. Recibir\u00e1s, si introduces tu direcci\u00f3n, Empathy Land en casa para jugar con tu familia y amigos o para regalar. Un segundo juego se donar\u00e1 a una escuela que atiende a ni\u00f1os ucranianos. <strong><a href=\"https:\/\/connect2us.eu\/es\/dona-con-el-juego\/\">Haz un donativo aqu\u00ed<\/a><\/strong>.  <\/p>\n\n<p>Tambi\u00e9n puedes donar uno o varios <a href=\"https:\/\/connect2us.eu\/es\/donar-paquete-escolar\/\"><strong>paquetes escolares (a 150,00 euros) para donarlos<\/strong><\/a> a una escuela primaria de tu elecci\u00f3n. La de tus hijos, nietos o vecinos. Para ello, elige la segunda opci\u00f3n.    <a href=\"https:\/\/connect2us.eu\/es\/donar-paquete-escolar\/\"><strong>haz tu pedido aqu\u00ed.<\/strong><\/a><\/p>\n\n<p>Tambi\u00e9n puedes recibir un libro de gesti\u00f3n sobre cooperaci\u00f3n intercultural. Por un donativo de 24 euros recibir\u00e1s el libro en tu casa, un libro electr\u00f3nico lo recibir\u00e1s por un donativo de 15 euros.   <a href=\"https:\/\/connect2us.eu\/es\/tenemos-un-trato\/\">Haz clic aqu\u00ed.<\/a><\/p>\n\n<p>Por supuesto, tambi\u00e9n es posible <a href=\"https:\/\/connect2us.eu\/es\/cantidad-de-tu-eleccion\/\"><strong>apoyarnos una sola vez con una cantidad de tu elecci\u00f3n<\/strong>.<\/a><\/p>\n\n<p><strong>Los clubes deportivos, los clubes de servicios<\/strong> y otros grupos pueden colaborar para ver qu\u00e9 es lo que mejor encaja. Env\u00eda un correo electr\u00f3nico a <a href=\"mailto:empathyland@connect2us.eu\">empathyland@connect2us.eu.<\/a> Estaremos encantados de ayudarte en tu elecci\u00f3n.  <\/p>\n\n<p><\/p>\n","protected":false},"excerpt":{"rendered":"<p>Donantes como t\u00fa ayudan a Connect2Us a alcanzar nuestros objetivos. Conectar a trav\u00e9s del juego, sin fronteras. Nos ayudar\u00e1s a desarrollar m\u00e1s juegos y a compartir historias de forma directa. \u00bfPodemos contar contigo? Viaja con nosotros a Empathy Land y dona 40,00. Recibir\u00e1s, si introduces tu direcci\u00f3n, Empathy Land en casa para jugar con tu [&hellip;]<\/p>\n","protected":false},"author":3,"featured_media":0,"parent":0,"menu_order":0,"comment_status":"closed","ping_status":"closed","template":"","meta":{"_vp_format_video_url":"","_vp_image_focal_point":[],"footnotes":""},"class_list":["post-3277","page","type-page","status-publish","hentry"],"blocksy_meta":[],"_links":{"self":[{"href":"https:\/\/connect2us.eu\/es\/wp-json\/wp\/v2\/pages\/3277","targetHints":{"allow":["GET"]}}],"collection":[{"href":"https:\/\/connect2us.eu\/es\/wp-json\/wp\/v2\/pages"}],"about":[{"href":"https:\/\/connect2us.eu\/es\/wp-json\/wp\/v2\/types\/page"}],"author":[{"embeddable":true,"href":"https:\/\/connect2us.eu\/es\/wp-json\/wp\/v2\/users\/3"}],"replies":[{"embeddable":true,"href":"https:\/\/connect2us.eu\/es\/wp-json\/wp\/v2\/comments?post=3277"}],"version-history":[{"count":6,"href":"https:\/\/connect2us.eu\/es\/wp-json\/wp\/v2\/pages\/3277\/revisions"}],"predecessor-version":[{"id":4364,"href":"https:\/\/connect2us.eu\/es\/wp-json\/wp\/v2\/pages\/3277\/revisions\/4364"}],"wp:attachment":[{"href":"https:\/\/connect2us.eu\/es\/wp-json\/wp\/v2\/media?parent=3277"}],"curies":[{"name":"wp","href":"https:\/\/api.w.org\/{rel}","templated":true}]}}