{"id":3279,"date":"2021-10-12T06:26:07","date_gmt":"2021-10-12T04:26:07","guid":{"rendered":"https:\/\/staging.connect2us.eu\/cantidad-de-tu-eleccion\/"},"modified":"2025-08-02T10:35:45","modified_gmt":"2025-08-02T08:35:45","slug":"cantidad-de-tu-eleccion","status":"publish","type":"page","link":"https:\/\/connect2us.eu\/es\/cantidad-de-tu-eleccion\/","title":{"rendered":"Cantidad de tu elecci\u00f3n"},"content":{"rendered":"<h2>No necesito recibir un juego y hacer una donaci\u00f3n \u00fanica a la Fundaci\u00f3n Connect2Us al IBAN<\/h2>\n<h5>NL35 FVLB 0226 7997 43 tnv Stichting Connect2Us<\/h5>\n","protected":false},"excerpt":{"rendered":"<p>No necesito recibir un juego y hacer una donaci\u00f3n \u00fanica a la Fundaci\u00f3n Connect2Us al IBAN NL35 FVLB 0226 7997 43 tnv Stichting Connect2Us<\/p>\n","protected":false},"author":3,"featured_media":0,"parent":0,"menu_order":0,"comment_status":"closed","ping_status":"closed","template":"","meta":{"_vp_format_video_url":"","_vp_image_focal_point":[],"footnotes":""},"class_list":["post-3279","page","type-page","status-publish","hentry"],"blocksy_meta":[],"_links":{"self":[{"href":"https:\/\/connect2us.eu\/es\/wp-json\/wp\/v2\/pages\/3279","targetHints":{"allow":["GET"]}}],"collection":[{"href":"https:\/\/connect2us.eu\/es\/wp-json\/wp\/v2\/pages"}],"about":[{"href":"https:\/\/connect2us.eu\/es\/wp-json\/wp\/v2\/types\/page"}],"author":[{"embeddable":true,"href":"https:\/\/connect2us.eu\/es\/wp-json\/wp\/v2\/users\/3"}],"replies":[{"embeddable":true,"href":"https:\/\/connect2us.eu\/es\/wp-json\/wp\/v2\/comments?post=3279"}],"version-history":[{"count":1,"href":"https:\/\/connect2us.eu\/es\/wp-json\/wp\/v2\/pages\/3279\/revisions"}],"predecessor-version":[{"id":4663,"href":"https:\/\/connect2us.eu\/es\/wp-json\/wp\/v2\/pages\/3279\/revisions\/4663"}],"wp:attachment":[{"href":"https:\/\/connect2us.eu\/es\/wp-json\/wp\/v2\/media?parent=3279"}],"curies":[{"name":"wp","href":"https:\/\/api.w.org\/{rel}","templated":true}]}}