{"id":3283,"date":"2021-10-06T10:20:20","date_gmt":"2021-10-06T08:20:20","guid":{"rendered":"https:\/\/staging.connect2us.eu\/haz-un-donativo-y-viaja-con-nosotros-a-empathy-land\/"},"modified":"2024-09-30T17:01:47","modified_gmt":"2024-09-30T15:01:47","slug":"haz-un-donativo-y-viaja-con-nosotros-a-empathy-land","status":"publish","type":"page","link":"https:\/\/connect2us.eu\/es\/haz-un-donativo-y-viaja-con-nosotros-a-empathy-land\/","title":{"rendered":"\u00a1Haz un donativo y viaja con nosotros a Empathy Land!"},"content":{"rendered":"<p><em><img loading=\"lazy\" decoding=\"async\" class=\"aligncenter wp-image-1250\" src=\"https:\/\/connect2us.eu\/wp-content\/uploads\/2021\/03\/Bord-schuin-2-300x225.jpg\" alt=\"\" width=\"487\" height=\"365\" srcset=\"https:\/\/connect2us.eu\/wp-content\/uploads\/2021\/03\/Bord-schuin-2-300x225.jpg 300w, https:\/\/connect2us.eu\/wp-content\/uploads\/2021\/03\/Bord-schuin-2-1024x768.jpg 1024w\" sizes=\"auto, (max-width: 487px) 100vw, 487px\" \/><\/em><\/p>\n<p style=\"text-align: right;\"><em>Cerramos la brecha porque sabemos que, para anteponer nuestro futuro, <\/em><em>primero debemos dejar de lado nuestras diferencias\u00bb <\/em>Amanda Gorman 2021<\/p>\n<p>  En esta \u00abSemana de la Diversidad\u00bb, \u00bfayudar\u00e1s tambi\u00e9n a los ni\u00f1os a hablar entre ellos sobre costumbres y h\u00e1bitos?<br \/>\n\u00a1Haz un donativo ahora y viaja con nosotros <strong><a href=\"https:\/\/www.connect2us.eu\/doneer\">al Pa\u00eds de la Empat\u00eda<\/a>!<\/strong> Vivimos en una sociedad en la que la comprensi\u00f3n y el respeto por la cultura de los dem\u00e1s son cada vez m\u00e1s importantes.<br \/>\nJunto con varios ni\u00f1os de primaria y sus profesores, la Fundaci\u00f3n Connect2Us ha desarrollado Empathy Land.<br \/>\nUn juego de mesa emocionante y educativo que fomenta la comprensi\u00f3n mutua.<br \/>\nJugando a Empathy Land, los alumnos aprenden a debatir respetuosamente entre ellos y a defender sus opiniones.<br \/>\n\u00bfC\u00f3mo lo hace tu familia?<br \/>\nEstamos acostumbrados a hacerlo as\u00ed y as\u00e1.<br \/>\nLos ni\u00f1os aprenden a comprender y, sobre todo, a aceptar las diferencias.<br \/>\nNo tenemos que adoptar las costumbres de los dem\u00e1s, pero comprendernos crea solidaridad y un mundo mejor.<br \/>\nAdem\u00e1s, vemos mejor lo que nos une.           <strong><a href=\"https:\/\/www.connect2us.eu\/achtergrond\/\"><a href=\"https:\/\/www.connect2us.eu\/achtergrond\/\">Lee m\u00e1s aqu\u00ed.<\/a><\/a><\/strong>  En resumen: los ni\u00f1os desarrollan la empat\u00eda, aprenden a pensar cr\u00edticamente y a reconocer mejor las opiniones infundadas y, por tanto, los prejuicios.<br \/>\nEl juego es biling\u00fce, neerland\u00e9s e ingl\u00e9s.<br \/>\n\u00a1Estamos muy orgullosos de Empathy land!<br \/>\nSi a ti tambi\u00e9n te parece una gran iniciativa, ay\u00fadanos a llegar al mayor n\u00famero posible de ni\u00f1os:     <\/p>\n<ul>\n<li><strong>Haciendo un donativo con una cantidad seg\u00fan lema<\/strong><strong>. <a href=\"https:\/\/www.connect2us.eu\/bedrag-naar-keuze\/\">Haz clic aqu\u00ed para hacer un donativo<\/a>.<\/strong><\/li>\n<li><strong><a href=\"https:\/\/www.connect2us.eu\/doneer-met-spel\/\">Con un donativo de 40 euros<\/a>,<\/strong> recibir\u00e1s un ejemplar de Empathy Land como agradecimiento para que puedas jugar al juego con tus (nietos), amigos, vecinos y compa\u00f1eros.<br \/>\nLos adultos tambi\u00e9n disfrutan jugando al juego.   <a href=\"https:\/\/www.connect2us.eu\/doneer-met-spel\/\"><strong>Haz clic aqu\u00ed para hacer un donativo.<\/strong><\/a><\/li>\n<li>Donando, posiblemente junto con tu asociaci\u00f3n o club (de servicios), uno o varios <a href=\"https:\/\/www.connect2us.eu\/doneer-schoolpakket\/\"><strong>paquetes escolares (150,- euros) para donar <\/strong><\/a>a una escuela.<br \/>\nLa que est\u00e1 a la vuelta de la esquina, en la comunidad, de tus hijos o nietos o la escuela del pasado.<br \/>\nSe necesitan 5 juegos para que una clase de hasta 30 ni\u00f1os puedan hacer juntos el viaje al Pa\u00eds de la Empat\u00eda. <strong><a href=\"https:\/\/www.connect2us.eu\/doneer-schoolpakket\/\">Haz clic aqu\u00ed para donar<\/a>.<\/strong>  <\/li>\n<li>Y <strong>compartiendo este post<\/strong> con los dem\u00e1s.<\/li>\n<\/ul>\n<p>  El contador para este proyecto asciende a casi 10.500 euros.<br \/>\nEl dinero se utilizar\u00e1 para poner los juegos en producci\u00f3n y llegar a los ni\u00f1os.<br \/>\nPara tener un buen comienzo a trav\u00e9s de un gran grupo de escuelas, aspiramos a conseguir 50.000 euros.<br \/>\nPor tanto, toda ayuda es bienvenida.<br \/>\nTu donaci\u00f3n es deducible de impuestos, Stichting Connect2Us es una instituci\u00f3n ANBI y <a href=\"https:\/\/www.cbf.nl\/organisatie\/connect2us\">est\u00e1 certificada por la CBF<\/a>.<br \/>\nSi haces clic en <a href=\"https:\/\/www.connect2us.eu\/reis-mee\">este enlace<\/a> encontrar\u00e1s m\u00e1s informaci\u00f3n de fondo y este es un enlace a la <a href=\"https:\/\/www.connect2us.eu\/doneer\">p\u00e1gina de donativos<\/a>.<br \/>\nPara mantenerte al d\u00eda de las novedades, haz clic en \u00abMe gusta\u00bb en nuestra <a href=\"https:\/\/m.facebook.com\/Connect2Us.eu\/\">p\u00e1gina de Facebook<\/a> o <a href=\"https:\/\/www.instagram.com\/connect2us.eu\/\">Instagram. <\/a> Gracias por leer (y compartir) este post.<br \/>\nMuchas gracias, tambi\u00e9n en nombre de los ni\u00f1os y voluntarios que hacen posible Empathy Land, Jan Vincent Meertens Presidente         <strong> <\/strong><\/p>\n","protected":false},"excerpt":{"rendered":"<p>Cerramos la brecha porque sabemos que, para anteponer nuestro futuro, primero debemos dejar de lado nuestras diferencias\u00bb Amanda Gorman 2021 En esta \u00abSemana de la Diversidad\u00bb, \u00bfayudar\u00e1s tambi\u00e9n a los ni\u00f1os a hablar entre ellos sobre costumbres y h\u00e1bitos? \u00a1Haz un donativo ahora y viaja con nosotros al Pa\u00eds de la Empat\u00eda! Vivimos en una [&hellip;]<\/p>\n","protected":false},"author":3,"featured_media":0,"parent":0,"menu_order":0,"comment_status":"closed","ping_status":"closed","template":"","meta":{"_vp_format_video_url":"","_vp_image_focal_point":[],"footnotes":""},"class_list":["post-3283","page","type-page","status-publish","hentry"],"blocksy_meta":[],"_links":{"self":[{"href":"https:\/\/connect2us.eu\/es\/wp-json\/wp\/v2\/pages\/3283","targetHints":{"allow":["GET"]}}],"collection":[{"href":"https:\/\/connect2us.eu\/es\/wp-json\/wp\/v2\/pages"}],"about":[{"href":"https:\/\/connect2us.eu\/es\/wp-json\/wp\/v2\/types\/page"}],"author":[{"embeddable":true,"href":"https:\/\/connect2us.eu\/es\/wp-json\/wp\/v2\/users\/3"}],"replies":[{"embeddable":true,"href":"https:\/\/connect2us.eu\/es\/wp-json\/wp\/v2\/comments?post=3283"}],"version-history":[{"count":1,"href":"https:\/\/connect2us.eu\/es\/wp-json\/wp\/v2\/pages\/3283\/revisions"}],"predecessor-version":[{"id":3461,"href":"https:\/\/connect2us.eu\/es\/wp-json\/wp\/v2\/pages\/3283\/revisions\/3461"}],"wp:attachment":[{"href":"https:\/\/connect2us.eu\/es\/wp-json\/wp\/v2\/media?parent=3283"}],"curies":[{"name":"wp","href":"https:\/\/api.w.org\/{rel}","templated":true}]}}