{"id":3285,"date":"2021-10-12T06:24:31","date_gmt":"2021-10-12T04:24:31","guid":{"rendered":"https:\/\/staging.connect2us.eu\/donar-paquete-escolar\/"},"modified":"2025-08-02T10:37:13","modified_gmt":"2025-08-02T08:37:13","slug":"donar-paquete-escolar","status":"publish","type":"page","link":"https:\/\/connect2us.eu\/es\/donar-paquete-escolar\/","title":{"rendered":"Dona el pack escolar Empathy Land"},"content":{"rendered":"<p>Transfiere 150,00 euros o m\u00faltiplos a la Fundaci\u00f3n Connect2Us, indicando tu direcci\u00f3n postal. Nos pondremos en contacto contigo inmediatamente para organizar el env\u00edo del paquete a la escuela o escuelas. <\/p>\n<p>NL 35 FVLB 0226 7997 43 BIC FVLBNL22<\/p>\n<p>\u00a1Muchas gracias por la donaci\u00f3n!<\/p>\n\n<p><\/p>\n","protected":false},"excerpt":{"rendered":"<p>Transfiere 150,00 euros o m\u00faltiplos a la Fundaci\u00f3n Connect2Us, indicando tu direcci\u00f3n postal. Nos pondremos en contacto contigo inmediatamente para organizar el env\u00edo del paquete a la escuela o escuelas. NL 35 FVLB 0226 7997 43 BIC FVLBNL22 \u00a1Muchas gracias por la donaci\u00f3n!<\/p>\n","protected":false},"author":3,"featured_media":0,"parent":0,"menu_order":0,"comment_status":"closed","ping_status":"closed","template":"","meta":{"_vp_format_video_url":"","_vp_image_focal_point":[],"footnotes":""},"class_list":["post-3285","page","type-page","status-publish","hentry"],"blocksy_meta":[],"_links":{"self":[{"href":"https:\/\/connect2us.eu\/es\/wp-json\/wp\/v2\/pages\/3285","targetHints":{"allow":["GET"]}}],"collection":[{"href":"https:\/\/connect2us.eu\/es\/wp-json\/wp\/v2\/pages"}],"about":[{"href":"https:\/\/connect2us.eu\/es\/wp-json\/wp\/v2\/types\/page"}],"author":[{"embeddable":true,"href":"https:\/\/connect2us.eu\/es\/wp-json\/wp\/v2\/users\/3"}],"replies":[{"embeddable":true,"href":"https:\/\/connect2us.eu\/es\/wp-json\/wp\/v2\/comments?post=3285"}],"version-history":[{"count":2,"href":"https:\/\/connect2us.eu\/es\/wp-json\/wp\/v2\/pages\/3285\/revisions"}],"predecessor-version":[{"id":4665,"href":"https:\/\/connect2us.eu\/es\/wp-json\/wp\/v2\/pages\/3285\/revisions\/4665"}],"wp:attachment":[{"href":"https:\/\/connect2us.eu\/es\/wp-json\/wp\/v2\/media?parent=3285"}],"curies":[{"name":"wp","href":"https:\/\/api.w.org\/{rel}","templated":true}]}}