{"id":3286,"date":"2021-02-08T20:35:09","date_gmt":"2021-02-08T18:35:09","guid":{"rendered":"https:\/\/staging.connect2us.eu\/tierra-de-empatia\/"},"modified":"2025-08-02T10:45:58","modified_gmt":"2025-08-02T08:45:58","slug":"empathy-land","status":"publish","type":"page","link":"https:\/\/connect2us.eu\/es\/empathy-land\/","title":{"rendered":"Empathy Land"},"content":{"rendered":"\n<h5 class=\"wp-block-heading\" id=\"h-ondersteuning-bij-taal-en-burgerschapsvaardigheden-in-het-onderwijs-nt2-taaltrainingen-en-andere-interculturele-activiteiten\">Apoyo a las competencias ling\u00fc\u00edsticas y ciudadanas en la educaci\u00f3n, formaci\u00f3n ling\u00fc\u00edstica NT2 y otras actividades interculturales<\/h5>\n\n<figure class=\"wp-block-image size-medium\"><img loading=\"lazy\" decoding=\"async\" width=\"300\" height=\"225\" src=\"https:\/\/connect2us.eu\/wp-content\/uploads\/2021\/03\/Bord-schuin-2-300x225.jpg\" alt=\"\" class=\"wp-image-1250\" srcset=\"https:\/\/connect2us.eu\/wp-content\/uploads\/2021\/03\/Bord-schuin-2-300x225.jpg 300w, https:\/\/connect2us.eu\/wp-content\/uploads\/2021\/03\/Bord-schuin-2-1024x768.jpg 1024w\" sizes=\"auto, (max-width: 300px) 100vw, 300px\" \/><\/figure>\n\n<p>Compartimos m\u00e1s palabras entre nosotros que nunca. Pero, \u00bfcu\u00e1ntas personas se escuchan realmente, se comprenden? No s\u00f3lo estamos distra\u00eddos por la tecnolog\u00eda, sino que vemos l\u00edderes por todas partes haciendo de todo menos<em>\u00abescucharse\u00bb unos a otros.<\/em> La escucha eficaz afecta a la forma en que<em>\u00abmiramos<\/em> \u00bb al otro<em>.<\/em> Compartiendo historias y dejando que los ni\u00f1os entablen un di\u00e1logo l\u00fadico sobre temas que de otro modo no abordar\u00edan f\u00e1cilmente, aprendemos a escucharnos mejor y a descubrir lo que nos une, de persona a persona. Y tenemos encuentros m\u00e1s significativos. Desarrollamos capital cultural para nosotros mismos, acercamos culturas y comprendemos mejor la diversidad en la comunidad global.     <\/p>\n\n<p>Un viaje al pa\u00eds de la empat\u00eda\u00bb es un juego que Connect2Us ha desarrollado con estudiantes de psicolog\u00eda de la Universidad de Tilburgo. El juego se ha desplegado en varias escuelas y en caf\u00e9s de idiomas. <\/p>\n\n<p>El objetivo de Empathy Land es desarrollar las competencias ciudadanas y, en particular, las interculturales: mediante la concienciaci\u00f3n, la comprensi\u00f3n y la aceptaci\u00f3n. Los ni\u00f1os desarrollan la comprensi\u00f3n hacia los dem\u00e1s, aprenden a pensar de forma cr\u00edtica y as\u00ed se arman contra las opiniones infundadas en y sobre los medios de comunicaci\u00f3n (sociales). Jugando, los alumnos aprenden a debatir respetuosamente y a defender sus opiniones. Al hacerlo, la escuela invierte en habilidades sociales emocionales y ciudadanas y en valiosos encuentros; tambi\u00e9n aumenta la seguridad social en el aula y en la escuela.   <\/p>\n\n<p>Empathy Land\u00bb es un juego de mesa dise\u00f1ado espec\u00edficamente para entrenar a los jugadores en las habilidades blandas necesarias para una interacci\u00f3n intercultural satisfactoria. A trav\u00e9s del principio del juego, fomentamos la motivaci\u00f3n intr\u00ednseca de los alumnos para que quieran ganar la partida, exigi\u00e9ndoles que empaticen realmente con los dem\u00e1s participantes, sus familias y costumbres y, al mismo tiempo, con las suyas propias. <\/p>\n\n<h3 class=\"wp-block-heading\" id=\"h-expertise-connect2us\">Experiencia Connect2us<\/h3>\n\n<p>Desde su creaci\u00f3n en 2016, la fundaci\u00f3n ha crecido hasta incluir a un grupo de expertos en comunicaci\u00f3n intercultural, psic\u00f3logos y educadores; un equipo de m\u00e1s de 25 voluntarios. Adem\u00e1s de la composici\u00f3n multicultural del equipo y de la experiencia vital de los implicados, la Fundaci\u00f3n cuenta con expertos de gran calidad en materia de cultura. Los fundadores y varios voluntarios est\u00e1n asociados al renombrado cient\u00edfico holand\u00e9s Geert Hofstede, que ha validado las historias de nuestra plataforma y nuestro enfoque de las mismas. Geert Hofstede ha llevado a cabo una investigaci\u00f3n de renombre mundial sobre las diferencias entre las culturas nacionales en la forma en que los individuos y las organizaciones se ven unos a otros y a los \u00abotros\u00bb. Su investigaci\u00f3n es sin duda inestimable. En primer lugar, por la abrumadora cantidad de datos que abarcan pr\u00e1cticamente todo el mundo y, en segundo lugar, porque las dimensiones de su investigaci\u00f3n permiten una comparaci\u00f3n relevante entre culturas nacionales. En Connect2Us, trasladamos esas diferencias a la vida cotidiana. La comprensi\u00f3n y la aceptaci\u00f3n de esas diferencias hacen que uno se d\u00e9 cuenta de lo que todos tenemos en com\u00fan. La Fundaci\u00f3n quiere desbloquear este conocimiento para la educaci\u00f3n y la sociedad en general. Luchamos por una sociedad diversa en la que la libertad y la tolerancia sean centrales y se eliminen los prejuicios sobre el origen, y por lograr una mayor cohesi\u00f3n en la sociedad.<\/p>\n\n<h3 class=\"wp-block-heading\" id=\"h-zonder-winstoogmerk\">Sin \u00e1nimo de lucro<\/h3>\n\n<p>La fundaci\u00f3n cuenta con un patronato experimentado y funciona conforme al C\u00f3digo de Conducta de las Organizaciones Ben\u00e9ficas de Holanda. En marzo de 2017, la fundaci\u00f3n obtuvo el estatus de ANBI. En 2018, Connect2Us fue reconocida por la CBF, que supervisa a las organizaciones ben\u00e9ficas reconocidas. Desde 2024, la Fundaci\u00f3n mantiene las normas de la CBF pero no incurre en el coste de la certificaci\u00f3n&#8230;.<\/p>\n\n<h3 class=\"wp-block-heading\" id=\"h-op-school\">En la escuela<\/h3>\n\n<p><em>\u00abLos ni\u00f1os crecen en una sociedad pluralista y aprenden a comprender y, sobre todo, a aceptar las diferencias. No tenemos que adoptar las costumbres de los dem\u00e1s, pero comprendernos crea uni\u00f3n y un mundo mejor. Los ni\u00f1os adquieren conocimiento y comprensi\u00f3n de ciertos valores y normas propios y ajenos y saben c\u00f3mo actuar en consecuencia. As\u00ed ven mejor lo que les une. Del asombro a la conexi\u00f3n\u00bb.<\/em><\/p>\n\n<p>Empathy Land es un juego de mesa emocionante e instructivo que, entre otras cosas, contribuye a las competencias ciudadanas en la educaci\u00f3n primaria. Es una herramienta que puede utilizarse regularmente y en cualquier momento para las clases de ciudadan\u00eda y para Orientaci\u00f3n hacia ti mismo y el mundo &#8211; El hombre y la sociedad &#8211; objetivo principal 37 en particular. Ense\u00f1a a los alumnos a orientarse en el mundo cercano, lejano, de antes y de ahora. El juego es adecuado para alumnos de 5\u00ba a 8\u00ba curso. Pero, sobre todo, el juego permite hablar abierta y l\u00fadicamente entre nosotros sobre lo que nos hace \u00fanicos y nos une. Ense\u00f1a a los alumnos que tenemos mucho que ofrecernos unos a otros a partir de la diversidad cultural.     <\/p>\n\n<p>Los ni\u00f1os mantienen animadas conversaciones sobre su situaci\u00f3n en casa. Los profesores escuchan conversaciones espont\u00e1neas que no habr\u00edan imaginado sin el juego. Recibimos este comentario de un colegio de Drachten despu\u00e9s de jugar a Empathy Land:  <\/p>\n\n<p><em>\u00abEn un grupo con muchos hablantes no nativos, los alumnos disfrutaron mucho debatiendo entre ellos sobre las similitudes. Hubo mucha sorpresa sobre algunas de las diferencias, los alumnos no paraban de hacerse preguntas unos a otros.\u00bb<\/em><\/p>\n\n<p>Los juegos est\u00e1n listos para jugar y pueden ser facilitados f\u00e1cilmente por el profesor. Las instrucciones para los profesores se pueden encontrar mediante un c\u00f3digo QR en la caja. <\/p>\n\n<p>Hay talleres para profesores para mejorar sus conocimientos y habilidades interculturales. El juego es biling\u00fce, neerland\u00e9s e ingl\u00e9s. <\/p>\n\n<p>El punto de partida es que las escuelas pagar\u00e1n un copago por Empathy Land. Con 5 juegos necesarios para una clase, los centros escolares podr\u00e1n presupuestar su propia contribuci\u00f3n para Empathy Land a 115. Esperamos financiar la fase previa con pedidos anticipados, subvenciones y donativos.  <\/p>\n\n<h3 class=\"wp-block-heading\" id=\"h-taaltrainingen-en-taalcafe-s\">Cursos de idiomas y caf\u00e9s de idiomas<\/h3>\n\n<p>El juego es ideal para la formaci\u00f3n ling\u00fc\u00edstica de los reci\u00e9n llegados. Mientras juegan, los participantes aprenden m\u00e1s palabras en neerland\u00e9s y, al mismo tiempo, se hacen una idea de la cultura neerlandesa. Luego, tambi\u00e9n pueden contar sus propias costumbres y h\u00e1bitos a los dem\u00e1s participantes. Al final, \u00a1todos los jugadores acaban en el Pa\u00eds de la Empat\u00eda!   <\/p>\n\n<p>Se ofrecen talleres para profesores con el fin de mejorar sus conocimientos y habilidades interculturales.El juego es biling\u00fce, neerland\u00e9s e ingl\u00e9s.<\/p>\n\n<h3 class=\"wp-block-heading\" id=\"h-doneer\">\u00a1Dona!<\/h3>\n\n<p>\u00a1Estamos muy orgullosos de Empathy Land! Si a ti tambi\u00e9n te parece una gran iniciativa, ay\u00fadanos a llegar al mayor n\u00famero de personas posible. <\/p>\n\n<ul class=\"wp-block-list\">\n<li><a href=\"https:\/\/connect2us.eu\/es\/dona-con-el-juego\/\">Haciendo un donativo<\/a>. Con 40 euros recibir\u00e1s un ejemplar de Empathy Land como agradecimiento para que puedas jugar al juego con tus (nietos), amigos, vecinos y colegas. Los adultos tambi\u00e9n disfrutan jugando al juego. Se donar\u00e1 un segundo juego a una escuela.   <\/li>\n\n\n\n<li>Donando, posiblemente junto con tu asociaci\u00f3n o club (de servicios), uno o varios <a href=\"https:\/\/connect2us.eu\/es\/donar-paquete-escolar\/\">paquetes escolares (150,- euros) <\/a>a una o varias escuelas. Las de la esquina, las de la comunidad, las de tus hijos o nietos o la escuela de anta\u00f1o. Se necesitan 5 juegos para que una clase de hasta 30 ni\u00f1os hagan juntos el viaje a Empathy Land.  <\/li>\n\n\n\n<li>Los centros escolares pueden <a href=\"https:\/\/connect2us.eu\/es\/paquete-escolar\/\">solicitar su paquete a trav\u00e9s de este enlace<\/a>.<\/li>\n<\/ul>\n\n<figure class=\"wp-block-image size-full\"><img loading=\"lazy\" decoding=\"async\" width=\"768\" height=\"537\" src=\"https:\/\/connect2us.eu\/wp-content\/uploads\/2024\/11\/GraphicPresentation-kopie.jpg\" alt=\"\" class=\"wp-image-4133\" srcset=\"https:\/\/connect2us.eu\/wp-content\/uploads\/2024\/11\/GraphicPresentation-kopie.jpg 768w, https:\/\/connect2us.eu\/wp-content\/uploads\/2024\/11\/GraphicPresentation-kopie-300x210.jpg 300w, https:\/\/connect2us.eu\/wp-content\/uploads\/2024\/11\/GraphicPresentation-kopie-500x350.jpg 500w\" sizes=\"auto, (max-width: 768px) 100vw, 768px\" \/><\/figure>\n\n<figure class=\"wp-block-image aligncenter\"><img loading=\"lazy\" decoding=\"async\" width=\"300\" height=\"157\" src=\"https:\/\/www.connect2us.eu\/wp-content\/uploads\/2020\/11\/geef-gerust-logo.png\" alt=\"\" class=\"wp-image-922\"\/><\/figure>\n\n<p><\/p>\n","protected":false},"excerpt":{"rendered":"<p>Apoyo a las competencias ling\u00fc\u00edsticas y ciudadanas en la educaci\u00f3n, formaci\u00f3n ling\u00fc\u00edstica NT2 y otras actividades interculturales Compartimos m\u00e1s palabras entre nosotros que nunca. Pero, \u00bfcu\u00e1ntas personas se escuchan realmente, se comprenden? No s\u00f3lo estamos distra\u00eddos por la tecnolog\u00eda, sino que vemos l\u00edderes por todas partes haciendo de todo menos\u00abescucharse\u00bb unos a otros. La escucha [&hellip;]<\/p>\n","protected":false},"author":3,"featured_media":0,"parent":0,"menu_order":0,"comment_status":"closed","ping_status":"closed","template":"","meta":{"_vp_format_video_url":"","_vp_image_focal_point":[],"footnotes":""},"class_list":["post-3286","page","type-page","status-publish","hentry"],"blocksy_meta":[],"_links":{"self":[{"href":"https:\/\/connect2us.eu\/es\/wp-json\/wp\/v2\/pages\/3286","targetHints":{"allow":["GET"]}}],"collection":[{"href":"https:\/\/connect2us.eu\/es\/wp-json\/wp\/v2\/pages"}],"about":[{"href":"https:\/\/connect2us.eu\/es\/wp-json\/wp\/v2\/types\/page"}],"author":[{"embeddable":true,"href":"https:\/\/connect2us.eu\/es\/wp-json\/wp\/v2\/users\/3"}],"replies":[{"embeddable":true,"href":"https:\/\/connect2us.eu\/es\/wp-json\/wp\/v2\/comments?post=3286"}],"version-history":[{"count":10,"href":"https:\/\/connect2us.eu\/es\/wp-json\/wp\/v2\/pages\/3286\/revisions"}],"predecessor-version":[{"id":4673,"href":"https:\/\/connect2us.eu\/es\/wp-json\/wp\/v2\/pages\/3286\/revisions\/4673"}],"wp:attachment":[{"href":"https:\/\/connect2us.eu\/es\/wp-json\/wp\/v2\/media?parent=3286"}],"curies":[{"name":"wp","href":"https:\/\/api.w.org\/{rel}","templated":true}]}}