{"id":3299,"date":"2021-02-19T12:41:51","date_gmt":"2021-02-19T10:41:51","guid":{"rendered":"https:\/\/staging.connect2us.eu\/sobre-el-proyecto\/"},"modified":"2025-08-02T10:46:04","modified_gmt":"2025-08-02T08:46:04","slug":"sobre-el-proyecto","status":"publish","type":"page","link":"https:\/\/connect2us.eu\/es\/sobre-el-proyecto\/","title":{"rendered":"Sobre el proyecto"},"content":{"rendered":"\n<h3 class=\"wp-block-heading\" id=\"h-van-verbazing-naar-verbinding\">Del asombro a la conexi\u00f3n<\/h3>\n\n<p>Trabajamos, vivimos y comemos con personas de todo el mundo, y eso nos parece emocionante e inspirador siempre que las cosas vayan como esperamos. Si las cosas van de forma distinta a la que esperamos o si alguien se comunica de forma distinta a nosotros, no siempre sabemos que puede haber un malentendido cultural y c\u00f3mo resolverlo. Connect2Us se esfuerza por prevenir y resolver esos malentendidos.   De la sorpresa a la conexi\u00f3n.<\/p>\n\n<p>La Fundaci\u00f3n Connect2Us, creada en 2016, es una fundaci\u00f3n sin \u00e1nimo de lucro, con estatus ANBI y certificaci\u00f3n CBF hasta 2024. La fundaci\u00f3n sigue cumpliendo las normas CBF, aunque sin estar certificada para ello.   <\/p>\n\n<h3 class=\"wp-block-heading\" id=\"h-visie\">Visi\u00f3n<\/h3>\n\n<p>En la comunicaci\u00f3n entre personas de distintos or\u00edgenes culturales, las diferencias culturales pueden desempe\u00f1ar un papel perturbador. Las percepciones err\u00f3neas crean prejuicios. Connect2Us quiere contribuir a la comprensi\u00f3n, al pensamiento cr\u00edtico y a prevenir o eliminar estos prejuicios para que podamos ver lo mucho que realmente tenemos en com\u00fan.  <\/p>\n\n<h3 class=\"wp-block-heading\" id=\"h-missie\">Misi\u00f3n<\/h3>\n\n<p>Luchamos por una sociedad diversa en la que la libertad y la tolerancia sean centrales y se eliminen los prejuicios sobre el origen.<\/p>\n\n<blockquote class=\"wp-block-quote is-layout-flow wp-block-quote-is-layout-flow\">\n<p><strong><em>Una sociedad diversa sin prejuicios sobre el origen<\/em><\/strong><\/p>\n<\/blockquote>\n\n<h3 class=\"wp-block-heading\" id=\"h-kernwaarden\">Valores fundamentales<\/h3>\n\n<p>Los cuatro valores fundamentales de Connect2Us (conexi\u00f3n, apertura, respeto mutuo, sostenibilidad) apoyan los objetivos y, junto con diversos programas, crean los marcos para alcanzar nuestra meta.<\/p>\n\n<h3 class=\"wp-block-heading\" id=\"h-verbindend\">Conectando<\/h3>\n\n<p>Las actividades de Connect2Us se centran en la conexi\u00f3n, la conexi\u00f3n sin fronteras. Las actividades fomentan la cohesi\u00f3n integral de las personas, las organizaciones y la sociedad. <\/p>\n\n<h3 class=\"wp-block-heading\" id=\"h-open\">Abre<\/h3>\n\n<p>Connect2Us est\u00e1 abierto a todo el mundo, independientemente de sus creencias, religi\u00f3n, afiliaci\u00f3n pol\u00edtica, origen, color, sexo u orientaci\u00f3n sexual.<\/p>\n\n<h3 class=\"wp-block-heading\" id=\"h-wederzijds-respect\">Respeto mutuo<\/h3>\n\n<p>Connect2Us tiene en cuenta y asume el respeto mutuo por la visi\u00f3n del mundo o la religi\u00f3n de cada uno. Connect2Us ha establecido c\u00f3mo y d\u00f3nde un voluntario o miembro del personal puede denunciar una situaci\u00f3n insegura y qu\u00e9 se har\u00e1 para tramitar la denuncia.<\/p>\n\n<h3 class=\"wp-block-heading\" id=\"h-duurzame-ontwikkelingsdoelen\">Objetivos de Desarrollo Sostenible<\/h3>\n\n<p>Los Objetivos de Desarrollo Sostenible (ODS) son 17 objetivos para hacer del mundo un lugar mejor en 2030. Connect2Us pretende apoyar estos objetivos (4, 10, 16 y 17). Dentro del ODS 10, hay espacio para la migraci\u00f3n. \u00abLa migraci\u00f3n y la movilidad de las personas deben organizarse mejor y de forma m\u00e1s segura. Tambi\u00e9n hay que poner fin a las leyes y pr\u00e1cticas discriminatorias que no hacen sino exacerbar la desigualdad. Todos deben tener las mismas oportunidades y participar en todos los aspectos sociales, econ\u00f3micos y pol\u00edticos de la sociedad.\u00bb Objetivo 16: \u00abPromover sociedades pac\u00edficas e inclusivas para el desarrollo sostenible\u00bb.    <\/p>\n\n<h3 class=\"wp-block-heading\" id=\"h-doelstellingen\">Objetivos<\/h3>\n\n<p>La migraci\u00f3n es un fen\u00f3meno milenario que siempre ha contribuido al desarrollo de nuestra civilizaci\u00f3n y prosperidad. Durante la integraci\u00f3n en los nuevos pa\u00edses, los emigrantes se encuentran a menudo con situaciones en las que surgen diferencias culturales. Estas situaciones cotidianas pueden ser agradables, pero tambi\u00e9n inc\u00f3modas o incluso desconcertantes. Para fomentar la aceptaci\u00f3n y la integraci\u00f3n pac\u00edficas y combatir la polarizaci\u00f3n que socava la paz, Connect2Us hace que las diferencias culturales sean accesibles y comprensibles. Para holandeses y para reci\u00e9n llegados. Para la educaci\u00f3n y para el gobierno. Para padres e hijos. Para personal sanitario y pacientes. Para todos.<\/p>\n\n<p>Las historias, juegos y explicaciones de Connect2Us proporcionan una introducci\u00f3n clara a una convivencia intercultural m\u00e1s agradable y fluida.<\/p>\n\n<p>Connect2Us ha elegido los Pa\u00edses Bajos como principal zona de operaciones. Mientras tanto, Connect2Us tiene sucursales en Luxemburgo y Alemania. <\/p>\n\n<h3 class=\"wp-block-heading\" id=\"h-connect2us-heeft-als-doelstellingen\">Los objetivos de Connect2Us son<\/h3>\n\n<ul class=\"wp-block-list\">\n<li>Llegar al mayor p\u00fablico posible en los pa\u00edses donde tenemos una plataforma.<\/li>\n\n\n\n<li>Educar a los ni\u00f1os en edad escolar a trav\u00e9s del juego.<\/li>\n\n\n\n<li>Educar a determinadas profesiones de los sectores sociales mediante juegos, seminarios web y talleres.<\/li>\n<\/ul>\n\n<h3 class=\"wp-block-heading\" id=\"h-doelgroepen\">Grupos destinatarios<\/h3>\n\n<p>En principio, la plataforma est\u00e1 dirigida a todos los residentes de los pa\u00edses representados en el sitio web, con especial atenci\u00f3n a los siguientes grupos destinatarios:<\/p>\n\n<ul class=\"wp-block-list\">\n<li>Escolares (j\u00f3venes)<\/li>\n\n\n\n<li>Profesores<\/li>\n\n\n\n<li>Familias expatriadas y sus colegas y amigos holandeses<\/li>\n\n\n\n<li>Estudiantes<\/li>\n\n\n\n<li>Cuidadores<\/li>\n<\/ul>\n\n<p>Nos centraremos en estos grupos y los proyectaremos en el pr\u00f3ximo periodo, siempre bas\u00e1ndonos en el \u00e9xito del grupo objetivo \u00abanterior\u00bb.<\/p>\n\n<h3 class=\"wp-block-heading\" id=\"h-expertise\">Experiencia<\/h3>\n\n<p>Desde su creaci\u00f3n en 2016, la fundaci\u00f3n se ha convertido en un conjunto de expertos en comunicaci\u00f3n intercultural, psic\u00f3logos y educadores; un equipo de m\u00e1s de 25 voluntarios. Adem\u00e1s de la composici\u00f3n multicultural del equipo y de la experiencia vital de los implicados, la Fundaci\u00f3n cuenta con expertos de gran calidad en materia de cultura. Los fundadores y varios voluntarios est\u00e1n relacionados con el acad\u00e9mico Geert Hofstede, recientemente fallecido, que valid\u00f3 las historias de nuestra plataforma y nuestro enfoque de las mismas. Geert Hofstede llev\u00f3 a cabo una investigaci\u00f3n de renombre mundial sobre las diferencias entre las culturas nacionales en la forma en que los individuos ven las organizaciones, a los dem\u00e1s y a los \u00abotros\u00bb. Su investigaci\u00f3n tiene un valor incalculable.   En primer lugar, por la abrumadora cantidad de datos que abarcan pr\u00e1cticamente todo el mundo y, en segundo lugar, porque las dimensiones de su investigaci\u00f3n permiten una comparaci\u00f3n relevante entre culturas nacionales. En Connect2Us, trasladamos esas diferencias a la vida cotidiana. Comprender y aceptar esas diferencias hace que uno se d\u00e9 cuenta de lo que todos tenemos en com\u00fan.<\/p>\n\n<p>Cuando los emigrantes se establecen en un nuevo pa\u00eds, a menudo se encuentran con situaciones en las que las diferencias culturales pasan a primer plano. Las situaciones normales y cotidianas pueden ser agradables, pero tambi\u00e9n inc\u00f3modas o incluso desconcertantes. Y no s\u00f3lo para el reci\u00e9n llegado. Los voluntarios, los vecinos y los trabajadores sociales tambi\u00e9n pueden verse sorprendidos por el encuentro con un emigrante.   <\/p>\n\n<p>Tomemos el caso de un emigrante de un pa\u00eds en el que la sociedad est\u00e1 muy jerarquizada, como Siria, Ghana, Vietnam o Brasil. Una visita al m\u00e9dico en los igualitarios Pa\u00edses Bajos puede ser una sorpresa, porque el m\u00e9dico puede preguntar al paciente cu\u00e1l cree que es el motivo de su dolencia. Cuatro expertos interculturales asociados al Centro Hofstede han tomado la iniciativa de anotar estos sucesos cotidianos. Los cuatro han experimentado personalmente las diferencias culturales en sus vidas como emigrantes o expatriados. Tambi\u00e9n hablaron con emigrantes y trabajadores sociales en Holanda y registraron sus experiencias.    <\/p>\n\n<p>Las historias, f\u00e1ciles de leer, muestran las diferencias con la cultura holandesa, dan una idea de la causa y consejos sobre c\u00f3mo superarlas de forma positiva. Las ilustraciones ayudan al usuario a navegar por las distintas situaciones. Las explicaciones se dan en un lenguaje claro y comprensible para todos. Para los que quieran saber m\u00e1s, hay m\u00e1s explicaciones, basadas en investigaciones cient\u00edficas.   <\/p>\n\n<p>Connect2Us colabora con Geert Hofstede et al y la <a href=\"http:\/\/www.iom-nederland.nl\/en\/\" target=\"_blank\" rel=\"noopener noreferrer\">Organizaci\u00f3n Internacional para las Migraciones<\/a> (OIM) en La Haya.<\/p>\n\n<p>M\u00e1s informaci\u00f3n sobre <a href=\"https:\/\/connect2us.eu\/es\/nuestro-equipo\/\" target=\"_blank\" rel=\"noopener noreferrer\">la Junta Directiva<\/a><a href=\"https:\/\/connect2us.eu\/es\/nuestro-equipo\/\" target=\"_blank\" rel=\"noreferrer noopener\"> y los voluntarios<\/a>.<\/p>\n\n<p>Las ilustraciones son de <a href=\"http:\/\/www.luigisegre.com\">Luigi Segre.<\/a><\/p>\n\n<p>El sitio web fue desarrollado por <a href=\"http:\/\/www.robinmedia.nl\/\" target=\"_blank\" rel=\"noopener noreferrer\">Buro85<\/a> y apoyado por <a href=\"http:\/\/cometa.cc\/\" target=\"_blank\" rel=\"noopener noreferrer\">Studio Cometa<\/a>.<\/p>\n\n<p>Aqu\u00ed encontrar\u00e1s el <a href=\"https:\/\/connect2us.eu\/es\/informe-anual-2023\/\" target=\"_blank\" rel=\"noreferrer noopener\">informe anual C2U-2023 <\/a>y el informe <a href=\"https:\/\/www.connect2us.eu\/nederland\/wp-content\/uploads\/sites\/3\/2020\/05\/2019-getek-verklaring-kascommissie.pdf\">del comit\u00e9 de auditor\u00eda<\/a> de la Fundaci\u00f3n.<\/p>\n\n<p>Aqu\u00ed encontrar\u00e1s los <a href=\"https:\/\/www.connect2us.eu\/nederland\/wp-content\/uploads\/sites\/3\/2020\/02\/AFSCHRIFT-Statuten-in-Word-Openbaar.pdf\">Estatutos<\/a> de la Fundaci\u00f3n .<\/p>\n","protected":false},"excerpt":{"rendered":"<p>Del asombro a la conexi\u00f3n Trabajamos, vivimos y comemos con personas de todo el mundo, y eso nos parece emocionante e inspirador siempre que las cosas vayan como esperamos. Si las cosas van de forma distinta a la que esperamos o si alguien se comunica de forma distinta a nosotros, no siempre sabemos que puede [&hellip;]<\/p>\n","protected":false},"author":3,"featured_media":0,"parent":0,"menu_order":0,"comment_status":"closed","ping_status":"closed","template":"","meta":{"_vp_format_video_url":"","_vp_image_focal_point":[],"footnotes":""},"class_list":["post-3299","page","type-page","status-publish","hentry"],"blocksy_meta":[],"_links":{"self":[{"href":"https:\/\/connect2us.eu\/es\/wp-json\/wp\/v2\/pages\/3299","targetHints":{"allow":["GET"]}}],"collection":[{"href":"https:\/\/connect2us.eu\/es\/wp-json\/wp\/v2\/pages"}],"about":[{"href":"https:\/\/connect2us.eu\/es\/wp-json\/wp\/v2\/types\/page"}],"author":[{"embeddable":true,"href":"https:\/\/connect2us.eu\/es\/wp-json\/wp\/v2\/users\/3"}],"replies":[{"embeddable":true,"href":"https:\/\/connect2us.eu\/es\/wp-json\/wp\/v2\/comments?post=3299"}],"version-history":[{"count":9,"href":"https:\/\/connect2us.eu\/es\/wp-json\/wp\/v2\/pages\/3299\/revisions"}],"predecessor-version":[{"id":4675,"href":"https:\/\/connect2us.eu\/es\/wp-json\/wp\/v2\/pages\/3299\/revisions\/4675"}],"wp:attachment":[{"href":"https:\/\/connect2us.eu\/es\/wp-json\/wp\/v2\/media?parent=3299"}],"curies":[{"name":"wp","href":"https:\/\/api.w.org\/{rel}","templated":true}]}}