{"id":3301,"date":"2022-06-23T11:58:06","date_gmt":"2022-06-23T09:58:06","guid":{"rendered":"https:\/\/staging.connect2us.eu\/declaracion-de-privacidad\/"},"modified":"2024-11-01T10:04:02","modified_gmt":"2024-11-01T08:04:02","slug":"declaracion-de-privacidad","status":"publish","type":"page","link":"https:\/\/connect2us.eu\/es\/declaracion-de-privacidad\/","title":{"rendered":"Declaraci\u00f3n de privacidad"},"content":{"rendered":"\n<h3 class=\"wp-block-heading\">GENERAL<\/h3>\n\n<p>La Fundaci\u00f3n Connect2Us, con sede en \u00c1msterdam, es responsable del tratamiento de los datos personales reflejados en esta declaraci\u00f3n de privacidad.\nEsto incluye el sitio web operado o proporcionado por la Fundaci\u00f3n. <\/p>\n\n<h3 class=\"wp-block-heading\">DATOS DE CONTACTO<\/h3>\n\n<ul class=\"wp-block-list\"><li>P\u00e1gina web: <a href=\"https:\/\/janvincentmeertens.com\/\">wwww.connect2us,eu<\/a><\/li><li>Consultas a trav\u00e9s de info@connect2us.eu<\/li><\/ul>\n\n<h3 class=\"wp-block-heading\">1. DATOS PERSONALES QUE TRATAMOS<\/h3>\n\n<p><br\/>La Fundaci\u00f3n Connect2Us procesa tus datos personales porque te has suscrito a nuestro bolet\u00edn de noticias o utilizas nuestros servicios y\/o porque t\u00fa mismo nos los proporcionas. A continuaci\u00f3n encontrar\u00e1s un resumen de los datos personales que procesamos:<\/p>\n\n<ul class=\"wp-block-list\"><li>Nombre y apellidos<\/li><li>G\u00e9nero<\/li><li>Datos de la direcci\u00f3n<\/li><li>N\u00famero de tel\u00e9fono<\/li><li>Direcci\u00f3n de correo electr\u00f3nico<\/li><li>Otros datos personales que proporciones activamente, por ejemplo, al crear un perfil en este sitio web, en la correspondencia y por tel\u00e9fono.<\/li><li>El n\u00famero de cuenta bancaria que nos proporcionaste para comprarnos un producto o servicio<\/li><\/ul>\n\n<h3 class=\"wp-block-heading\">2. DATOS PERSONALES ESPECIALES Y\/O SENSIBLES QUE TRATAMOS<\/h3>\n\n<p>Nuestro sitio web no recopila datos.\nLa Fundaci\u00f3n no tiene intenci\u00f3n de recopilar datos sobre usuarios de nuestros servicios menores de 16 a\u00f1os, a menos que cuenten con el consentimiento de sus padres o tutores. <\/p>\n\n<h3 class=\"wp-block-heading\">3. CON QU\u00c9 FINALIDAD Y SOBRE QU\u00c9 BASE TRATAMOS LOS DATOS PERSONALES<\/h3>\n\n<p>La Fundaci\u00f3n Connect2Us procesa tus datos personales para los siguientes fines:<\/p>\n\n<ul class=\"wp-block-list\"><li>Gesti\u00f3n de tu pago.<\/li><li>Enviando nuestro bolet\u00edn.<\/li><li>Llamarte o enviarte un correo electr\u00f3nico si es necesario para llevar a cabo nuestros servicios.<\/li><li>Informarte de cambios en nuestros servicios y productos.<\/li><li>Para suministrarte bienes y servicios.<\/li><\/ul>\n\n<p>La Fundaci\u00f3n Connect2Us tambi\u00e9n procesa datos personales si estamos legalmente obligados a hacerlo, como los datos que necesitamos para nuestra declaraci\u00f3n de la renta.<\/p>\n\n<h3 class=\"wp-block-heading\">4. CU\u00c1NTO TIEMPO CONSERVAMOS LOS DATOS PERSONALES<\/h3>\n\n<p>La Fundaci\u00f3n Connect2Us conservar\u00e1 tus datos personales durante el tiempo que sea necesario para el fin para el que se procesa la informaci\u00f3n, o mientras exista una raz\u00f3n v\u00e1lida para conservar tus datos personales.\nPor ejemplo, para cumplir con obligaciones legales, para hacer cumplir nuestros acuerdos o para resolver disputas. <\/p>\n\n<p>Si deseas solicitar que dejemos de utilizar tus datos de registro para prestarte servicios, ponte en contacto con nosotros en info@connect2us.eu.<\/p>\n\n<h3 class=\"wp-block-heading\">5. COMPARTIR DATOS PERSONALES CON TERCEROS<\/h3>\n\n<p>Hay otros terceros de confianza con los que podemos compartir tus datos personales.\nEntre ellos se incluyen: <\/p>\n\n<ul class=\"wp-block-list\"><li>Terceros necesarios para entregarte un producto o servicio, como un servicio de entrega o postal para entregarte un producto que hayas pedido.<\/li><li>Las fuerzas de seguridad o los organismos gubernamentales cuando hayan emprendido acciones legales para pedirnos que revelemos la informaci\u00f3n.<\/li><li>Proveedores externos de servicios a la Fundaci\u00f3n Connect2Us, como proveedores de procesamiento de datos.\nHerramientas de an\u00e1lisis web, como Google o BlueConic. <\/li><li>Redes sociales.\nSi est\u00e1s conectado a una de estas redes sociales durante tu visita a nuestro sitio web, o te comunicas a trav\u00e9s de uno de los plug-ins sociales, en funci\u00f3n de tu configuraci\u00f3n de privacidad, la red social puede a\u00f1adir estos datos a tu perfil asociado en esta red.\nSi deseas evitar que se compartan tus datos de este modo, cierra la sesi\u00f3n de tu red social antes de visitar o utilizar nuestro sitio.\nSi es posible, tambi\u00e9n puedes cambiar su configuraci\u00f3n de privacidad.\nLee las pol\u00edticas de privacidad de estas redes sociales para obtener informaci\u00f3n detallada sobre la recogida y transferencia de datos personales, los derechos que tienes y c\u00f3mo ajustar la configuraci\u00f3n de privacidad adecuada a tus necesidades.    <\/li><\/ul>\n\n<p><br\/>O<strong>tras situaciones<\/strong> Tambi\u00e9n podemos compartir tu informaci\u00f3n personal en las siguientes situaciones:<\/p>\n\n<ul class=\"wp-block-list\"><li>Para proteger y defender los derechos y la propiedad de la Fundaci\u00f3n Connect2Us (incluida la garant\u00eda del cumplimiento de nuestros t\u00e9rminos y condiciones).<\/li><li>Cuando lo exija la legislaci\u00f3n y\/o los organismos gubernamentales.<\/li><\/ul>\n\n<h3 class=\"wp-block-heading\">6. COOKIES, O T\u00c9CNICAS SIMILARES, QUE UTILIZAMOS<\/h3>\n\n<p>La Fundaci\u00f3n Connect2Us no utiliza cookies.<\/p>\n\n<h3 class=\"wp-block-heading\">7. VER, AJUSTAR O BORRAR DATOS<\/h3>\n\n<p>Tienes derecho a acceder, rectificar o eliminar tus datos personales.\nAdem\u00e1s, tienes derecho a retirar tu posible consentimiento al tratamiento de datos u oponerte al tratamiento de tus datos personales por parte de la Fundaci\u00f3n Connect2Us y tienes derecho a la portabilidad de datos. <\/p>\n\n<p>Puedes enviar una solicitud de acceso, rectificaci\u00f3n, supresi\u00f3n, portabilidad de tus datos personales o solicitar la revocaci\u00f3n de tu consentimiento u oposici\u00f3n al tratamiento de tus datos personales a info@connect2us.eu.  <\/p>\n\n<p>Para asegurarnos de que la solicitud de inspecci\u00f3n la has hecho t\u00fa, te pedimos que env\u00edes una copia de tu documento de identidad junto con la solicitud.\nEn esta copia, tacha la foto de tu pasaporte, la MRZ (zona legible por m\u00e1quina, la franja de n\u00fameros en la parte inferior del pasaporte), el n\u00famero de pasaporte y el N\u00famero de Atenci\u00f3n al Ciudadano (BSN).\nEsto es para proteger tu intimidad.\nResponderemos a tu solicitud lo antes posible, en un plazo de cuatro semanas.   <\/p>\n\n<p>Stichting Connect2Us tambi\u00e9n desea informarte de que tienes la posibilidad de presentar una reclamaci\u00f3n ante el regulador nacional, la Autoridad de Datos Personales.\nPuedes hacerlo a trav\u00e9s del siguiente <a href=\"https:\/\/autoriteitpersoonsgegevens.nl\/nl\/contact-met-de-autoriteit-persoonsgegevens\/tip-ons\">enlace<\/a>. <\/p>\n\n<h3 class=\"wp-block-heading\">8. SITIOS WEB DE TERCEROS<\/h3>\n\n<p>En los sitios web de la Fundaci\u00f3n Connect2Us, puedes encontrar enlaces a otros sitios web.\nLa Fundaci\u00f3n Connect2Us no es responsable del tratamiento que esos sitios hagan de la informaci\u00f3n personal.\nPor favor, lee la declaraci\u00f3n de privacidad del sitio que visites.  <\/p>\n\n<h3 class=\"wp-block-heading\">9. C\u00d3MO PROTEGEMOS LOS DATOS PERSONALES<\/h3>\n\n<p>La Fundaci\u00f3n Connect2Us se toma en serio la protecci\u00f3n de tus datos y adopta las medidas adecuadas para evitar el uso indebido, la p\u00e9rdida, el acceso no autorizado, la divulgaci\u00f3n no deseada y la modificaci\u00f3n no autorizada.\nSi tienes la impresi\u00f3n de que tus datos no est\u00e1n debidamente protegidos o hay indicios de uso indebido, ponte en contacto con nosotros en nfo@connect2Us.eu.   <\/p>\n\n<p><br\/>C<strong>ambios<\/strong> La Fundaci\u00f3n Connect2Us se reserva el derecho a realizar cambios en esta Declaraci\u00f3n de Privacidad.\nPor lo tanto, comprueba esta Declaraci\u00f3n de Privacidad regularmente para conocer la pol\u00edtica de privacidad actual de la Fundaci\u00f3n Connect2Us.\nEste documento fue modificado por \u00faltima vez el 1 de enero de 2022.  <\/p>\n","protected":false},"excerpt":{"rendered":"<p>GENERAL La Fundaci\u00f3n Connect2Us, con sede en \u00c1msterdam, es responsable del tratamiento de los datos personales reflejados en esta declaraci\u00f3n de privacidad. Esto incluye el sitio web operado o proporcionado por la Fundaci\u00f3n. DATOS DE CONTACTO P\u00e1gina web: wwww.connect2us,eu Consultas a trav\u00e9s de info@connect2us.eu 1. DATOS PERSONALES QUE TRATAMOS La Fundaci\u00f3n Connect2Us procesa tus datos [&hellip;]<\/p>\n","protected":false},"author":3,"featured_media":0,"parent":0,"menu_order":0,"comment_status":"closed","ping_status":"closed","template":"","meta":{"_vp_format_video_url":"","_vp_image_focal_point":[],"footnotes":""},"class_list":["post-3301","page","type-page","status-publish","hentry"],"blocksy_meta":[],"_links":{"self":[{"href":"https:\/\/connect2us.eu\/es\/wp-json\/wp\/v2\/pages\/3301","targetHints":{"allow":["GET"]}}],"collection":[{"href":"https:\/\/connect2us.eu\/es\/wp-json\/wp\/v2\/pages"}],"about":[{"href":"https:\/\/connect2us.eu\/es\/wp-json\/wp\/v2\/types\/page"}],"author":[{"embeddable":true,"href":"https:\/\/connect2us.eu\/es\/wp-json\/wp\/v2\/users\/3"}],"replies":[{"embeddable":true,"href":"https:\/\/connect2us.eu\/es\/wp-json\/wp\/v2\/comments?post=3301"}],"version-history":[{"count":2,"href":"https:\/\/connect2us.eu\/es\/wp-json\/wp\/v2\/pages\/3301\/revisions"}],"predecessor-version":[{"id":4050,"href":"https:\/\/connect2us.eu\/es\/wp-json\/wp\/v2\/pages\/3301\/revisions\/4050"}],"wp:attachment":[{"href":"https:\/\/connect2us.eu\/es\/wp-json\/wp\/v2\/media?parent=3301"}],"curies":[{"name":"wp","href":"https:\/\/api.w.org\/{rel}","templated":true}]}}