{"id":3303,"date":"2021-06-24T07:56:07","date_gmt":"2021-06-24T05:56:07","guid":{"rendered":"https:\/\/staging.connect2us.eu\/paquete-escolar\/"},"modified":"2025-08-02T10:46:14","modified_gmt":"2025-08-02T08:46:14","slug":"paquete-escolar","status":"publish","type":"page","link":"https:\/\/connect2us.eu\/es\/paquete-escolar\/","title":{"rendered":"Paquete escolar"},"content":{"rendered":"\n<figure class=\"wp-block-image size-large\"><img loading=\"lazy\" decoding=\"async\" width=\"1024\" height=\"726\" src=\"https:\/\/connect2us.eu\/wp-content\/uploads\/2021\/05\/tempImageYz6xG1-1024x726.jpg\" alt=\"\" class=\"wp-image-1308\" srcset=\"https:\/\/connect2us.eu\/wp-content\/uploads\/2021\/05\/tempImageYz6xG1-1024x726.jpg 1024w, https:\/\/connect2us.eu\/wp-content\/uploads\/2021\/05\/tempImageYz6xG1-300x213.jpg 300w, https:\/\/connect2us.eu\/wp-content\/uploads\/2021\/05\/tempImageYz6xG1-768x545.jpg 768w, https:\/\/connect2us.eu\/wp-content\/uploads\/2021\/05\/tempImageYz6xG1-1536x1089.jpg 1536w, https:\/\/connect2us.eu\/wp-content\/uploads\/2021\/05\/tempImageYz6xG1.jpg 1802w\" sizes=\"auto, (max-width: 1024px) 100vw, 1024px\" \/><\/figure>\n\n<p><\/p>\n\n<p><em>\u00abLos ni\u00f1os crecen en una sociedad pluralista y aprenden a comprender y, sobre todo, a aceptar las diferencias. No tenemos que adoptar las costumbres de los dem\u00e1s, pero comprendernos crea uni\u00f3n y un mundo mejor. Los ni\u00f1os adquieren conocimiento y comprensi\u00f3n de ciertos valores y normas propios y ajenos y saben c\u00f3mo actuar en consecuencia. As\u00ed ven mejor lo que les une. Del asombro a la conexi\u00f3n\u00bb.<\/em><\/p>\n\n<p>Empathy Land es un juego de mesa emocionante e instructivo que, entre otras cosas, contribuye a las competencias ciudadanas en la educaci\u00f3n primaria. Es una herramienta que puede utilizarse regularmente y en cualquier momento para las clases de ciudadan\u00eda y para Orientaci\u00f3n hacia ti mismo y el mundo &#8211; El hombre y la sociedad &#8211; objetivo principal 37 en particular. Ense\u00f1a a los alumnos a orientarse en el mundo cercano, lejano, de antes y de ahora. El juego es adecuado para alumnos de 5\u00ba a 8\u00ba curso. Pero, sobre todo, el juego permite hablar abierta y l\u00fadicamente entre nosotros sobre lo que nos hace \u00fanicos y nos une. Ense\u00f1a a los alumnos que tenemos mucho que ofrecernos unos a otros a partir de la diversidad cultural.     <\/p>\n\n<p>Los ni\u00f1os mantienen animadas conversaciones sobre su situaci\u00f3n en casa. Los profesores escuchan conversaciones espont\u00e1neas que no habr\u00edan imaginado sin el juego. Recibimos este comentario de un colegio de Drachten despu\u00e9s de jugar a Empathy Land:  <\/p>\n\n<p><em>\u00abEn un grupo con muchos hablantes no nativos, los alumnos disfrutaron mucho debatiendo entre ellos sobre las similitudes. Hubo mucha sorpresa sobre algunas de las diferencias, los alumnos no paraban de hacerse preguntas unos a otros.\u00bb<\/em><\/p>\n\n<p>Los juegos est\u00e1n listos para jugar y pueden ser facilitados f\u00e1cilmente por el profesor. Las instrucciones para los profesores se pueden encontrar mediante un c\u00f3digo QR en la caja. <\/p>\n\n<p>Se ofrecen talleres para profesores con el fin de mejorar sus conocimientos y habilidades interculturales.El juego es biling\u00fce, neerland\u00e9s e ingl\u00e9s.<\/p>\n\n<p>El punto de partida es que las escuelas pagar\u00e1n un copago por Empathy Land. Con 5 juegos necesarios para una clase, los centros escolares podr\u00e1n presupuestar su propia contribuci\u00f3n para Empathy Land a 115. Esperamos financiar la fase previa con pedidos anticipados, subvenciones y donativos.  <\/p>\n\n<p>Pide aqu\u00ed el paquete escolar de cinco juegos. El paquete es adecuado para hasta 30 ni\u00f1os por clase. La aportaci\u00f3n propia al paquete es de 115,- euros, exenta de IVA (el descuento para esta edici\u00f3n es de 35 euros). Adjuntaremos una factura al enviar el paquete.     <\/p>\n\n<p>La Fundaci\u00f3n Connect2Us es una organizaci\u00f3n sin \u00e1nimo de lucro (aprobada por la ANBI) y los beneficios se destinan al <strong><a href=\"https:\/\/connect2us.eu\/es\/sobre-el-proyecto\/\">objetivo<\/a><\/strong> de la Fundaci\u00f3n <strong>.<\/strong><\/p>\n\n<p><strong><a href=\"https:\/\/connect2us.eu\/es\/instrucciones-empathy-land\/\">Encuentra las instrucciones del juego<\/a> <\/strong> a trav\u00e9s <strong>de este enlace. <\/strong> <\/p>\n\n<p>Tambi\u00e9n se pueden recuperar mediante el c\u00f3digo QR que aparece en la caja del juego. As\u00ed los tendr\u00e1s en tu m\u00f3vil o iPad. <a href=\"https:\/\/connect2us.eu\/wp-content\/uploads\/2021\/03\/Empathy-Land-Instructies-15072020-NL.pdf\"><strong>Aqu\u00ed encontrar\u00e1s un PDF para imprimir<\/strong><\/a>. <\/p>\n\n<h2 class=\"wp-block-heading\" id=\"h-empathy-land-schoolpakket\">Paquete escolar Empathy Land<\/h2>\n<form method=\"POST\" action=\"\" class=\"pt-checkout-form\" id=\"pt_checkout_form_1\" data-pt-id=\"1\" data-parsley-validate enctype=\"multipart\/form-data\" data-currency=\"EUR\"><noscript><div class=\"pt-form-alert\">This form requires JavaScript, enable it in your browser.<\/div><\/noscript>\n<div class=\"pt-form-group pt-form-group-1 pt-form-group-field-email\"><label for=\"pt-field-email\">Email:<\/label><input type=\"email\" id=\"pt-field-email-1\" name=\"pt-field-email-1\" autocomplete=\"email\" class=\"pt-field pt-field-email\" value=\"\" data-pt-field-type=\"email\" data-pt-user-label=\"Email\" data-pt-user-data=\"false\" data-pt-price=\"0\" required      data-parsley-errors-container=\"#parsley-errors-list-email-1\"  \/><div id=\"parsley-errors-list-email-1\"><\/div><\/div>\n<div class=\"pt-form-group pt-form-group-2 pt-form-group-field-name\"><label for=\"pt-field-name\">Naam:<\/label><input type=\"text\" id=\"pt-field-name-2\" name=\"pt-field-name-2\" autocomplete=\"name\" class=\"pt-field pt-field-name\" value=\"\" data-pt-field-type=\"name\" data-pt-user-label=\"Naam\" data-pt-user-data=\"false\" required      \/><\/div>\n<div class=\"pt-form-group pt-form-group-3 pt-form-group-field-text\"><label for=\"pt-field-text\">Adres:<\/label><input type=\"text\" id=\"pt-field-text-3\" name=\"pt-field-text-3\" autocomplete=\"street-address\" class=\"pt-field pt-field-text\" value=\"\" data-pt-field-type=\"text\" data-pt-user-label=\"Adres\" data-pt-user-data=\"false\" data-pt-price=\"0\" required    \/><\/div>\n<div class=\"pt-form-group pt-form-group-4 pt-form-group-field-text\"><label for=\"pt-field-text\">Postcode:<\/label><input type=\"text\" id=\"pt-field-text-4\" name=\"pt-field-text-4\" autocomplete=\"postal-code\" class=\"pt-field pt-field-text\" value=\"\" data-pt-field-type=\"text\" data-pt-user-label=\"Postcode\" data-pt-user-data=\"false\" data-pt-price=\"0\" required    \/><\/div>\n<div class=\"pt-form-group pt-form-group-5 pt-form-group-field-text\"><label for=\"pt-field-text\">Stad:<\/label><input type=\"text\" id=\"pt-field-text-5\" name=\"pt-field-text-5\" autocomplete=\"address-level2\" class=\"pt-field pt-field-text\" value=\"\" data-pt-field-type=\"text\" data-pt-user-label=\"Stad\" data-pt-user-data=\"false\" data-pt-price=\"0\" required    \/><\/div>\n<div class=\"pt-form-group pt-form-group-6 pt-form-group-field-text\"><label for=\"pt-field-text\">Land:<\/label><input type=\"text\" id=\"pt-field-text-6\" name=\"pt-field-text-6\" autocomplete=\"country-name\" class=\"pt-field pt-field-text\" value=\"\" data-pt-field-type=\"text\" data-pt-user-label=\"Land\" data-pt-user-data=\"false\" data-pt-price=\"0\"     \/><\/div>\n<div class=\"pt-form-group pt-form-group-7 pt-form-group-label has-quantity-input\"><label for=\"pt_items[7][value]\" class=\"\">Schoolpakket Empathy Land<\/label><input type=\"hidden\" name=\"pt_items[7][label]\" value=\"Schoolpakket Empathy Land\"><input type=\"hidden\" name=\"pt_items[7][type]\" value=\"label\"><div class=\"paytium-quantity-input\"><button type=\"button\" class=\"paytium-spinner decrement\">-<\/button><input type=\"number\"  class=\"pt-quantity-input\" name=\"pt_items[7][quantity]\" value=0  ><button type=\"button\" class=\"paytium-spinner increment\">+<\/button><\/div><input type=\"hidden\" class=\"pt-cf-amount pt-cf-label-amount has-quantity-input\" name=\"pt_items[7][amount]\" value=\"115\" data-pt-price=\"115\" \/><input type=\"hidden\" name=\"pt_items[7][tax_percentage]\" value=\"0\"><\/div><div class=\"pt-form-group pt-form-group-8 pt-form-group-total-amount\">Total: <span class=\"pt-total-amount\">\u20ac -<\/span><\/div>\n<button class=\"pt-payment-btn paytium-button-el\"><span>Bestel<\/span><\/button>\n<input type=\"hidden\" name=\"pt-name\" value=\"Form name\" \/><input type=\"hidden\" name=\"pt-description\" value=\"Payment description\" \/><input type=\"hidden\" name=\"pt-amount\" class=\"pt_amount\" value=\"\" \/><input type=\"hidden\" name=\"pt-currency\" class=\"pt_currency\" value=\"EUR\" \/><input type=\"hidden\" name=\"pt_redirect_url\" value=\"https:\/\/connect2us.eu\/es\/paquete-escolar\/\" \/><input type=\"hidden\" name=\"pt-form-load\" value=\"3878e907fcaa58a38d31e5f671615a54\" \/><input type=\"hidden\" name=\"pt-form-id\" value=\"1\" \/><\/form>\n","protected":false},"excerpt":{"rendered":"<p>\u00abLos ni\u00f1os crecen en una sociedad pluralista y aprenden a comprender y, sobre todo, a aceptar las diferencias. No tenemos que adoptar las costumbres de los dem\u00e1s, pero comprendernos crea uni\u00f3n y un mundo mejor. Los ni\u00f1os adquieren conocimiento y comprensi\u00f3n de ciertos valores y normas propios y ajenos y saben c\u00f3mo actuar en consecuencia. [&hellip;]<\/p>\n","protected":false},"author":3,"featured_media":0,"parent":0,"menu_order":0,"comment_status":"closed","ping_status":"closed","template":"","meta":{"_vp_format_video_url":"","_vp_image_focal_point":[],"footnotes":""},"class_list":["post-3303","page","type-page","status-publish","hentry"],"blocksy_meta":[],"_links":{"self":[{"href":"https:\/\/connect2us.eu\/es\/wp-json\/wp\/v2\/pages\/3303","targetHints":{"allow":["GET"]}}],"collection":[{"href":"https:\/\/connect2us.eu\/es\/wp-json\/wp\/v2\/pages"}],"about":[{"href":"https:\/\/connect2us.eu\/es\/wp-json\/wp\/v2\/types\/page"}],"author":[{"embeddable":true,"href":"https:\/\/connect2us.eu\/es\/wp-json\/wp\/v2\/users\/3"}],"replies":[{"embeddable":true,"href":"https:\/\/connect2us.eu\/es\/wp-json\/wp\/v2\/comments?post=3303"}],"version-history":[{"count":3,"href":"https:\/\/connect2us.eu\/es\/wp-json\/wp\/v2\/pages\/3303\/revisions"}],"predecessor-version":[{"id":4683,"href":"https:\/\/connect2us.eu\/es\/wp-json\/wp\/v2\/pages\/3303\/revisions\/4683"}],"wp:attachment":[{"href":"https:\/\/connect2us.eu\/es\/wp-json\/wp\/v2\/media?parent=3303"}],"curies":[{"name":"wp","href":"https:\/\/api.w.org\/{rel}","templated":true}]}}