{"id":3307,"date":"2021-06-02T09:45:09","date_gmt":"2021-06-02T07:45:09","guid":{"rendered":"https:\/\/staging.connect2us.eu\/formacion-linguistica-en-el-trabajo-o-en-casa\/"},"modified":"2025-08-02T10:45:57","modified_gmt":"2025-08-02T08:45:57","slug":"formacion-linguistica-en-el-trabajo-o-en-casa","status":"publish","type":"page","link":"https:\/\/connect2us.eu\/es\/formacion-linguistica-en-el-trabajo-o-en-casa\/","title":{"rendered":"Formaci\u00f3n ling\u00fc\u00edstica, en el trabajo o en casa"},"content":{"rendered":"\n<blockquote class=\"wp-block-quote is-layout-flow wp-block-quote-is-layout-flow\">\n<h2 class=\"wp-block-heading has-large-font-size\" id=\"h-welkom-op-je-reis-naar-empathy-land\">\u00a1Bienvenido a tu viaje al Pa\u00eds de la Empat\u00eda!<\/h2>\n<\/blockquote>\n\n<p>El objetivo del juego es suscitar conversaciones sobre similitudes y diferencias culturales.\nEmpathy Land ayuda a reci\u00e9n llegados, familias, amigos, vecinos y colegas a entablar un di\u00e1logo intercultural.\nCon tus amigos o vecinos, por ejemplo, es divertido explorar las costumbres (culturales) de cada uno cuando rob\u00e1is una carta.\nEl juego es biling\u00fce, por lo que enseguida aprendes a entender y hablar mejor holand\u00e9s o ingl\u00e9s.   <\/p>\n\n<p>En tu propia familia, con ni\u00f1os m\u00e1s peque\u00f1os, puedes, por supuesto, jugar al juego sin las cartas.\nDurante el viaje, los jugadores pueden hablar de los lugares de inter\u00e9s que van pasando.\nQuiz\u00e1 algunos de vosotros ya hay\u00e1is visitado algunos de ellos; otros pueden estar en vuestra <em>lista de deseos. <\/em>\u00bfA qui\u00e9n le gustar\u00eda ir a d\u00f3nde?\nGana el que llegue primero al Pa\u00eds de la Empat\u00eda.\nPero los dem\u00e1s no tardar\u00e1n en llegar y entonces ganaremos todos.    <\/p>\n\n<p>Empathy Land es un juego de mesa interactivo al que pueden jugar de 3 a 6 jugadores.\nAdivinando si las afirmaciones de las cartas son correctas o incorrectas, los jugadores aprenden sobre los h\u00e1bitos familiares y culturales de los dem\u00e1s y se vuelven m\u00e1s conscientes de las diferencias mutuas.\nDiferencias que s\u00f3lo se permite que est\u00e9n ah\u00ed, pues as\u00ed tambi\u00e9n podemos ver mejor cu\u00e1nto tenemos realmente en com\u00fan.  <\/p>\n\n<h2 class=\"wp-block-heading\" id=\"h-inzichten\">Perspectivas<\/h2>\n\n<ul class=\"wp-block-list\">\n<li>Los jugadores toman conciencia de las diferencias y similitudes culturales mutuas y aprenden a comprenderlas mejor.<\/li>\n\n\n\n<li>Los jugadores adquieren una visi\u00f3n de las zonas grises y las subculturas.<\/li>\n\n\n\n<li>Los jugadores se dan cuenta de que los h\u00e1bitos y el comportamiento a menudo revelan valores culturales m\u00e1s profundos.<\/li>\n<\/ul>\n\n<p class=\"has-text-align-center\"><span style=\"color: #eb0c0c;\" class=\"stk-highlight\"><strong>Pide el juego mediante el bot\u00f3n de donaci\u00f3n situado en la parte superior derecha de la pantalla.<\/strong><\/span><\/p>\n\n<p>\u00bfTienes sugerencias sobre c\u00f3mo mejorar el juego para casa o el trabajo?\nEntonces env\u00edanos un correo electr\u00f3nico a<a href=\"\"> empathyland@connect2us.eu.<\/a> <\/p>\n\n<p><\/p>\n","protected":false},"excerpt":{"rendered":"<p>\u00a1Bienvenido a tu viaje al Pa\u00eds de la Empat\u00eda! El objetivo del juego es suscitar conversaciones sobre similitudes y diferencias culturales. Empathy Land ayuda a reci\u00e9n llegados, familias, amigos, vecinos y colegas a entablar un di\u00e1logo intercultural. Con tus amigos o vecinos, por ejemplo, es divertido explorar las costumbres (culturales) de cada uno cuando rob\u00e1is [&hellip;]<\/p>\n","protected":false},"author":3,"featured_media":0,"parent":0,"menu_order":0,"comment_status":"closed","ping_status":"closed","template":"","meta":{"_vp_format_video_url":"","_vp_image_focal_point":[],"footnotes":""},"class_list":["post-3307","page","type-page","status-publish","hentry"],"blocksy_meta":[],"_links":{"self":[{"href":"https:\/\/connect2us.eu\/es\/wp-json\/wp\/v2\/pages\/3307","targetHints":{"allow":["GET"]}}],"collection":[{"href":"https:\/\/connect2us.eu\/es\/wp-json\/wp\/v2\/pages"}],"about":[{"href":"https:\/\/connect2us.eu\/es\/wp-json\/wp\/v2\/types\/page"}],"author":[{"embeddable":true,"href":"https:\/\/connect2us.eu\/es\/wp-json\/wp\/v2\/users\/3"}],"replies":[{"embeddable":true,"href":"https:\/\/connect2us.eu\/es\/wp-json\/wp\/v2\/comments?post=3307"}],"version-history":[{"count":3,"href":"https:\/\/connect2us.eu\/es\/wp-json\/wp\/v2\/pages\/3307\/revisions"}],"predecessor-version":[{"id":4670,"href":"https:\/\/connect2us.eu\/es\/wp-json\/wp\/v2\/pages\/3307\/revisions\/4670"}],"wp:attachment":[{"href":"https:\/\/connect2us.eu\/es\/wp-json\/wp\/v2\/media?parent=3307"}],"curies":[{"name":"wp","href":"https:\/\/api.w.org\/{rel}","templated":true}]}}