{"id":3309,"date":"2021-03-22T16:04:15","date_gmt":"2021-03-22T14:04:15","guid":{"rendered":"https:\/\/staging.connect2us.eu\/informe-anual-2023\/"},"modified":"2025-08-02T10:45:57","modified_gmt":"2025-08-02T08:45:57","slug":"informe-anual-2023","status":"publish","type":"page","link":"https:\/\/connect2us.eu\/es\/informe-anual-2023\/","title":{"rendered":"Informe anual 2023"},"content":{"rendered":"\n<p>La cultura est\u00e1 en todas partes, desde las calles al lugar de trabajo y detr\u00e1s de nuestras puertas.\nInfluye en nuestra ropa, arte, m\u00fasica, comida e incluso en nuestras interacciones con los dem\u00e1s.\nLos s\u00edmbolos, h\u00e9roes y rituales nos dan pistas sobre c\u00f3mo funciona la gente en una sociedad.\nEl psic\u00f3logo suizo Carl Jung afirm\u00f3: \u00abTodo lo que nos irrita en otra persona puede ayudarnos a comprendernos mejor a nosotros mismos\u00bb.\n\u00bfC\u00f3mo nos ve alguien desde fuera?\n\u00bfQui\u00e9nes somos en esencia?\nNuestra herencia mental determina c\u00f3mo interpretamos las palabras, las frases y las historias.\nMiramos a trav\u00e9s de nuestras propias gafas culturales.\n\u00bfQu\u00e9 significa esto para nuestro papel como ciudadanos?\nLa mayor\u00eda de las veces no somos conscientes de la cultura.\nEs como el aire: indispensable, pero invisible.\nEsto hace que sea dif\u00edcil definirla.\nUn proverbio \u00e1rabe dice: \u00abNo sabemos qui\u00e9n invent\u00f3 el agua, pero desde luego no fue un pez\u00bb.\nEl pez nada en su agua y no conoce nada m\u00e1s.\nS\u00f3lo en un entorno diferente, con agua m\u00e1s caliente o m\u00e1s fr\u00eda, m\u00e1s salada o m\u00e1s dulce, se da cuenta: \u00ab\u00a1Esto es diferente! \u00c9sta no es mi agua\u00bb.\nEl pez experimenta que hay otras aguas.\nEsto tambi\u00e9n se aplica a las culturas.\nLas diferencias culturales s\u00f3lo se hacen realmente perceptibles cuando chocan, cuando son diametralmente opuestas.\nEsto puede provocar malestar, malentendidos e incluso polarizaci\u00f3n.\nNo porque la gente no quiera, sino porque cada vez hay m\u00e1s divisi\u00f3n.\nTenemos una tendencia natural a juzgar el comportamiento de los dem\u00e1s a trav\u00e9s de nuestras propias lentes culturales.\nA menudo nos basamos en estereotipos, que suelen ser verdades a medias y conducen a prejuicios e interpretaciones err\u00f3neas.                     <\/p>\n\n<p>Por eso, el objetivo de la Fundaci\u00f3n Connect2Us es ayudar a todos, y especialmente a los ni\u00f1os, a relacionarse con los dem\u00e1s y a protegerse de los prejuicios.\nQueremos compartir historias para aprender que, aunque haya diferencias culturales, no tienen por qu\u00e9 dar \u00abmiedo\u00bb o ser \u00abraras\u00bb, sino \u00abdivertidas\u00bb e \u00abinteresantes\u00bb.\nQueremos aprender que, al final, tenemos mucho m\u00e1s en com\u00fan que diferencias.\nConexi\u00f3n en lugar de sorpresa.   <\/p>\n\n<p>Este informe anual trata del despliegue de Empathy Land a escala internacional, incluidas otras \u00e1reas ling\u00fc\u00edsticas.\nEl juego ya se est\u00e1 desplegando en algunas escuelas de Italia.\nHay conversaciones en curso en Canad\u00e1, Suecia, Alemania y Dubai.\nEn Canad\u00e1 y Dubai, el club de Leones tambi\u00e9n parece ser el punto de entrada para empezar.   <\/p>\n\n<p>La difusi\u00f3n a distancia es muy dif\u00edcil.\nA\u00fan no hemos encontrado la forma adecuada de manifestarnos a trav\u00e9s de Instagram y TikTok.\nEn parte debido al tiempo limitado de los voluntarios, pero tambi\u00e9n a la falta de conocimientos.\nEn 2024, nos plantearemos los objetivos de la Fundaci\u00f3n y c\u00f3mo se pueden utilizar los fondos limitados.   <\/p>\n\n<p>El Presidente Jan Vincent Meertens y la voluntaria Divya est\u00e1n escribiendo un libro basado en las historias que tambi\u00e9n utilizamos en Connect2Us.\nLa publicidad en torno a ese libro podr\u00eda tener un impacto positivo en la reputaci\u00f3n de la Fundaci\u00f3n.\nSe est\u00e1 investigando c\u00f3mo se publicar\u00e1 el libro, quiz\u00e1 bajo la direcci\u00f3n de la Fundaci\u00f3n.  <\/p>\n\n<p>En nombre de la Junta, Jan Vincent Meertens<\/p>\n\n<p>Presidente<\/p>\n\n<p>Marzo 2023<\/p>\n\n<p><a href=\"https:\/\/connect2us.eu\/wp-content\/uploads\/2024\/04\/C2U-jaarverslag-2023-1.pdf\">Lees hier het jaarverslag over 2023<\/a><\/p>\n\n<h2 class=\"wp-block-heading\">\u00a0<\/h2>\n\n<h3 class=\"wp-block-heading\">Formulario de publicaci\u00f3n obligatoria ANBI  <\/h3>\n\n<p><\/p>\n","protected":false},"excerpt":{"rendered":"<p>La cultura est\u00e1 en todas partes, desde las calles al lugar de trabajo y detr\u00e1s de nuestras puertas. Influye en nuestra ropa, arte, m\u00fasica, comida e incluso en nuestras interacciones con los dem\u00e1s. Los s\u00edmbolos, h\u00e9roes y rituales nos dan pistas sobre c\u00f3mo funciona la gente en una sociedad. El psic\u00f3logo suizo Carl Jung afirm\u00f3: [&hellip;]<\/p>\n","protected":false},"author":3,"featured_media":0,"parent":0,"menu_order":0,"comment_status":"closed","ping_status":"closed","template":"","meta":{"_vp_format_video_url":"","_vp_image_focal_point":[],"footnotes":""},"class_list":["post-3309","page","type-page","status-publish","hentry"],"blocksy_meta":[],"_links":{"self":[{"href":"https:\/\/connect2us.eu\/es\/wp-json\/wp\/v2\/pages\/3309","targetHints":{"allow":["GET"]}}],"collection":[{"href":"https:\/\/connect2us.eu\/es\/wp-json\/wp\/v2\/pages"}],"about":[{"href":"https:\/\/connect2us.eu\/es\/wp-json\/wp\/v2\/types\/page"}],"author":[{"embeddable":true,"href":"https:\/\/connect2us.eu\/es\/wp-json\/wp\/v2\/users\/3"}],"replies":[{"embeddable":true,"href":"https:\/\/connect2us.eu\/es\/wp-json\/wp\/v2\/comments?post=3309"}],"version-history":[{"count":3,"href":"https:\/\/connect2us.eu\/es\/wp-json\/wp\/v2\/pages\/3309\/revisions"}],"predecessor-version":[{"id":4671,"href":"https:\/\/connect2us.eu\/es\/wp-json\/wp\/v2\/pages\/3309\/revisions\/4671"}],"wp:attachment":[{"href":"https:\/\/connect2us.eu\/es\/wp-json\/wp\/v2\/media?parent=3309"}],"curies":[{"name":"wp","href":"https:\/\/api.w.org\/{rel}","templated":true}]}}