{"id":3526,"date":"2023-01-27T10:27:41","date_gmt":"2023-01-27T08:27:41","guid":{"rendered":"https:\/\/staging.connect2us.eu\/avons-nous-un-accord\/"},"modified":"2026-03-30T10:47:41","modified_gmt":"2026-03-30T08:47:41","slug":"avons-nous-un-accord","status":"publish","type":"page","link":"https:\/\/connect2us.eu\/fr\/avons-nous-un-accord\/","title":{"rendered":"Avons-nous un accord ?"},"content":{"rendered":"\n<p>Dans ce livre (\u00e9dition 2023), Jan Vincent Meertens, pr\u00e9sident de notre Fondation, fournit des outils pour mieux n\u00e9gocier et coop\u00e9rer avec des personnes d&rsquo;une autre culture. R\u00e9dig\u00e9 en n\u00e9erlandais et du point de vue n\u00e9erlandais, le livre tend un miroir au lecteur (de langue n\u00e9erlandaise) : comment les gens nous regardent-ils, nous les N\u00e9erlandais ? Facile d&rsquo;acc\u00e8s et plein d&rsquo;histoires. Tous les b\u00e9n\u00e9fices de cette \u00e9dition num\u00e9rique seront revers\u00e9s \u00e0 la Fondation Connect2Us. Faites un don de 28,50 euros et vous recevrez chez vous un exemplaire imprim\u00e9 magnifiquement ex\u00e9cut\u00e9. Pour 15 euros, vous recevrez le livre \u00e9lectronique. Le livre peut \u00e9galement \u00eatre disponible via Managementboek.nl.      <\/p>\n\n<figure class=\"wp-block-image size-medium\"><img loading=\"lazy\" decoding=\"async\" width=\"189\" height=\"300\" src=\"https:\/\/connect2us.eu\/wp-content\/uploads\/2023\/01\/Cover_DEF-189x300.jpg\" alt=\"\" class=\"wp-image-2041\" srcset=\"https:\/\/connect2us.eu\/wp-content\/uploads\/2023\/01\/Cover_DEF-189x300.jpg 189w, https:\/\/connect2us.eu\/wp-content\/uploads\/2023\/01\/Cover_DEF-644x1024.jpg 644w, https:\/\/connect2us.eu\/wp-content\/uploads\/2023\/01\/Cover_DEF-768x1222.jpg 768w, https:\/\/connect2us.eu\/wp-content\/uploads\/2023\/01\/Cover_DEF.jpg 880w\" sizes=\"auto, (max-width: 189px) 100vw, 189px\" \/><\/figure>\n\n<h4 class=\"wp-block-heading\" id=\"h-ik-doneer-15-euro-en-ontvang-als-dank-het-e-boek-do-we-have-a-deal\"><br\/>Je ferai un don de 15 euros et recevrai le livre \u00e9lectronique Do we have a Deal ?<\/h4>\n\n<p>Transf\u00e9rez \u20ac15.00 \u00e0 la Fondation Connect2Us, en indiquant votre adresse postale.  <\/p>\n\n<p>NL 35 FVLB 0226 7997 43 BIC FVLBNL22<\/p>\n\n<p>Ce livre \u00e9lectronique est \u00e9galement disponible aupr\u00e8s de :<\/p>\n\n<p><a href=\"https:\/\/books.apple.com\/nl\/book\/do-we-have-a-deal\/id6760519932\">Livres Apple<\/a><\/p>\n\n<p><a href=\"https:\/\/www.barnesandnoble.com\/w\/do-we-have-a-deal-jan-vincent-meertens\/1149698116\">Barnes &amp; Nobles<\/a><\/p>\n\n<p><a href=\"https:\/\/kobo.com\/nl\/ebook\/do-we-have-a-deal-2\">Bolcom<\/a><\/p>\n\n<p>Merci beaucoup pour votre don !<\/p>\n\n<h4 class=\"wp-block-heading\" id=\"h-ik-doneer-28-50-euro-en-ontvang-als-dank-een-fraaie-paperback-van-do-we-have-a-deal\"><strong>Je ferai un don de 28,50 euros et recevrai un magnifique livre de poche de Do we have a Deal ? en guise de remerciement.<\/strong><\/h4>\n\n<p>Transf\u00e9rez 28,50 \u20ac ou un multiple de cette somme \u00e0 la Fondation Connect2Us, en indiquant votre adresse.  <\/p>\n\n<p>NL 35 FVLB 0226 7997 43 BIC FVLBNL22<\/p>\n\n<p>Merci beaucoup pour votre don !<\/p>\n\n<p><\/p>\n\n<p><\/p>\n","protected":false},"excerpt":{"rendered":"<p>Dans ce livre (\u00e9dition 2023), Jan Vincent Meertens, pr\u00e9sident de notre Fondation, fournit des outils pour mieux n\u00e9gocier et coop\u00e9rer avec des personnes d&rsquo;une autre culture. R\u00e9dig\u00e9 en n\u00e9erlandais et du point de vue n\u00e9erlandais, le livre tend un miroir au lecteur (de langue n\u00e9erlandaise) : comment les gens nous regardent-ils, nous les N\u00e9erlandais ? [&hellip;]<\/p>\n","protected":false},"author":3,"featured_media":0,"parent":0,"menu_order":0,"comment_status":"closed","ping_status":"closed","template":"","meta":{"_vp_format_video_url":"","_vp_image_focal_point":[],"footnotes":""},"class_list":["post-3526","page","type-page","status-publish","hentry"],"blocksy_meta":[],"_links":{"self":[{"href":"https:\/\/connect2us.eu\/fr\/wp-json\/wp\/v2\/pages\/3526","targetHints":{"allow":["GET"]}}],"collection":[{"href":"https:\/\/connect2us.eu\/fr\/wp-json\/wp\/v2\/pages"}],"about":[{"href":"https:\/\/connect2us.eu\/fr\/wp-json\/wp\/v2\/types\/page"}],"author":[{"embeddable":true,"href":"https:\/\/connect2us.eu\/fr\/wp-json\/wp\/v2\/users\/3"}],"replies":[{"embeddable":true,"href":"https:\/\/connect2us.eu\/fr\/wp-json\/wp\/v2\/comments?post=3526"}],"version-history":[{"count":5,"href":"https:\/\/connect2us.eu\/fr\/wp-json\/wp\/v2\/pages\/3526\/revisions"}],"predecessor-version":[{"id":4921,"href":"https:\/\/connect2us.eu\/fr\/wp-json\/wp\/v2\/pages\/3526\/revisions\/4921"}],"wp:attachment":[{"href":"https:\/\/connect2us.eu\/fr\/wp-json\/wp\/v2\/media?parent=3526"}],"curies":[{"name":"wp","href":"https:\/\/api.w.org\/{rel}","templated":true}]}}