{"id":3537,"date":"2020-11-11T12:50:45","date_gmt":"2020-11-11T10:50:45","guid":{"rendered":"https:\/\/staging.connect2us.eu\/faire-un-don\/"},"modified":"2025-02-06T11:45:41","modified_gmt":"2025-02-06T09:45:41","slug":"faire-un-don","status":"publish","type":"page","link":"https:\/\/connect2us.eu\/fr\/faire-un-don\/","title":{"rendered":"Faire un don"},"content":{"rendered":"\n<p>Des donateurs comme vous aident Connect2Us \u00e0 atteindre ses objectifs. Se connecter par le jeu, sans fronti\u00e8res. Vous nous aiderez \u00e0 d\u00e9velopper davantage de jeux et \u00e0 partager des histoires de mani\u00e8re directe. Pouvons-nous compter sur vous ?  <\/p>\n\n<p>Voyagez avec nous au <a href=\"https:\/\/connect2us.eu\/fr\/terre-dempathie\/\">pays de l&#8217;empathie<\/a> et <strong><a href=\"https:\/\/connect2us.eu\/fr\/faire-un-don-avec-le-jeu\/\">faites un don de \u20ac40.00<\/a><\/strong>. Vous recevrez, si vous indiquez votre adresse, Empathy Land chez vous pour jouer avec votre famille et vos amis ou pour offrir. Un deuxi\u00e8me jeu sera donn\u00e9 \u00e0 une \u00e9cole s&rsquo;occupant d&rsquo;enfants ukrainiens. <strong><a href=\"https:\/\/connect2us.eu\/fr\/faire-un-don-avec-le-jeu\/\">Faites un don ici<\/a><\/strong>.  <\/p>\n\n<p>Vous pouvez \u00e9galement faire don d&rsquo;un ou plusieurs <a href=\"https:\/\/connect2us.eu\/fr\/don-dun-colis-scolaire\/\"><strong>paquets scolaires (au prix de 150,00 \u20ac) qui seront offerts<\/strong><\/a> \u00e0 une \u00e9cole primaire de votre choix. Celle de vos enfants, petits-enfants ou du voisinage. Pour cela, choisissez la deuxi\u00e8me option.    <a href=\"https:\/\/connect2us.eu\/fr\/don-dun-colis-scolaire\/\"><strong>commandez ici.<\/strong><\/a><\/p>\n\n<p>Vous pouvez \u00e9galement recevoir un livre de gestion sur la coop\u00e9ration interculturelle. Pour un don de 24 euros, vous recevrez le livre \u00e0 la maison, tandis que vous recevrez un livre \u00e9lectronique pour un don de 15 euros.   <a href=\"https:\/\/connect2us.eu\/fr\/avons-nous-un-accord\/\">Cliquez ici.<\/a><\/p>\n\n<p>Bien entendu, il est \u00e9galement possible de nous <a href=\"https:\/\/connect2us.eu\/fr\/montant-de-votre-choix\/\"><strong>soutenir une seule fois avec le montant de votre choix<\/strong>.<\/a><\/p>\n\n<p>Les<strong>clubs sportifs, les clubs philanthropiques<\/strong> et d&rsquo;autres groupes peuvent travailler ensemble pour d\u00e9terminer ce qui leur convient le mieux. Envoyez un courriel \u00e0 <a href=\"mailto:empathyland@connect2us.eu\">empathyland@connect2us.eu.<\/a> Nous serons heureux de vous aider dans votre choix.  <\/p>\n\n<p><\/p>\n","protected":false},"excerpt":{"rendered":"<p>Des donateurs comme vous aident Connect2Us \u00e0 atteindre ses objectifs. Se connecter par le jeu, sans fronti\u00e8res. Vous nous aiderez \u00e0 d\u00e9velopper davantage de jeux et \u00e0 partager des histoires de mani\u00e8re directe. Pouvons-nous compter sur vous ? Voyagez avec nous au pays de l&#8217;empathie et faites un don de \u20ac40.00. Vous recevrez, si vous [&hellip;]<\/p>\n","protected":false},"author":3,"featured_media":0,"parent":0,"menu_order":0,"comment_status":"closed","ping_status":"closed","template":"","meta":{"_vp_format_video_url":"","_vp_image_focal_point":[],"footnotes":""},"class_list":["post-3537","page","type-page","status-publish","hentry"],"blocksy_meta":[],"_links":{"self":[{"href":"https:\/\/connect2us.eu\/fr\/wp-json\/wp\/v2\/pages\/3537","targetHints":{"allow":["GET"]}}],"collection":[{"href":"https:\/\/connect2us.eu\/fr\/wp-json\/wp\/v2\/pages"}],"about":[{"href":"https:\/\/connect2us.eu\/fr\/wp-json\/wp\/v2\/types\/page"}],"author":[{"embeddable":true,"href":"https:\/\/connect2us.eu\/fr\/wp-json\/wp\/v2\/users\/3"}],"replies":[{"embeddable":true,"href":"https:\/\/connect2us.eu\/fr\/wp-json\/wp\/v2\/comments?post=3537"}],"version-history":[{"count":3,"href":"https:\/\/connect2us.eu\/fr\/wp-json\/wp\/v2\/pages\/3537\/revisions"}],"predecessor-version":[{"id":4361,"href":"https:\/\/connect2us.eu\/fr\/wp-json\/wp\/v2\/pages\/3537\/revisions\/4361"}],"wp:attachment":[{"href":"https:\/\/connect2us.eu\/fr\/wp-json\/wp\/v2\/media?parent=3537"}],"curies":[{"name":"wp","href":"https:\/\/api.w.org\/{rel}","templated":true}]}}