{"id":3542,"date":"2021-10-06T10:20:20","date_gmt":"2021-10-06T08:20:20","guid":{"rendered":"https:\/\/staging.connect2us.eu\/faites-un-don-et-voyagez-avec-nous-au-pays-de-lempathie\/"},"modified":"2021-10-06T10:20:20","modified_gmt":"2021-10-06T08:20:20","slug":"faites-un-don-et-voyagez-avec-nous-au-pays-de-lempathie","status":"publish","type":"page","link":"https:\/\/connect2us.eu\/fr\/faites-un-don-et-voyagez-avec-nous-au-pays-de-lempathie\/","title":{"rendered":"Faites un don et voyagez avec nous au pays de l&#8217;empathie !"},"content":{"rendered":"<p><em><img loading=\"lazy\" decoding=\"async\" class=\"aligncenter wp-image-1250\" src=\"https:\/\/connect2us.eu\/wp-content\/uploads\/2021\/03\/Bord-schuin-2-300x225.jpg\" alt=\"\" width=\"487\" height=\"365\" srcset=\"https:\/\/connect2us.eu\/wp-content\/uploads\/2021\/03\/Bord-schuin-2-300x225.jpg 300w, https:\/\/connect2us.eu\/wp-content\/uploads\/2021\/03\/Bord-schuin-2-1024x768.jpg 1024w\" sizes=\"auto, (max-width: 487px) 100vw, 487px\" \/><\/em><\/p>\n<p style=\"text-align: right;\"><em>Nous comblons le foss\u00e9 parce que nous savons que pour donner la priorit\u00e9 \u00e0 notre avenir, <\/em><em>nous devons d&rsquo;abord mettre nos diff\u00e9rences de c\u00f4t\u00e9\u00a0\u00bb <\/em>Amanda Gorman 2021<\/p>\n<p>  En cette \u00ab\u00a0Semaine de la diversit\u00e9\u00a0\u00bb, aiderez-vous \u00e9galement les enfants \u00e0 parler entre eux de leurs coutumes et de leurs habitudes ?<br \/>\nFaites un don maintenant et voyagez avec nous au <strong><a href=\"https:\/\/www.connect2us.eu\/doneer\">pays de l&#8217;empathie<\/a>!<\/strong> Nous vivons dans une soci\u00e9t\u00e9 o\u00f9 la compr\u00e9hension et le respect de la culture de l&rsquo;autre sont de plus en plus importants.<br \/>\nLa Fondation Connect2Us a d\u00e9velopp\u00e9 Empathy Land en collaboration avec un certain nombre d&rsquo;enfants d&rsquo;\u00e9coles primaires et leurs enseignants.<br \/>\nIl s&rsquo;agit d&rsquo;un jeu de soci\u00e9t\u00e9 passionnant et \u00e9ducatif qui encourage la compr\u00e9hension mutuelle.<br \/>\nEn jouant \u00e0 Empathy Land, les \u00e9l\u00e8ves apprennent \u00e0 discuter respectueusement les uns avec les autres et \u00e0 d\u00e9fendre leurs opinions.<br \/>\nComment votre famille proc\u00e8de-t-elle ?<br \/>\nNous avons l&rsquo;habitude de proc\u00e9der de telle ou telle mani\u00e8re.<br \/>\nLes enfants apprennent \u00e0 comprendre et surtout \u00e0 accepter les diff\u00e9rences.<br \/>\nNous ne sommes pas oblig\u00e9s d&rsquo;adopter les coutumes des autres, mais la compr\u00e9hension mutuelle cr\u00e9e de la solidarit\u00e9 et un monde meilleur.<br \/>\nDe plus, nous voyons mieux ce qui nous unit.           <strong><a href=\"https:\/\/www.connect2us.eu\/achtergrond\/\"><a href=\"https:\/\/www.connect2us.eu\/achtergrond\/\">Plus d&rsquo;informations ici.<\/a><\/a><\/strong>  En bref : les enfants d\u00e9veloppent l&#8217;empathie, apprennent \u00e0 penser de mani\u00e8re critique et \u00e0 mieux reconna\u00eetre les opinions non fond\u00e9es et donc les pr\u00e9jug\u00e9s.<br \/>\nLe jeu est bilingue, n\u00e9erlandais et anglais.<br \/>\nNous sommes tr\u00e8s fiers d&rsquo;Empathy Land !<br \/>\nSi vous pensez vous aussi qu&rsquo;il s&rsquo;agit d&rsquo;une excellente initiative, aidez-nous \u00e0 toucher le plus grand nombre d&rsquo;enfants possible :     <\/p>\n<ul>\n<li><strong>En faisant un don d&rsquo;un montant correspondant au slogan<\/strong><strong>. <a href=\"https:\/\/www.connect2us.eu\/bedrag-naar-keuze\/\">Cliquez ici pour faire un don<\/a>.<\/strong><\/li>\n<li><strong><a href=\"https:\/\/www.connect2us.eu\/doneer-met-spel\/\">Avec un don de 40 euros<\/a>,<\/strong> vous recevrez un exemplaire d&rsquo;Empathy Land en guise de remerciement afin que vous puissiez jouer au jeu avec vos (petits-)enfants, vos amis, vos voisins et vos coll\u00e8gues.<br \/>\nLes adultes aussi aiment jouer \u00e0 ce jeu.   <a href=\"https:\/\/www.connect2us.eu\/doneer-met-spel\/\"><strong>Cliquez ici pour faire un don.<\/strong><\/a><\/li>\n<li>En faisant don, \u00e9ventuellement avec votre association ou votre club (de service), d&rsquo;un ou de plusieurs <a href=\"https:\/\/www.connect2us.eu\/doneer-schoolpakket\/\"><strong>paquets scolaires (150,- euros) \u00e0 offrir \u00e0 une \u00e9cole. <\/strong><\/a>\u00e0 une \u00e9cole.<br \/>\nCelle du coin, de la communaut\u00e9, de vos enfants ou petits-enfants ou l&rsquo;\u00e9cole du pass\u00e9.<br \/>\n5 jeux sont n\u00e9cessaires pour qu&rsquo;une classe de 30 enfants puisse faire le voyage au Pays de l&#8217;empathie ensemble. <strong><a href=\"https:\/\/www.connect2us.eu\/doneer-schoolpakket\/\">Cliquez ici pour faire un don<\/a>.<\/strong>  <\/li>\n<li>Et en <strong>partageant cet article<\/strong> avec d&rsquo;autres.<\/li>\n<\/ul>\n<p>  Le compteur de ce projet s&rsquo;\u00e9l\u00e8ve \u00e0 pr\u00e8s de 10 500 euros.<br \/>\nL&rsquo;argent servira \u00e0 mettre les jeux en production et \u00e0 atteindre les enfants.<br \/>\nPour un bon d\u00e9part \u00e0 travers un grand groupe d&rsquo;\u00e9coles, nous visons 50 000 euros.<br \/>\nToute aide est donc la bienvenue.<br \/>\nVotre don est d\u00e9ductible des imp\u00f4ts, la Stichting Connect2Us est une institution ANBI et <a href=\"https:\/\/www.cbf.nl\/organisatie\/connect2us\">certifi\u00e9e par le CBF<\/a>.<br \/>\nSi vous cliquez sur <a href=\"https:\/\/www.connect2us.eu\/reis-mee\">ce lien<\/a>, vous trouverez plus d&rsquo;informations sur le contexte et un lien vers la <a href=\"https:\/\/www.connect2us.eu\/doneer\">page de don<\/a>.<br \/>\nPour rester au courant des d\u00e9veloppements, likez-nous sur notre <a href=\"https:\/\/m.facebook.com\/Connect2Us.eu\/\">page facebook<\/a> ou notre <a href=\"https:\/\/www.instagram.com\/connect2us.eu\/\">page Instagram. <\/a> Merci d&rsquo;avoir lu (et partag\u00e9) ce billet.<br \/>\nMerci beaucoup, \u00e9galement au nom des enfants et des b\u00e9n\u00e9voles qui rendent Empathy Land possible, Jan Vincent Meertens Pr\u00e9sident         <strong> <\/strong><\/p>\n","protected":false},"excerpt":{"rendered":"<p>Nous comblons le foss\u00e9 parce que nous savons que pour donner la priorit\u00e9 \u00e0 notre avenir, nous devons d&rsquo;abord mettre nos diff\u00e9rences de c\u00f4t\u00e9\u00a0\u00bb Amanda Gorman 2021 En cette \u00ab\u00a0Semaine de la diversit\u00e9\u00a0\u00bb, aiderez-vous \u00e9galement les enfants \u00e0 parler entre eux de leurs coutumes et de leurs habitudes ? Faites un don maintenant et voyagez [&hellip;]<\/p>\n","protected":false},"author":3,"featured_media":0,"parent":0,"menu_order":0,"comment_status":"closed","ping_status":"closed","template":"","meta":{"_vp_format_video_url":"","_vp_image_focal_point":[],"footnotes":""},"class_list":["post-3542","page","type-page","status-publish","hentry"],"blocksy_meta":[],"_links":{"self":[{"href":"https:\/\/connect2us.eu\/fr\/wp-json\/wp\/v2\/pages\/3542","targetHints":{"allow":["GET"]}}],"collection":[{"href":"https:\/\/connect2us.eu\/fr\/wp-json\/wp\/v2\/pages"}],"about":[{"href":"https:\/\/connect2us.eu\/fr\/wp-json\/wp\/v2\/types\/page"}],"author":[{"embeddable":true,"href":"https:\/\/connect2us.eu\/fr\/wp-json\/wp\/v2\/users\/3"}],"replies":[{"embeddable":true,"href":"https:\/\/connect2us.eu\/fr\/wp-json\/wp\/v2\/comments?post=3542"}],"version-history":[{"count":0,"href":"https:\/\/connect2us.eu\/fr\/wp-json\/wp\/v2\/pages\/3542\/revisions"}],"wp:attachment":[{"href":"https:\/\/connect2us.eu\/fr\/wp-json\/wp\/v2\/media?parent=3542"}],"curies":[{"name":"wp","href":"https:\/\/api.w.org\/{rel}","templated":true}]}}