{"id":3545,"date":"2021-10-12T06:22:59","date_gmt":"2021-10-12T04:22:59","guid":{"rendered":"https:\/\/staging.connect2us.eu\/faire-un-don-avec-le-jeu\/"},"modified":"2021-10-12T06:22:59","modified_gmt":"2021-10-12T04:22:59","slug":"faire-un-don-avec-le-jeu","status":"publish","type":"page","link":"https:\/\/connect2us.eu\/fr\/faire-un-don-avec-le-jeu\/","title":{"rendered":"Faire un don avec le jeu"},"content":{"rendered":"<h3>Je fais un don de 40 euros et recevrai un jeu Empathy Land \u00e0 la maison en guise de remerciement, un deuxi\u00e8me jeu sera envoy\u00e9 \u00e0 une \u00e9cole pour nouveaux arrivants avec des enfants ukrainiens.<\/h3>\n<form method=\"POST\" action=\"\" class=\"pt-checkout-form\" id=\"pt_checkout_form_1\" data-pt-id=\"1\" data-parsley-validate enctype=\"multipart\/form-data\" data-currency=\"EUR\"><noscript><div class=\"pt-form-alert\">This form requires JavaScript, enable it in your browser.<\/div><\/noscript>\n<div class=\"pt-form-group pt-form-group-1 pt-form-group-field-email\"><label for=\"pt-field-email\">Courriel:<\/label><input type=\"email\" id=\"pt-field-email-1\" name=\"pt-field-email-1\" autocomplete=\"email\" class=\"pt-field pt-field-email\" value=\"\" data-pt-field-type=\"email\" data-pt-user-label=\"Courriel\" data-pt-user-data=\"false\" data-pt-price=\"0\" required      data-parsley-errors-container=\"#parsley-errors-list-email-1\"  \/><div id=\"parsley-errors-list-email-1\"><\/div><\/div>\n<div class=\"pt-form-group pt-form-group-2 pt-form-group-field-name\"><label for=\"pt-field-name\">Nom:<\/label><input type=\"text\" id=\"pt-field-name-2\" name=\"pt-field-name-2\" autocomplete=\"name\" class=\"pt-field pt-field-name\" value=\"\" data-pt-field-type=\"name\" data-pt-user-label=\"Nom\" data-pt-user-data=\"false\" required      \/><\/div>\n<div class=\"pt-form-group pt-form-group-3 pt-form-group-field-text\"><label for=\"pt-field-text\">Adresse:<\/label><input type=\"text\" id=\"pt-field-text-3\" name=\"pt-field-text-3\" autocomplete=\"\" class=\"pt-field pt-field-text\" value=\"\" data-pt-field-type=\"text\" data-pt-user-label=\"Adresse\" data-pt-user-data=\"false\" data-pt-price=\"0\" required    \/><\/div>\n<div class=\"pt-form-group pt-form-group-4 pt-form-group-field-text\"><label for=\"pt-field-text\">Code postal:<\/label><input type=\"text\" id=\"pt-field-text-4\" name=\"pt-field-text-4\" autocomplete=\"\" class=\"pt-field pt-field-text\" value=\"\" data-pt-field-type=\"text\" data-pt-user-label=\"Code postal\" data-pt-user-data=\"false\" data-pt-price=\"0\" required    \/><\/div>\n<div class=\"pt-form-group pt-form-group-5 pt-form-group-field-text\"><label for=\"pt-field-text\">Ville:<\/label><input type=\"text\" id=\"pt-field-text-5\" name=\"pt-field-text-5\" autocomplete=\"\" class=\"pt-field pt-field-text\" value=\"\" data-pt-field-type=\"text\" data-pt-user-label=\"Ville\" data-pt-user-data=\"false\" data-pt-price=\"0\" required    \/><\/div>\n<div class=\"pt-form-group pt-form-group-6 pt-form-group-field-text\"><label for=\"pt-field-text\">Pays:<\/label><input type=\"text\" id=\"pt-field-text-6\" name=\"pt-field-text-6\" autocomplete=\"\" class=\"pt-field pt-field-text\" value=\"\" data-pt-field-type=\"text\" data-pt-user-label=\"Pays\" data-pt-user-data=\"false\" data-pt-price=\"0\"     \/><\/div>\n<div class=\"pt-form-group pt-form-group-7 pt-form-group-label has-quantity-input\"><label for=\"pt_items[7][value]\" class=\"\">Terre d&#039;empathie<\/label><input type=\"hidden\" name=\"pt_items[7][label]\" value=\"Terre d&#039;empathie\"><input type=\"hidden\" name=\"pt_items[7][type]\" value=\"label\"><div class=\"paytium-quantity-input\"><button type=\"button\" class=\"paytium-spinner decrement\">-<\/button><input type=\"number\"  class=\"pt-quantity-input\" name=\"pt_items[7][quantity]\" value=0  ><button type=\"button\" class=\"paytium-spinner increment\">+<\/button><\/div><input type=\"hidden\" class=\"pt-cf-amount pt-cf-label-amount has-quantity-input\" name=\"pt_items[7][amount]\" value=\"40\" data-pt-price=\"40\" \/><input type=\"hidden\" name=\"pt_items[7][tax_percentage]\" value=\"0\"><\/div><div class=\"pt-form-group pt-form-group-8 pt-form-group-total-amount\">Total: <span class=\"pt-total-amount\">\u20ac -<\/span><\/div>\n<button class=\"pt-payment-btn paytium-button-el\"><span>Faire un don<\/span><\/button>\n<input type=\"hidden\" name=\"pt-name\" value=\"Form name\" \/><input type=\"hidden\" name=\"pt-description\" value=\"Payment description\" \/><input type=\"hidden\" name=\"pt-amount\" class=\"pt_amount\" value=\"\" \/><input type=\"hidden\" name=\"pt-currency\" class=\"pt_currency\" value=\"EUR\" \/><input type=\"hidden\" name=\"pt_redirect_url\" value=\"https:\/\/connect2us.eu\/fr\/faire-un-don-avec-le-jeu\/\" \/><input type=\"hidden\" name=\"pt-form-load\" value=\"eebe3f6a61c88797a6a58792fcf8c026\" \/><input type=\"hidden\" name=\"pt-form-id\" value=\"1\" \/><\/form>\n","protected":false},"excerpt":{"rendered":"<p>Je fais un don de 40 euros et recevrai un jeu Empathy Land \u00e0 la maison en guise de remerciement, un deuxi\u00e8me jeu sera envoy\u00e9 \u00e0 une \u00e9cole pour nouveaux arrivants avec des enfants ukrainiens.<\/p>\n","protected":false},"author":3,"featured_media":0,"parent":0,"menu_order":0,"comment_status":"closed","ping_status":"closed","template":"","meta":{"_vp_format_video_url":"","_vp_image_focal_point":[],"footnotes":""},"class_list":["post-3545","page","type-page","status-publish","hentry"],"blocksy_meta":[],"_links":{"self":[{"href":"https:\/\/connect2us.eu\/fr\/wp-json\/wp\/v2\/pages\/3545","targetHints":{"allow":["GET"]}}],"collection":[{"href":"https:\/\/connect2us.eu\/fr\/wp-json\/wp\/v2\/pages"}],"about":[{"href":"https:\/\/connect2us.eu\/fr\/wp-json\/wp\/v2\/types\/page"}],"author":[{"embeddable":true,"href":"https:\/\/connect2us.eu\/fr\/wp-json\/wp\/v2\/users\/3"}],"replies":[{"embeddable":true,"href":"https:\/\/connect2us.eu\/fr\/wp-json\/wp\/v2\/comments?post=3545"}],"version-history":[{"count":0,"href":"https:\/\/connect2us.eu\/fr\/wp-json\/wp\/v2\/pages\/3545\/revisions"}],"wp:attachment":[{"href":"https:\/\/connect2us.eu\/fr\/wp-json\/wp\/v2\/media?parent=3545"}],"curies":[{"name":"wp","href":"https:\/\/api.w.org\/{rel}","templated":true}]}}