{"id":3553,"date":"2021-02-08T20:35:09","date_gmt":"2021-02-08T18:35:09","guid":{"rendered":"https:\/\/staging.connect2us.eu\/terre-dempathie\/"},"modified":"2025-08-02T10:46:02","modified_gmt":"2025-08-02T08:46:02","slug":"terre-dempathie","status":"publish","type":"page","link":"https:\/\/connect2us.eu\/fr\/terre-dempathie\/","title":{"rendered":"Terre d&#8217;empathie"},"content":{"rendered":"\n<h5 class=\"wp-block-heading\" id=\"h-ondersteuning-bij-taal-en-burgerschapsvaardigheden-in-het-onderwijs-nt2-taaltrainingen-en-andere-interculturele-activiteiten\">Soutien aux comp\u00e9tences linguistiques et citoyennes dans l&rsquo;\u00e9ducation, formation linguistique NT2 et autres activit\u00e9s interculturelles<\/h5>\n\n<figure class=\"wp-block-image size-medium\"><img loading=\"lazy\" decoding=\"async\" width=\"300\" height=\"225\" src=\"https:\/\/connect2us.eu\/wp-content\/uploads\/2021\/03\/Bord-schuin-2-300x225.jpg\" alt=\"\" class=\"wp-image-1250\" srcset=\"https:\/\/connect2us.eu\/wp-content\/uploads\/2021\/03\/Bord-schuin-2-300x225.jpg 300w, https:\/\/connect2us.eu\/wp-content\/uploads\/2021\/03\/Bord-schuin-2-1024x768.jpg 1024w\" sizes=\"auto, (max-width: 300px) 100vw, 300px\" \/><\/figure>\n\n<p>Nous \u00e9changeons plus de mots que jamais. Mais combien de personnes s&rsquo;\u00e9coutent vraiment, se comprennent ? Non seulement nous sommes distraits par la technologie, mais nous voyons partout des dirigeants qui font tout sauf<em>\u00ab\u00a0\u00e9couter\u00a0\u00bb<\/em> les autres. Une \u00e9coute efficace affecte la fa\u00e7on dont nous<em>\u00ab\u00a0regardons\u00a0\u00bb<\/em> l&rsquo;autre. En partageant des histoires et en laissant les enfants s&rsquo;engager dans un dialogue ludique sur des sujets qu&rsquo;ils n&rsquo;aborderaient pas facilement autrement, nous apprenons \u00e0 mieux nous \u00e9couter les uns les autres et \u00e0 d\u00e9couvrir ce qui nous lie, d&rsquo;une personne \u00e0 l&rsquo;autre. Et nous avons des rencontres plus significatives. Nous d\u00e9veloppons un capital culturel pour nous-m\u00eames, nous rapprochons les cultures et nous comprenons mieux la diversit\u00e9 dans la communaut\u00e9 mondiale.     <\/p>\n\n<p>A Journey to Empathy Land\u00a0\u00bb est un jeu que Connect2Us a d\u00e9velopp\u00e9 avec des \u00e9tudiants en psychologie de l&rsquo;universit\u00e9 de Tilburg. Le jeu a \u00e9t\u00e9 d\u00e9ploy\u00e9 dans plusieurs \u00e9coles et dans des caf\u00e9s linguistiques. <\/p>\n\n<p>L&rsquo;objectif d&rsquo;Empathy Land est de d\u00e9velopper les comp\u00e9tences citoyennes et les comp\u00e9tences interculturelles en particulier : par la prise de conscience, la compr\u00e9hension et l&rsquo;acceptation. Les enfants apprennent \u00e0 se comprendre les uns les autres, \u00e0 faire preuve d&rsquo;esprit critique et \u00e0 se pr\u00e9munir contre les opinions non fond\u00e9es sur et dans les m\u00e9dias (sociaux). En jouant aux jeux, les \u00e9l\u00e8ves apprennent \u00e0 discuter avec respect et \u00e0 d\u00e9fendre leurs opinions. Ce faisant, l&rsquo;\u00e9cole investit dans des comp\u00e9tences sociales, \u00e9motionnelles et citoyennes et dans des rencontres pr\u00e9cieuses ; elle accro\u00eet \u00e9galement la s\u00e9curit\u00e9 sociale dans la classe et \u00e0 l&rsquo;\u00e9cole.   <\/p>\n\n<p>Empathy Land\u00a0\u00bb est un jeu de soci\u00e9t\u00e9 sp\u00e9cialement con\u00e7u pour former les joueurs aux comp\u00e9tences non techniques n\u00e9cessaires \u00e0 une interaction interculturelle r\u00e9ussie. Gr\u00e2ce au principe du jeu, nous encourageons la motivation intrins\u00e8que des \u00e9tudiants \u00e0 vouloir gagner le jeu, en leur demandant de faire preuve d&#8217;empathie envers les autres participants, leurs familles et leurs coutumes et, en m\u00eame temps, les leurs. <\/p>\n\n<h3 class=\"wp-block-heading\" id=\"h-expertise-connect2us\">Expertise Connect2us<\/h3>\n\n<p>Depuis sa cr\u00e9ation en 2016, la fondation s&rsquo;est enrichie d&rsquo;un groupe d&rsquo;experts en communication interculturelle, de psychologues et d&rsquo;\u00e9ducateurs ; une \u00e9quipe de plus de 25 b\u00e9n\u00e9voles. Outre la composition multiculturelle de l&rsquo;\u00e9quipe et l&rsquo;exp\u00e9rience de vie des personnes impliqu\u00e9es, la Fondation dispose d&rsquo;une expertise de qualit\u00e9 en mati\u00e8re de culture. Les fondateurs et un certain nombre de b\u00e9n\u00e9voles sont associ\u00e9s au c\u00e9l\u00e8bre scientifique n\u00e9erlandais Geert Hofstede, qui a valid\u00e9 les histoires sur notre plateforme et notre approche de celles-ci. Geert Hofstede a men\u00e9 des recherches de renomm\u00e9e mondiale sur les diff\u00e9rences entre les cultures nationales dans la mani\u00e8re dont les individus et les organisations se per\u00e7oivent les uns les autres et per\u00e7oivent les \u00ab\u00a0autres\u00a0\u00bb. Ses recherches sont sans aucun doute d&rsquo;une valeur inestimable. D&rsquo;une part, en raison de l&rsquo;\u00e9norme quantit\u00e9 de donn\u00e9es couvrant pratiquement le monde entier et, d&rsquo;autre part, parce que les dimensions de sa recherche permettent une comparaison pertinente entre les cultures nationales. Chez Connect2Us, nous traduisons ces diff\u00e9rences dans la vie de tous les jours. La compr\u00e9hension et l&rsquo;acceptation de ces diff\u00e9rences nous font prendre conscience de ce que nous avons tous en commun. La Fondation souhaite mettre ces connaissances au service de l&rsquo;\u00e9ducation et de la soci\u00e9t\u00e9 dans son ensemble. Nous aspirons \u00e0 une soci\u00e9t\u00e9 diversifi\u00e9e dans laquelle la libert\u00e9 et la tol\u00e9rance occupent une place centrale et o\u00f9 les pr\u00e9jug\u00e9s sur l&rsquo;origine sont \u00e9limin\u00e9s, et \u00e0 une plus grande coh\u00e9sion dans la soci\u00e9t\u00e9.<\/p>\n\n<h3 class=\"wp-block-heading\" id=\"h-zonder-winstoogmerk\">Sans but lucratif<\/h3>\n\n<p>La fondation dispose d&rsquo;un conseil d&rsquo;administration exp\u00e9riment\u00e9 et fonctionne conform\u00e9ment au Code de conduite des organisations caritatives n\u00e9erlandaises. En mars 2017, la fondation a obtenu le statut d&rsquo;ANBI. En 2018, Connect2Us a \u00e9t\u00e9 reconnue par la CBF, qui supervise les organismes de bienfaisance reconnus. Depuis 2024, la fondation maintient les normes de la CBF mais ne supporte pas les co\u00fbts de certification&#8230;..   <\/p>\n\n<h3 class=\"wp-block-heading\" id=\"h-op-school\">\u00c0 l&rsquo;\u00e9cole<\/h3>\n\n<p><em>\u00ab\u00a0Les enfants grandissent dans une soci\u00e9t\u00e9 pluraliste et apprennent \u00e0 comprendre et surtout \u00e0 accepter les diff\u00e9rences. Nous ne sommes pas oblig\u00e9s d&rsquo;adopter les coutumes des autres, mais le fait de se comprendre les uns les autres cr\u00e9e un sentiment d&rsquo;appartenance et un monde meilleur. Les enfants acqui\u00e8rent des connaissances et une vision de certaines valeurs et normes d&rsquo;eux-m\u00eames et des autres et savent comment agir en cons\u00e9quence. Ils voient ainsi mieux ce qui les lie les uns aux autres. De l&rsquo;\u00e9tonnement \u00e0 la connexion\u00a0\u00bb.<\/em><\/p>\n\n<p>Empathy Land est un jeu de soci\u00e9t\u00e9 passionnant et instructif qui contribue, entre autres, \u00e0 l&rsquo;acquisition de comp\u00e9tences citoyennes dans l&rsquo;enseignement primaire. C&rsquo;est un outil qui peut \u00eatre utilis\u00e9 r\u00e9guli\u00e8rement et \u00e0 tout moment dans le cadre des le\u00e7ons de citoyennet\u00e9 et de l&rsquo;objectif central 37 \u00ab\u00a0S&rsquo;orienter et se situer dans le monde &#8211; L&rsquo;homme et la soci\u00e9t\u00e9\u00a0\u00bb en particulier. Il apprend aux \u00e9l\u00e8ves \u00e0 s&rsquo;orienter dans le monde proche, lointain, d&rsquo;hier et d&rsquo;aujourd&rsquo;hui. Le jeu est adapt\u00e9 aux \u00e9l\u00e8ves des classes 5 \u00e0 8. Mais surtout, le jeu permet de parler ouvertement et de mani\u00e8re ludique de ce qui nous rend uniques et de ce qui nous unit. Il enseigne aux \u00e9l\u00e8ves que nous avons tant \u00e0 nous offrir les uns aux autres gr\u00e2ce \u00e0 la diversit\u00e9 culturelle.     <\/p>\n\n<p>Les enfants ont des discussions anim\u00e9es sur leur situation familiale. Les enseignants entendent des conversations spontan\u00e9es qu&rsquo;ils n&rsquo;auraient pas pu imaginer sans le jeu. Nous avons re\u00e7u ce commentaire d&rsquo;une \u00e9cole de Drachten apr\u00e8s avoir jou\u00e9 \u00e0 Empathy Land :  <\/p>\n\n<p><em>\u00ab\u00a0Dans un groupe comprenant de nombreux locuteurs non natifs, les \u00e9l\u00e8ves ont vraiment appr\u00e9ci\u00e9 de discuter des similitudes les uns avec les autres. Certaines diff\u00e9rences ont suscit\u00e9 beaucoup d&rsquo;\u00e9tonnement et les \u00e9l\u00e8ves n&rsquo;ont cess\u00e9 de se poser des questions les uns aux autres.<\/em><\/p>\n\n<p>Les jeux sont pr\u00eats \u00e0 \u00eatre jou\u00e9s et peuvent facilement \u00eatre anim\u00e9s par l&rsquo;enseignant. Les instructions pour les enseignants sont disponibles via un code QR sur la bo\u00eete. <\/p>\n\n<p>Des ateliers pour les enseignants sont disponibles afin d&rsquo;am\u00e9liorer leurs connaissances et comp\u00e9tences interculturelles. Le jeu est bilingue, n\u00e9erlandais et anglais. <\/p>\n\n<p>Le point de d\u00e9part est que les \u00e9coles paieront un co-paiement pour Empathy Land. Avec 5 jeux n\u00e9cessaires pour une classe, les \u00e9coles seront en mesure de budg\u00e9tiser leur propre contribution pour Empathy Land \u00e0 115. Nous esp\u00e9rons financer la phase de pr\u00e9paration avec des pr\u00e9commandes, des subventions et des dons.  <\/p>\n\n<h3 class=\"wp-block-heading\" id=\"h-taaltrainingen-en-taalcafe-s\">Cours de langues et caf\u00e9s linguistiques<\/h3>\n\n<p>Ce jeu convient parfaitement \u00e0 la formation linguistique des nouveaux arrivants. En jouant, les participants apprennent davantage de mots n\u00e9erlandais et d\u00e9couvrent en m\u00eame temps la culture n\u00e9erlandaise. Ils peuvent ensuite raconter leurs propres coutumes et habitudes aux autres participants. Au final, tous les joueurs se retrouvent au pays de l&#8217;empathie !   <\/p>\n\n<p>Des ateliers pour les enseignants sont disponibles afin d&rsquo;am\u00e9liorer leurs connaissances et comp\u00e9tences interculturelles.<\/p>\n\n<h3 class=\"wp-block-heading\" id=\"h-doneer\">Faites un don !<\/h3>\n\n<p>Nous sommes tr\u00e8s fiers d&rsquo;Empathy Land ! Si vous pensez \u00e9galement que cette initiative est excellente, aidez-nous \u00e0 atteindre le plus grand nombre de personnes possible. <\/p>\n\n<ul class=\"wp-block-list\">\n<li><a href=\"https:\/\/connect2us.eu\/fr\/faire-un-don-avec-le-jeu\/\">En faisant un don<\/a>. Au prix de 40 euros, vous recevrez un exemplaire d&rsquo;Empathy Land en guise de remerciement afin que vous puissiez jouer au jeu avec vos (petits-)enfants, vos amis, vos voisins et vos coll\u00e8gues. Les adultes aiment \u00e9galement jouer \u00e0 ce jeu. Un deuxi\u00e8me jeu sera offert \u00e0 une \u00e9cole.   <\/li>\n\n\n\n<li>En faisant don, \u00e9ventuellement avec votre association ou votre club (de service), d&rsquo;un ou plusieurs <a href=\"https:\/\/connect2us.eu\/fr\/don-dun-colis-scolaire\/\">paquets scolaires (\u20ac150,-) <\/a>\u00e0 une ou plusieurs \u00e9coles. Celles du coin, de la commune, de vos enfants ou petits-enfants ou l&rsquo;\u00e9cole d&rsquo;antan. 5 jeux sont n\u00e9cessaires pour qu&rsquo;une classe de 30 enfants au maximum puisse faire le voyage au Pays de l&#8217;empathie ensemble.  <\/li>\n\n\n\n<li>Les \u00e9coles peuvent <a href=\"https:\/\/connect2us.eu\/fr\/paquet-scolaire\/\">demander leur paquet en cliquant sur ce lien.<\/a><\/li>\n<\/ul>\n\n<figure class=\"wp-block-image size-full\"><img loading=\"lazy\" decoding=\"async\" width=\"768\" height=\"537\" src=\"https:\/\/connect2us.eu\/wp-content\/uploads\/2024\/11\/GraphicPresentation-kopie.jpg\" alt=\"\" class=\"wp-image-4133\" srcset=\"https:\/\/connect2us.eu\/wp-content\/uploads\/2024\/11\/GraphicPresentation-kopie.jpg 768w, https:\/\/connect2us.eu\/wp-content\/uploads\/2024\/11\/GraphicPresentation-kopie-300x210.jpg 300w, https:\/\/connect2us.eu\/wp-content\/uploads\/2024\/11\/GraphicPresentation-kopie-500x350.jpg 500w\" sizes=\"auto, (max-width: 768px) 100vw, 768px\" \/><\/figure>\n\n<figure class=\"wp-block-image aligncenter\"><img loading=\"lazy\" decoding=\"async\" width=\"300\" height=\"157\" src=\"https:\/\/www.connect2us.eu\/wp-content\/uploads\/2020\/11\/geef-gerust-logo.png\" alt=\"\" class=\"wp-image-922\"\/><\/figure>\n\n<p><\/p>\n","protected":false},"excerpt":{"rendered":"<p>Soutien aux comp\u00e9tences linguistiques et citoyennes dans l&rsquo;\u00e9ducation, formation linguistique NT2 et autres activit\u00e9s interculturelles Nous \u00e9changeons plus de mots que jamais. Mais combien de personnes s&rsquo;\u00e9coutent vraiment, se comprennent ? Non seulement nous sommes distraits par la technologie, mais nous voyons partout des dirigeants qui font tout sauf\u00ab\u00a0\u00e9couter\u00a0\u00bb les autres. Une \u00e9coute efficace affecte [&hellip;]<\/p>\n","protected":false},"author":3,"featured_media":0,"parent":0,"menu_order":0,"comment_status":"closed","ping_status":"closed","template":"","meta":{"_vp_format_video_url":"","_vp_image_focal_point":[],"footnotes":""},"class_list":["post-3553","page","type-page","status-publish","hentry"],"blocksy_meta":[],"_links":{"self":[{"href":"https:\/\/connect2us.eu\/fr\/wp-json\/wp\/v2\/pages\/3553","targetHints":{"allow":["GET"]}}],"collection":[{"href":"https:\/\/connect2us.eu\/fr\/wp-json\/wp\/v2\/pages"}],"about":[{"href":"https:\/\/connect2us.eu\/fr\/wp-json\/wp\/v2\/types\/page"}],"author":[{"embeddable":true,"href":"https:\/\/connect2us.eu\/fr\/wp-json\/wp\/v2\/users\/3"}],"replies":[{"embeddable":true,"href":"https:\/\/connect2us.eu\/fr\/wp-json\/wp\/v2\/comments?post=3553"}],"version-history":[{"count":4,"href":"https:\/\/connect2us.eu\/fr\/wp-json\/wp\/v2\/pages\/3553\/revisions"}],"predecessor-version":[{"id":4674,"href":"https:\/\/connect2us.eu\/fr\/wp-json\/wp\/v2\/pages\/3553\/revisions\/4674"}],"wp:attachment":[{"href":"https:\/\/connect2us.eu\/fr\/wp-json\/wp\/v2\/media?parent=3553"}],"curies":[{"name":"wp","href":"https:\/\/api.w.org\/{rel}","templated":true}]}}