{"id":3562,"date":"2024-09-16T14:47:07","date_gmt":"2024-09-16T12:47:07","guid":{"rendered":"https:\/\/staging.connect2us.eu\/accueil\/"},"modified":"2024-10-11T12:42:09","modified_gmt":"2024-10-11T10:42:09","slug":"accueil","status":"publish","type":"page","link":"https:\/\/connect2us.eu\/fr\/","title":{"rendered":"Accueil"},"content":{"rendered":"\n<div class=\"wp-block-stackable-hero alignfull stk-block-hero stk-block stk-c296a99 stk-block-background is-style-default stk--has-background-overlay\" data-v=\"2\" data-block-id=\"c296a99\"><style>.stk-c296a99-inner-blocks{justify-content:center !important;}.stk-c296a99 {background-image:url(https:\/\/connect2us.eu\/wp-content\/uploads\/2024\/07\/Connect2us.jpg) !important;margin-bottom:1px !important;}.stk-c296a99 .stk-block-hero__content{min-height:800px !important;align-items:center !important;display:flex !important;}<\/style><div class=\"stk-block-hero__content stk-content-align stk-c296a99-column alignfull stk-container stk-c296a99-container stk--no-background stk--no-padding\"><div class=\"stk-block-content stk-inner-blocks has-text-align-center stk--column-flex stk-c296a99-inner-blocks\">\n<div class=\"wp-block-stackable-heading stk-block-heading stk-block-heading--v2 stk-block stk-ef57542\" id=\"van-verbazing-naar-verbinding\" data-block-id=\"ef57542\"><style>.stk-ef57542 .stk-block-heading__text{font-size:5rem !important;color:var(--theme-palette-color-8, #ffffff) !important;}@media screen and (max-width:999px){.stk-ef57542 .stk-block-heading__text{font-size:5rem !important;}}@media screen and (max-width:689px){.stk-ef57542 .stk-block-heading__text{font-size:3rem !important;}}<\/style><h1 class=\"stk-block-heading__text has-text-color\">De l&rsquo;\u00e9tonnement \u00e0 la connexion<\/h1><\/div>\n\n\n\n<div class=\"wp-block-stackable-text stk-block-text stk-block stk-fd3103c\" data-block-id=\"fd3103c\"><style>.stk-fd3103c .stk-block-text__text{font-size:30px !important;color:var(--theme-palette-color-8, #ffffff) !important;}@media screen and (max-width:999px){.stk-fd3103c .stk-block-text__text{font-size:30px !important;}}<\/style><p class=\"stk-block-text__text has-text-color\">Des histoires qui font le lien<\/p><\/div>\n\n\n\n<div class=\"wp-block-stackable-button-group stk-block-button-group stk-block stk-9d47a3c\" data-block-id=\"9d47a3c\"><style>.stk-9d47a3c .stk-button-group{flex-direction:row !important;}@media screen and (max-width:999px){.stk-9d47a3c .stk-button-group{flex-direction:row !important;}}@media screen and (max-width:689px){.stk-9d47a3c .stk-button-group{flex-direction:row !important;}}<\/style><div class=\"stk-row stk-inner-blocks stk-block-content stk-button-group\">\n<div class=\"wp-block-stackable-button stk-block-button stk-block stk-c5a545e\" data-block-id=\"c5a545e\"><style>.stk-c5a545e .stk-button{border-top-left-radius:100px !important;border-top-right-radius:100px !important;border-bottom-right-radius:100px !important;border-bottom-left-radius:100px !important;}<\/style><a class=\"stk-link stk-button stk--hover-effect-darken\" href=\"https:\/\/connect2us.eu\/fr\/faire-un-don\/\"><span class=\"stk-button__inner-text\">faire un don directement<\/span><\/a><\/div>\n<\/div><\/div>\n<\/div><\/div><\/div>\n\n<div class=\"wp-block-stackable-columns alignfull stk-block-columns stk-block stk-ed11197 stk-block-background\" data-block-id=\"ed11197\"><style>.stk-ed11197 {background-color:var(--theme-palette-color-4, #192a3d) !important;padding-top:80px !important;padding-bottom:80px !important;}.stk-ed11197:before{background-color:var(--theme-palette-color-4, #192a3d) !important;}<\/style><div class=\"stk-row stk-inner-blocks stk-block-content stk-content-align stk-ed11197-column alignwide\">\n<div class=\"wp-block-stackable-column stk-block-column stk-column stk-block stk-77a389d\" data-v=\"4\" data-block-id=\"77a389d\"><div class=\"stk-column-wrapper stk-block-column__content stk-container stk-77a389d-container stk--no-background stk--no-padding\"><div class=\"has-text-align-center stk-block-content stk-inner-blocks stk-77a389d-inner-blocks stk--align-last-block-to-bottom\">\n<div class=\"wp-block-stackable-icon stk-block-icon stk-block stk-dd20160\" data-block-id=\"dd20160\"><style>.stk-dd20160 .stk--svg-wrapper .stk--inner-svg svg:last-child{height:60px !important;width:60px !important;}.stk-dd20160 .stk--svg-wrapper .stk--inner-svg svg:last-child, .stk-dd20160 .stk--svg-wrapper .stk--inner-svg svg:last-child :is(g, path, rect, polygon, ellipse){fill:var(--theme-palette-color-8, #ffffff) !important;}<\/style><span class=\"stk--svg-wrapper\"><div class=\"stk--inner-svg\"><svg style=\"height:0;width:0\"><defs><lineargradient id=\"linear-gradient-dd20160\" x1=\"0\" x2=\"100%\" y1=\"0\" y2=\"0\"><stop offset=\"0%\" style=\"stop-opacity:1;stop-color:var(--linear-gradient-dd-20160-color-1)\"><\/stop><stop offset=\"100%\" style=\"stop-opacity:1;stop-color:var(--linear-gradient-dd-20160-color-2)\"><\/stop><\/lineargradient><\/defs><\/svg><svg xmlns=\"http:\/\/www.w3.org\/2000\/svg\" viewbox=\"0 0 512 512\" aria-hidden=\"true\" width=\"32\" height=\"32\"><path d=\"M441 58.9L453.1 71c9.4 9.4 9.4 24.6 0 33.9L424 134.1 377.9 88 407 58.9c9.4-9.4 24.6-9.4 33.9 0zM209.8 256.2L344 121.9 390.1 168 255.8 302.2c-2.9 2.9-6.5 5-10.4 6.1l-58.5 16.7 16.7-58.5c1.1-3.9 3.2-7.5 6.1-10.4zM373.1 25L175.8 222.2c-8.7 8.7-15 19.4-18.3 31.1l-28.6 100c-2.4 8.4-.1 17.4 6.1 23.6s15.2 8.5 23.6 6.1l100-28.6c11.8-3.4 22.5-9.7 31.1-18.3L487 138.9c28.1-28.1 28.1-73.7 0-101.8L474.9 25C446.8-3.1 401.2-3.1 373.1 25zM88 64C39.4 64 0 103.4 0 152V424c0 48.6 39.4 88 88 88H360c48.6 0 88-39.4 88-88V312c0-13.3-10.7-24-24-24s-24 10.7-24 24V424c0 22.1-17.9 40-40 40H88c-22.1 0-40-17.9-40-40V152c0-22.1 17.9-40 40-40H200c13.3 0 24-10.7 24-24s-10.7-24-24-24H88z\"><\/path><\/svg><\/div><\/span><\/div>\n\n\n\n<div class=\"wp-block-stackable-heading stk-block-heading stk-block-heading--v2 stk-block stk-b9c0d80\" id=\"verhalen\" data-block-id=\"b9c0d80\"><style>.stk-b9c0d80 .stk-block-heading__text{color:var(--theme-palette-color-7, #FAFBFC) !important;}<\/style><h2 class=\"stk-block-heading__text has-text-color\">Histoires<\/h2><\/div>\n\n\n\n<div class=\"wp-block-stackable-text stk-block-text stk-block stk-9716588\" data-block-id=\"9716588\"><style>.stk-9716588 .stk-block-text__text{color:var(--theme-palette-color-7, #FAFBFC) !important;}<\/style><p class=\"stk-block-text__text has-text-color\">Valeria, Hanan, Zayed, Suhana, Nabil et d&rsquo;autres vivent aux Pays-Bas et ont tous des origines culturelles diff\u00e9rentes.<\/p><\/div>\n\n\n\n<div class=\"wp-block-stackable-button-group stk-block-button-group stk-block stk-618b8d4\" data-block-id=\"618b8d4\"><style>.stk-618b8d4 .stk-button-group{flex-direction:row !important;}.stk-618b8d4 {overflow:hidden !important;}@media screen and (max-width:999px){.stk-618b8d4 .stk-button-group{flex-direction:row !important;}}@media screen and (max-width:689px){.stk-618b8d4 .stk-button-group{flex-direction:row !important;}}<\/style><div class=\"stk-row stk-inner-blocks stk-block-content stk-button-group\">\n<div class=\"wp-block-stackable-button stk-block-button stk-block stk-d9f69c0\" data-block-id=\"d9f69c0\"><style>.stk-d9f69c0 .stk-button{border-top-left-radius:100px !important;border-top-right-radius:100px !important;border-bottom-right-radius:100px !important;border-bottom-left-radius:100px !important;}<\/style><a class=\"stk-link stk-button stk--hover-effect-darken\" href=\"https:\/\/connect2us.eu\/fr\/histoires\/\"><span class=\"stk-button__inner-text\">Plus d&rsquo;informations<\/span><\/a><\/div>\n<\/div><\/div>\n<\/div><\/div><\/div>\n\n\n\n<div class=\"wp-block-stackable-column stk-block-column stk-column stk-block stk-6bdf21c\" data-v=\"4\" data-block-id=\"6bdf21c\"><div class=\"stk-column-wrapper stk-block-column__content stk-container stk-6bdf21c-container stk--no-background stk--no-padding\"><div class=\"has-text-align-center stk-block-content stk-inner-blocks stk-6bdf21c-inner-blocks stk--align-last-block-to-bottom\">\n<div class=\"wp-block-stackable-icon stk-block-icon stk-block stk-38bbfa4\" data-block-id=\"38bbfa4\"><style>.stk-38bbfa4 .stk--svg-wrapper .stk--inner-svg svg:last-child{height:60px !important;width:60px !important;}.stk-38bbfa4 .stk--svg-wrapper .stk--inner-svg svg:last-child, .stk-38bbfa4 .stk--svg-wrapper .stk--inner-svg svg:last-child :is(g, path, rect, polygon, ellipse){fill:var(--theme-palette-color-8, #ffffff) !important;}<\/style><span class=\"stk--svg-wrapper\"><div class=\"stk--inner-svg\"><svg style=\"height:0;width:0\"><defs><lineargradient id=\"linear-gradient-38bbfa4\" x1=\"0\" x2=\"100%\" y1=\"0\" y2=\"0\"><stop offset=\"0%\" style=\"stop-opacity:1;stop-color:var(--linear-gradient-38-bbfa-4-color-1)\"><\/stop><stop offset=\"100%\" style=\"stop-opacity:1;stop-color:var(--linear-gradient-38-bbfa-4-color-2)\"><\/stop><\/lineargradient><\/defs><\/svg><svg xmlns=\"http:\/\/www.w3.org\/2000\/svg\" viewbox=\"0 0 576 512\" aria-hidden=\"true\" width=\"32\" height=\"32\"><path d=\"M565.6 36.2C572.1 40.7 576 48.1 576 56V392c0 10-6.2 18.9-15.5 22.4l-168 64c-5.2 2-10.9 2.1-16.1 .3L192.5 417.5l-160 61c-7.4 2.8-15.7 1.8-22.2-2.7S0 463.9 0 456V120c0-10 6.1-18.9 15.5-22.4l168-64c5.2-2 10.9-2.1 16.1-.3L383.5 94.5l160-61c7.4-2.8 15.7-1.8 22.2 2.7zM48 136.5V421.2l120-45.7V90.8L48 136.5zM360 422.7V137.3l-144-48V374.7l144 48zm48-1.5l120-45.7V90.8L408 136.5V421.2z\"><\/path><\/svg><\/div><\/span><\/div>\n\n\n\n<div class=\"wp-block-stackable-heading stk-block-heading stk-block-heading--v2 stk-block stk-2bb570d\" id=\"spellen\" data-block-id=\"2bb570d\"><style>.stk-2bb570d .stk-block-heading__text{color:var(--theme-palette-color-7, #FAFBFC) !important;}<\/style><h2 class=\"stk-block-heading__text has-text-color\">Jeux<\/h2><\/div>\n\n\n\n<div class=\"wp-block-stackable-text stk-block-text stk-block stk-718cb4d\" data-block-id=\"718cb4d\"><style>.stk-718cb4d .stk-block-text__text{color:var(--theme-palette-color-7, #FAFBFC) !important;}<\/style><p class=\"stk-block-text__text has-text-color\">Connect2Us a con\u00e7u un ensemble de jeux \u00e9ducatifs bas\u00e9s sur la recherche que nous partageons avec les enseignants et les \u00e9tudiants.<\/p><\/div>\n\n\n\n<div class=\"wp-block-stackable-button-group stk-block-button-group stk-block stk-a90561d\" data-block-id=\"a90561d\"><style>.stk-a90561d .stk-button-group{flex-direction:row !important;}.stk-a90561d {overflow:hidden !important;}@media screen and (max-width:999px){.stk-a90561d .stk-button-group{flex-direction:row !important;}}@media screen and (max-width:689px){.stk-a90561d .stk-button-group{flex-direction:row !important;}}<\/style><div class=\"stk-row stk-inner-blocks stk-block-content stk-button-group\">\n<div class=\"wp-block-stackable-button stk-block-button stk-block stk-02d5ab1\" data-block-id=\"02d5ab1\"><style>.stk-02d5ab1 .stk-button{border-top-left-radius:100px !important;border-top-right-radius:100px !important;border-bottom-right-radius:100px !important;border-bottom-left-radius:100px !important;}<\/style><a class=\"stk-link stk-button stk--hover-effect-darken\" href=\"https:\/\/connect2us.eu\/fr\/terre-dempathie\/\"><span class=\"stk-button__inner-text\">Plus d&rsquo;informations<\/span><\/a><\/div>\n<\/div><\/div>\n<\/div><\/div><\/div>\n\n\n\n<div class=\"wp-block-stackable-column stk-block-column stk-column stk-block stk-f82a64d\" data-v=\"4\" data-block-id=\"f82a64d\"><div class=\"stk-column-wrapper stk-block-column__content stk-container stk-f82a64d-container stk--no-background stk--no-padding\"><div class=\"has-text-align-center stk-block-content stk-inner-blocks stk-f82a64d-inner-blocks stk--align-last-block-to-bottom\">\n<div class=\"wp-block-stackable-icon stk-block-icon stk-block stk-3a69a69\" data-block-id=\"3a69a69\"><style>.stk-3a69a69 .stk--svg-wrapper .stk--inner-svg svg:last-child{height:60px !important;width:60px !important;}.stk-3a69a69 .stk--svg-wrapper .stk--inner-svg svg:last-child, .stk-3a69a69 .stk--svg-wrapper .stk--inner-svg svg:last-child :is(g, path, rect, polygon, ellipse){fill:var(--theme-palette-color-8, #ffffff) !important;}<\/style><span class=\"stk--svg-wrapper\"><div class=\"stk--inner-svg\"><svg style=\"height:0;width:0\"><defs><lineargradient id=\"linear-gradient-3a69a69\" x1=\"0\" x2=\"100%\" y1=\"0\" y2=\"0\"><stop offset=\"0%\" style=\"stop-opacity:1;stop-color:var(--linear-gradient-3-a-69-a-69-color-1)\"><\/stop><stop offset=\"100%\" style=\"stop-opacity:1;stop-color:var(--linear-gradient-3-a-69-a-69-color-2)\"><\/stop><\/lineargradient><\/defs><\/svg><svg xmlns=\"http:\/\/www.w3.org\/2000\/svg\" viewbox=\"0 0 448 512\" aria-hidden=\"true\" width=\"32\" height=\"32\"><path d=\"M304 128a80 80 0 1 0 -160 0 80 80 0 1 0 160 0zM96 128a128 128 0 1 1 256 0A128 128 0 1 1 96 128zM49.3 464H398.7c-8.9-63.3-63.3-112-129-112H178.3c-65.7 0-120.1 48.7-129 112zM0 482.3C0 383.8 79.8 304 178.3 304h91.4C368.2 304 448 383.8 448 482.3c0 16.4-13.3 29.7-29.7 29.7H29.7C13.3 512 0 498.7 0 482.3z\"><\/path><\/svg><\/div><\/span><\/div>\n\n\n\n<div class=\"wp-block-stackable-heading stk-block-heading stk-block-heading--v2 stk-block stk-7ae050f\" id=\"over-ons\" data-block-id=\"7ae050f\"><style>.stk-7ae050f .stk-block-heading__text{color:var(--theme-palette-color-7, #FAFBFC) !important;}<\/style><h2 class=\"stk-block-heading__text has-text-color\">A propos de nous<\/h2><\/div>\n\n\n\n<div class=\"wp-block-stackable-text stk-block-text stk-block stk-7235bd7\" data-block-id=\"7235bd7\"><style>.stk-7235bd7 .stk-block-text__text{color:var(--theme-palette-color-7, #FAFBFC) !important;}<\/style><p class=\"stk-block-text__text has-text-color\">Lisez ici comment nous sommes arriv\u00e9s \u00e0 ce projet et quelle est notre expertise.<\/p><\/div>\n\n\n\n<div class=\"wp-block-stackable-button-group stk-block-button-group stk-block stk-c385e63\" data-block-id=\"c385e63\"><style>.stk-c385e63 .stk-button-group{flex-direction:row !important;}.stk-c385e63 {overflow:hidden !important;}@media screen and (max-width:999px){.stk-c385e63 .stk-button-group{flex-direction:row !important;}}@media screen and (max-width:689px){.stk-c385e63 .stk-button-group{flex-direction:row !important;}}<\/style><div class=\"stk-row stk-inner-blocks stk-block-content stk-button-group\">\n<div class=\"wp-block-stackable-button stk-block-button stk-block stk-6813931\" data-block-id=\"6813931\"><style>.stk-6813931 .stk-button{border-top-left-radius:100px !important;border-top-right-radius:100px !important;border-bottom-right-radius:100px !important;border-bottom-left-radius:100px !important;}<\/style><a class=\"stk-link stk-button stk--hover-effect-darken\" href=\"https:\/\/connect2us.eu\/fr\/a-propos-du-projet\/\"><span class=\"stk-button__inner-text\">Plus d&rsquo;informations<\/span><\/a><\/div>\n<\/div><\/div>\n<\/div><\/div><\/div>\n<\/div><\/div>\n\n<div class=\"wp-block-stackable-spacer stk-block-spacer stk--no-padding stk-block stk-ea22625\" data-block-id=\"ea22625\"><\/div>\n\n<div class=\"wp-block-stackable-heading stk-block-heading stk-block-heading--v2 stk-block stk-0ce5faa\" id=\"podcasts\" data-block-id=\"0ce5faa\"><h2 class=\"stk-block-heading__text has-text-align-center\">Podcasts<\/h2><\/div>\n\n<figure class=\"wp-block-embed is-type-rich is-provider-soundcloud wp-block-embed-soundcloud wp-embed-aspect-4-3 wp-has-aspect-ratio\"><div class=\"wp-block-embed__wrapper\"> \n<iframe loading=\"lazy\" title=\"Connect2Us\" width=\"1290\" height=\"450\" scrolling=\"no\" frameborder=\"no\" src=\"https:\/\/w.soundcloud.com\/player\/?visual=true&#038;url=https%3A%2F%2Fapi.soundcloud.com%2Fusers%2F1107388324&#038;show_artwork=true&#038;maxheight=1000&#038;maxwidth=1290\"><\/iframe>\n <\/div><\/figure>\n","protected":false},"excerpt":{"rendered":"<p>De l&rsquo;\u00e9tonnement \u00e0 la connexion Des histoires qui font le lien faire un don directement Histoires Valeria, Hanan, Zayed, Suhana, Nabil et d&rsquo;autres vivent aux Pays-Bas et ont tous des origines culturelles diff\u00e9rentes. Plus d&rsquo;informations Jeux Connect2Us a con\u00e7u un ensemble de jeux \u00e9ducatifs bas\u00e9s sur la recherche que nous partageons avec les enseignants et [&hellip;]<\/p>\n","protected":false},"author":3,"featured_media":0,"parent":0,"menu_order":0,"comment_status":"closed","ping_status":"closed","template":"","meta":{"_vp_format_video_url":"","_vp_image_focal_point":[],"footnotes":""},"class_list":["post-3562","page","type-page","status-publish","hentry"],"blocksy_meta":{"has_hero_section":"disabled","content_style_source":"inherit","vertical_spacing_source":"custom","content_area_spacing":"bottom","styles_descriptor":{"styles":{"desktop":"","tablet":"","mobile":""},"google_fonts":[],"version":6}},"_links":{"self":[{"href":"https:\/\/connect2us.eu\/fr\/wp-json\/wp\/v2\/pages\/3562","targetHints":{"allow":["GET"]}}],"collection":[{"href":"https:\/\/connect2us.eu\/fr\/wp-json\/wp\/v2\/pages"}],"about":[{"href":"https:\/\/connect2us.eu\/fr\/wp-json\/wp\/v2\/types\/page"}],"author":[{"embeddable":true,"href":"https:\/\/connect2us.eu\/fr\/wp-json\/wp\/v2\/users\/3"}],"replies":[{"embeddable":true,"href":"https:\/\/connect2us.eu\/fr\/wp-json\/wp\/v2\/comments?post=3562"}],"version-history":[{"count":5,"href":"https:\/\/connect2us.eu\/fr\/wp-json\/wp\/v2\/pages\/3562\/revisions"}],"predecessor-version":[{"id":4043,"href":"https:\/\/connect2us.eu\/fr\/wp-json\/wp\/v2\/pages\/3562\/revisions\/4043"}],"wp:attachment":[{"href":"https:\/\/connect2us.eu\/fr\/wp-json\/wp\/v2\/media?parent=3562"}],"curies":[{"name":"wp","href":"https:\/\/api.w.org\/{rel}","templated":true}]}}