{"id":3591,"date":"2021-03-22T16:04:15","date_gmt":"2021-03-22T14:04:15","guid":{"rendered":"https:\/\/staging.connect2us.eu\/rapport-annuel-2023\/"},"modified":"2024-10-01T12:44:30","modified_gmt":"2024-10-01T10:44:30","slug":"rapport-annuel-2023","status":"publish","type":"page","link":"https:\/\/connect2us.eu\/fr\/rapport-annuel-2023\/","title":{"rendered":"Rapport annuel 2023"},"content":{"rendered":"\n<p>La culture est partout, dans la rue, sur le lieu de travail et derri\u00e8re notre porte.\nElle influence nos v\u00eatements, l&rsquo;art, la musique, la nourriture et m\u00eame nos interactions avec les autres.\nLes symboles, les h\u00e9ros et les rituels nous donnent des indications sur la mani\u00e8re dont les gens fonctionnent dans une soci\u00e9t\u00e9.\nLe psychologue suisse Carl Jung a d\u00e9clar\u00e9 : \u00ab\u00a0Tout ce qui nous irrite chez l&rsquo;autre peut nous aider \u00e0 mieux nous comprendre nous-m\u00eames.\u00a0\u00bb\nComment quelqu&rsquo;un d&rsquo;ext\u00e9rieur nous voit-il ?\nQui sommes-nous au fond ?\nNotre h\u00e9ritage mental d\u00e9termine la mani\u00e8re dont nous interpr\u00e9tons les mots, les phrases et les histoires.\nNous regardons \u00e0 travers nos propres lunettes culturelles.\nQu&rsquo;est-ce que cela signifie pour notre r\u00f4le de citoyen ?\nLa plupart du temps, nous n&rsquo;avons pas conscience de la culture.\nElle est comme l&rsquo;air : indispensable, mais invisible.\nIl est donc difficile de la d\u00e9finir.\nUn proverbe arabe dit : \u00ab\u00a0On ne sait pas qui a invent\u00e9 l&rsquo;eau, mais ce n&rsquo;est certainement pas un poisson\u00a0\u00bb.\nLe poisson nage dans son eau et ne conna\u00eet rien d&rsquo;autre.\nCe n&rsquo;est que dans un environnement diff\u00e9rent, avec une eau plus chaude ou plus froide, plus sal\u00e9e ou plus sucr\u00e9e, qu&rsquo;il se rend compte : \u00ab\u00a0C&rsquo;est diff\u00e9rent ! Ce n&rsquo;est pas mon eau !\u00a0\u00bb\nLe poisson d\u00e9couvre qu&rsquo;il existe d&rsquo;autres eaux.\nIl en va de m\u00eame pour les cultures.\nLes diff\u00e9rences culturelles ne deviennent r\u00e9ellement perceptibles que lorsqu&rsquo;elles se heurtent, lorsqu&rsquo;elles sont diam\u00e9tralement oppos\u00e9es.\nCela peut entra\u00eener un malaise, des malentendus et m\u00eame une polarisation.\nNon pas parce que les gens sont r\u00e9ticents, mais parce qu&rsquo;ils sont de plus en plus divis\u00e9s.\nNous avons une tendance naturelle \u00e0 juger le comportement des autres \u00e0 travers nos propres lunettes culturelles.\nNous nous appuyons souvent sur des st\u00e9r\u00e9otypes, qui sont souvent des demi-v\u00e9rit\u00e9s et conduisent \u00e0 des pr\u00e9jug\u00e9s et \u00e0 des interpr\u00e9tations erron\u00e9es.                     <\/p>\n\n<p>C&rsquo;est pourquoi l&rsquo;objectif de la Fondation Connect2Us est d&rsquo;aider tout le monde, et en particulier les enfants, \u00e0 s&rsquo;engager les uns envers les autres et \u00e0 se pr\u00e9munir contre les pr\u00e9jug\u00e9s.\nNous voulons partager des histoires pour apprendre que, m\u00eame s&rsquo;il existe des diff\u00e9rences culturelles, elles ne doivent pas \u00eatre \u00ab\u00a0effrayantes\u00a0\u00bb ou \u00ab\u00a0bizarres\u00a0\u00bb, mais \u00ab\u00a0amusantes\u00a0\u00bb et \u00ab\u00a0int\u00e9ressantes\u00a0\u00bb.\nNous voulons apprendre qu&rsquo;en fin de compte, nous avons beaucoup plus de choses en commun que de diff\u00e9rences.\nLa connexion plut\u00f4t que la surprise.   <\/p>\n\n<p>Ce rapport annuel porte sur le d\u00e9ploiement d&rsquo;Empathy Land \u00e0 l&rsquo;\u00e9chelle internationale, y compris dans d&rsquo;autres r\u00e9gions linguistiques.\nLe jeu est d\u00e9j\u00e0 d\u00e9ploy\u00e9 dans certaines \u00e9coles en Italie.\nDes discussions sont en cours au Canada, en Su\u00e8de, en Allemagne et \u00e0 Duba\u00ef.\nAu Canada et \u00e0 Duba\u00ef, le Lions club semble \u00e9galement \u00eatre le point d&rsquo;entr\u00e9e pour commencer.   <\/p>\n\n<p>La sensibilisation \u00e0 distance est tr\u00e8s difficile.\nNous n&rsquo;avons pas encore trouv\u00e9 la bonne forme pour nous manifester sur Instagram et TikTok.\nCela est d\u00fb en partie au temps limit\u00e9 des b\u00e9n\u00e9voles, mais aussi au manque de connaissances.\nEn 2024, nous r\u00e9fl\u00e9chirons aux objectifs de la Fondation et \u00e0 la mani\u00e8re dont les fonds limit\u00e9s peuvent \u00eatre utilis\u00e9s.   <\/p>\n\n<p>Le pr\u00e9sident Jan Vincent Meertens et la b\u00e9n\u00e9vole Divya sont en train d&rsquo;\u00e9crire un livre bas\u00e9 sur les histoires que nous utilisons \u00e9galement \u00e0 Connect2Us.\nLa publicit\u00e9 autour de ce livre pourrait avoir un impact positif sur la r\u00e9putation de la Fondation.\nLes modalit\u00e9s de publication du livre sont \u00e0 l&rsquo;\u00e9tude, peut-\u00eatre sous la direction de la Fondation.  <\/p>\n\n<p>Au nom du conseil d&rsquo;administration, Jan Vincent Meertens<\/p>\n\n<p>Pr\u00e9sident<\/p>\n\n<p>mars 2023<\/p>\n\n<p><a href=\"https:\/\/connect2us.eu\/wp-content\/uploads\/2024\/04\/C2U-jaarverslag-2023-1.pdf\"><\/a><a href=\"https:\/\/connect2us.eu\/wp-content\/uploads\/2024\/04\/C2U-jaarverslag-2023-1.pdf\">Lisez le rapport annuel 2023 ici<\/a><\/p>\n\n<h2 class=\"wp-block-heading\">\u00a0<\/h2>\n\n<h3 class=\"wp-block-heading\">Formulaire d&rsquo;obligation de publication de l&rsquo;ANBI  <\/h3>\n\n<p><\/p>\n","protected":false},"excerpt":{"rendered":"<p>La culture est partout, dans la rue, sur le lieu de travail et derri\u00e8re notre porte. Elle influence nos v\u00eatements, l&rsquo;art, la musique, la nourriture et m\u00eame nos interactions avec les autres. Les symboles, les h\u00e9ros et les rituels nous donnent des indications sur la mani\u00e8re dont les gens fonctionnent dans une soci\u00e9t\u00e9. Le psychologue [&hellip;]<\/p>\n","protected":false},"author":3,"featured_media":0,"parent":0,"menu_order":0,"comment_status":"closed","ping_status":"closed","template":"","meta":{"_vp_format_video_url":"","_vp_image_focal_point":[],"footnotes":""},"class_list":["post-3591","page","type-page","status-publish","hentry"],"blocksy_meta":[],"_links":{"self":[{"href":"https:\/\/connect2us.eu\/fr\/wp-json\/wp\/v2\/pages\/3591","targetHints":{"allow":["GET"]}}],"collection":[{"href":"https:\/\/connect2us.eu\/fr\/wp-json\/wp\/v2\/pages"}],"about":[{"href":"https:\/\/connect2us.eu\/fr\/wp-json\/wp\/v2\/types\/page"}],"author":[{"embeddable":true,"href":"https:\/\/connect2us.eu\/fr\/wp-json\/wp\/v2\/users\/3"}],"replies":[{"embeddable":true,"href":"https:\/\/connect2us.eu\/fr\/wp-json\/wp\/v2\/comments?post=3591"}],"version-history":[{"count":1,"href":"https:\/\/connect2us.eu\/fr\/wp-json\/wp\/v2\/pages\/3591\/revisions"}],"predecessor-version":[{"id":3600,"href":"https:\/\/connect2us.eu\/fr\/wp-json\/wp\/v2\/pages\/3591\/revisions\/3600"}],"wp:attachment":[{"href":"https:\/\/connect2us.eu\/fr\/wp-json\/wp\/v2\/media?parent=3591"}],"curies":[{"name":"wp","href":"https:\/\/api.w.org\/{rel}","templated":true}]}}