{"id":3614,"date":"2021-02-08T20:38:49","date_gmt":"2021-02-08T18:38:49","guid":{"rendered":"https:\/\/staging.connect2us.eu\/notre-equipe\/"},"modified":"2025-02-06T11:39:56","modified_gmt":"2025-02-06T09:39:56","slug":"notre-equipe","status":"publish","type":"page","link":"https:\/\/connect2us.eu\/fr\/notre-equipe\/","title":{"rendered":"Notre \u00e9quipe"},"content":{"rendered":"\n<p>Sur cette page, vous pouvez d\u00e9couvrir l&rsquo;\u00e9quipe de la Fondation Connect2Us.<\/p>\n\n<h2 class=\"wp-block-heading\" id=\"h-bestuur\">Conseil d&rsquo;administration<\/h2>\n\n<p>La Fondation Connect2Us a \u00e9t\u00e9 cr\u00e9\u00e9e en d\u00e9cembre 2016 par Alette Vonk, Jan Vincent Meertens, Brigitte Opel et Tom Fadhronc.\nJan Vincent Meertens en est le pr\u00e9sident et le directeur depuis lors. <\/p>\n\n<figure class=\"wp-block-image size-large\"><img loading=\"lazy\" decoding=\"async\" width=\"1024\" height=\"768\" src=\"https:\/\/connect2us.eu\/wp-content\/uploads\/2023\/03\/IMG_6142-1024x768.jpg\" alt=\"\" class=\"wp-image-2083\" srcset=\"https:\/\/connect2us.eu\/wp-content\/uploads\/2023\/03\/IMG_6142-1024x768.jpg 1024w, https:\/\/connect2us.eu\/wp-content\/uploads\/2023\/03\/IMG_6142-300x225.jpg 300w, https:\/\/connect2us.eu\/wp-content\/uploads\/2023\/03\/IMG_6142-768x576.jpg 768w, https:\/\/connect2us.eu\/wp-content\/uploads\/2023\/03\/IMG_6142-1536x1152.jpg 1536w, https:\/\/connect2us.eu\/wp-content\/uploads\/2023\/03\/IMG_6142-2048x1536.jpg 2048w\" sizes=\"auto, (max-width: 1024px) 100vw, 1024px\" \/><\/figure>\n\n<p><\/p>\n\n<h4 class=\"wp-block-heading\" id=\"h-jan-vincent-meertens\"><strong>Jan Vincent Meertens<\/strong><\/h4>\n\n<p>Pr\u00e9sident ;<strong> <\/strong>Auteur, formateur interculturel chez Quetzal B.V., licenci\u00e9 Hofstede Insights ; conseil de surveillance du Piano Duo Festival ; Fondation Pompiers sans fronti\u00e8res ; r\u00e9dacteur en chef du Democrat D66. Exp\u00e9rience principalement en Am\u00e9rique du Nord, en Am\u00e9rique latine, en Europe et en Asie. <\/p>\n\n<h4 class=\"wp-block-heading\" id=\"h-adrienn-ujfalusi-links\">Adrienn Ujfalusi (\u00e0 gauche)<\/h4>\n\n<p>Tr\u00e9sorier ; fondateur et directeur g\u00e9n\u00e9ral de Wingzzz (poste principal) ; fondateur de la Fondation Accention ; Hongrois, exp\u00e9rience acquise principalement en Europe centrale.<\/p>\n\n<h4 class=\"wp-block-heading\" id=\"h-annette-de-vreede-rechts\">Annette de Vreede (\u00e0 droite)<\/h4>\n\n<p>Secr\u00e9taire ; chef d&rsquo;\u00e9quipe Refugee Council Netherlands ; ancien fondateur et directeur g\u00e9n\u00e9ral de Relocation Care. Exp\u00e9rience de travail avec des r\u00e9fugi\u00e9s et des expatri\u00e9s dans le monde entier. <\/p>\n\n<p>Les membres du conseil d&rsquo;administration ne re\u00e7oivent aucune r\u00e9mun\u00e9ration pour leur travail au sein du conseil d&rsquo;administration de la Fondation.<\/p>\n\n<p>Liens externes : <a href=\"https:\/\/www.linkedin.com\/in\/janvincentmeertens\">Jan Vincent Meertens<\/a>; <a href=\"https:\/\/www.linkedin.com\/in\/adrienn-ujfalusi-a7011032\">Adrienne Ijfalusi ;<\/a> <a href=\"https:\/\/www.linkedin.com\/in\/annette-de-vreede-837a20a\">Annette de Vreede<\/a><\/p>\n\n<h2 class=\"wp-block-heading\" id=\"h-vrijwilligers-en-hun-expertise\">Les b\u00e9n\u00e9voles et leur expertise<\/h2>\n\n<ul class=\"wp-block-list\">\n<li><strong>Divya Susan &#8211;<\/strong>communication <strong>interculturelle<\/strong>, expatri\u00e9e, Inde et Asie<\/li>\n\n\n\n<li><strong>Brigitte Opel<\/strong> &#8211; ancienne tr\u00e9sori\u00e8re, communication interculturelle, expatri\u00e9e, Europe centrale<b> <\/b><\/li>\n\n\n\n<li><strong>Lena Heberger &#8211; <\/strong>Psychologue clinicienne &#8211; Allemagne<\/li>\n\n\n\n<li><strong>Yirre Kroom- <\/strong>Stagiaire chez Samsung- Pays-Bas, Suriname<\/li>\n\n\n\n<li><strong>Irina Daoudi &#8211; <\/strong>Communication &#8211; Pays-Bas, Maroc<\/li>\n\n\n\n<li><strong>Francesca Iaboni &#8211; <\/strong>Communication interculturelle &#8211; Italie<\/li>\n\n\n\n<li><strong>Anouk Lepretre &#8211; <\/strong>entrepreneur, France, Moyen-Orient, Am\u00e9rique du Nord<\/li>\n\n\n\n<li><strong>Alette Vonk- <\/strong>Afrique \u00e9ducation, coop\u00e9ration au d\u00e9veloppement<strong>                             <\/strong><\/li>\n\n\n\n<li><strong>Saskia Maarse- <\/strong>conf\u00e9renci\u00e8re, experte en communication interculturelle<\/li>\n\n\n\n<li><strong>Tom Fadronch- <\/strong>entra\u00eeneur, sports, Am\u00e9rique du Nord<\/li>\n\n\n\n<li><strong>Tatjana von Bonkewitz (Luxembourg) &#8211; <\/strong>Conf\u00e9renci\u00e8re en gestion interculturelle.\nCoordinateur Luxembourg <\/li>\n\n\n\n<li><strong>Nathalie Meertens- <\/strong>\u00e9crivain, communication, inclusion.<\/li>\n<\/ul>\n\n<h2 class=\"wp-block-heading\" id=\"h-code-diversiteit-en-inclusiviteit\">Code de la diversit\u00e9 et de l&rsquo;inclusion<\/h2>\n\n<p>Connect2Us applique le code de diversit\u00e9 et d&rsquo;inclusion (CDI) dans la mesure du possible.\nLes 4 P &#8211; Personnel, Public, Programme et Partenaires &#8211; sont \u00e9troitement surveill\u00e9s lors de la mise en place de l&rsquo;organisation. <\/p>\n\n<p>Vous trouverez ici notre d\u00e9claration sur <a href=\"https:\/\/connect2us.eu\/fr\/prejuges-discrimination-racisme\/\">les pr\u00e9jug\u00e9s, la discrimination et le racisme<\/a>.<\/p>\n\n<p>Pour informer le grand public, Connect2Us travaille avec le mod\u00e8le 6D de Geert Hofstede. Sur cette photo, vous pouvez voir le pr\u00e9sident Jan Vincent Meertens avec le professeur Geert Hofstede. <\/p>\n\n<figure class=\"wp-block-image size-full\"><img loading=\"lazy\" decoding=\"async\" width=\"1024\" height=\"768\" src=\"https:\/\/connect2us.eu\/wp-content\/uploads\/2024\/11\/IMG_3917.jpg\" alt=\"\" class=\"wp-image-4088\" srcset=\"https:\/\/connect2us.eu\/wp-content\/uploads\/2024\/11\/IMG_3917.jpg 1024w, https:\/\/connect2us.eu\/wp-content\/uploads\/2024\/11\/IMG_3917-300x225.jpg 300w, https:\/\/connect2us.eu\/wp-content\/uploads\/2024\/11\/IMG_3917-768x576.jpg 768w, https:\/\/connect2us.eu\/wp-content\/uploads\/2024\/11\/IMG_3917-500x375.jpg 500w, https:\/\/connect2us.eu\/wp-content\/uploads\/2024\/11\/IMG_3917-800x600.jpg 800w\" sizes=\"auto, (max-width: 1024px) 100vw, 1024px\" \/><\/figure>\n\n<h2 class=\"wp-block-heading\" id=\"h-overige-informatie\">Autres informations<\/h2>\n\n<p><br\/>Vous trouverez le<a href=\"https:\/\/connect2us.eu\/fr\/rapport-annuel-2023\/\">rapport annuel ici et le<\/a> <a href=\"https:\/\/connect2us.eu\/fr\/plan-operationnel\/\">plan op\u00e9rationnel<\/a> ici <a href=\"https:\/\/connect2us.eu\/fr\/rapport-annuel-2023\/\">.<\/a><\/p>\n","protected":false},"excerpt":{"rendered":"<p>Sur cette page, vous pouvez d\u00e9couvrir l&rsquo;\u00e9quipe de la Fondation Connect2Us. Conseil d&rsquo;administration La Fondation Connect2Us a \u00e9t\u00e9 cr\u00e9\u00e9e en d\u00e9cembre 2016 par Alette Vonk, Jan Vincent Meertens, Brigitte Opel et Tom Fadhronc. Jan Vincent Meertens en est le pr\u00e9sident et le directeur depuis lors. Jan Vincent Meertens Pr\u00e9sident ; Auteur, formateur interculturel chez Quetzal [&hellip;]<\/p>\n","protected":false},"author":3,"featured_media":0,"parent":0,"menu_order":0,"comment_status":"closed","ping_status":"closed","template":"","meta":{"_vp_format_video_url":"","_vp_image_focal_point":[],"footnotes":""},"class_list":["post-3614","page","type-page","status-publish","hentry"],"blocksy_meta":[],"_links":{"self":[{"href":"https:\/\/connect2us.eu\/fr\/wp-json\/wp\/v2\/pages\/3614","targetHints":{"allow":["GET"]}}],"collection":[{"href":"https:\/\/connect2us.eu\/fr\/wp-json\/wp\/v2\/pages"}],"about":[{"href":"https:\/\/connect2us.eu\/fr\/wp-json\/wp\/v2\/types\/page"}],"author":[{"embeddable":true,"href":"https:\/\/connect2us.eu\/fr\/wp-json\/wp\/v2\/users\/3"}],"replies":[{"embeddable":true,"href":"https:\/\/connect2us.eu\/fr\/wp-json\/wp\/v2\/comments?post=3614"}],"version-history":[{"count":6,"href":"https:\/\/connect2us.eu\/fr\/wp-json\/wp\/v2\/pages\/3614\/revisions"}],"predecessor-version":[{"id":4356,"href":"https:\/\/connect2us.eu\/fr\/wp-json\/wp\/v2\/pages\/3614\/revisions\/4356"}],"wp:attachment":[{"href":"https:\/\/connect2us.eu\/fr\/wp-json\/wp\/v2\/media?parent=3614"}],"curies":[{"name":"wp","href":"https:\/\/api.w.org\/{rel}","templated":true}]}}