{"id":3628,"date":"2021-02-19T12:41:51","date_gmt":"2021-02-19T10:41:51","guid":{"rendered":"https:\/\/staging.connect2us.eu\/a-propos-du-projet\/"},"modified":"2025-08-02T10:46:07","modified_gmt":"2025-08-02T08:46:07","slug":"a-propos-du-projet","status":"publish","type":"page","link":"https:\/\/connect2us.eu\/fr\/a-propos-du-projet\/","title":{"rendered":"A propos du projet"},"content":{"rendered":"\n<h3 class=\"wp-block-heading\" id=\"h-van-verbazing-naar-verbinding\">De l&rsquo;\u00e9tonnement \u00e0 la connexion<\/h3>\n\n<p>Nous travaillons, vivons et mangeons avec des gens du monde entier &#8211; et nous trouvons cela passionnant et inspirant tant que les choses se passent comme nous le pensons. Si les choses se passent diff\u00e9remment de nos attentes ou si quelqu&rsquo;un communique diff\u00e9remment de nous, nous ne savons pas toujours qu&rsquo;il peut s&rsquo;agir d&rsquo;un malentendu culturel et comment le r\u00e9soudre. Connect2Us s&rsquo;efforce de pr\u00e9venir et de r\u00e9soudre ces malentendus.   De la surprise \u00e0 la connexion.<\/p>\n\n<p>La Fondation Connect2Us, cr\u00e9\u00e9e en 2016, est une fondation \u00e0 but non lucratif, avec le statut ANBI et la certification CBF jusqu&rsquo;en 2024. La fondation continue de r\u00e9pondre aux normes du CBF, sans toutefois \u00eatre certifi\u00e9e pour cela.   <\/p>\n\n<h3 class=\"wp-block-heading\" id=\"h-visie\">La vision<\/h3>\n\n<p>Lors de la communication entre des personnes issues de milieux culturels diff\u00e9rents, les diff\u00e9rences culturelles peuvent jouer un r\u00f4le perturbateur. Les perceptions erron\u00e9es cr\u00e9ent des pr\u00e9jug\u00e9s. Connect2Us veut contribuer \u00e0 la compr\u00e9hension, \u00e0 la pens\u00e9e critique et \u00e0 la pr\u00e9vention ou \u00e0 l&rsquo;\u00e9limination de ces pr\u00e9jug\u00e9s afin que nous puissions voir tout ce que nous avons en fait en commun.  <\/p>\n\n<h3 class=\"wp-block-heading\" id=\"h-missie\">La mission<\/h3>\n\n<p>Nous aspirons \u00e0 une soci\u00e9t\u00e9 diversifi\u00e9e dans laquelle la libert\u00e9 et la tol\u00e9rance occupent une place centrale et o\u00f9 les pr\u00e9jug\u00e9s sur l&rsquo;origine sont \u00e9limin\u00e9s.<\/p>\n\n<blockquote class=\"wp-block-quote is-layout-flow wp-block-quote-is-layout-flow\">\n<p><strong><em>Une soci\u00e9t\u00e9 diversifi\u00e9e sans pr\u00e9jug\u00e9s sur l&rsquo;origine<\/em><\/strong><\/p>\n<\/blockquote>\n\n<h3 class=\"wp-block-heading\" id=\"h-kernwaarden\">Valeurs fondamentales<\/h3>\n\n<p>Les quatre valeurs fondamentales de Connect2Us (connexion, ouverture, respect mutuel, durabilit\u00e9) soutiennent les objectifs et, avec les divers programmes, cr\u00e9ent les cadres permettant d&rsquo;atteindre notre but.<\/p>\n\n<h3 class=\"wp-block-heading\" id=\"h-verbindend\">Connexion<\/h3>\n\n<p>Les activit\u00e9s de Connect2Us se concentrent sur la connexion, la connexion sans fronti\u00e8res. Les activit\u00e9s encouragent la coh\u00e9sion int\u00e9grale des personnes, des organisations et de la soci\u00e9t\u00e9. <\/p>\n\n<h3 class=\"wp-block-heading\" id=\"h-open\">Ouvrir<\/h3>\n\n<p>Connect2Us est ouvert \u00e0 tous, ind\u00e9pendamment des croyances, de la religion, de l&rsquo;affiliation politique, de l&rsquo;origine, de la couleur, du sexe ou de l&rsquo;orientation sexuelle.<\/p>\n\n<h3 class=\"wp-block-heading\" id=\"h-wederzijds-respect\">Respect mutuel<\/h3>\n\n<p>Connect2Us prend en compte et assume le respect mutuel de la vision du monde ou de la religion de chacun. Connect2Us a \u00e9tabli comment et o\u00f9 un b\u00e9n\u00e9vole ou un membre du personnel peut signaler une situation dangereuse et ce qui sera fait pour traiter la plainte.<\/p>\n\n<h3 class=\"wp-block-heading\" id=\"h-duurzame-ontwikkelingsdoelen\">Objectifs de d\u00e9veloppement durable<\/h3>\n\n<p>Les objectifs de d\u00e9veloppement durable (ODD) sont 17 objectifs visant \u00e0 rendre le monde meilleur d&rsquo;ici 2030. Connect2Us vise \u00e0 soutenir ces objectifs (4, 10, 16 et 17). Dans le cadre de l&rsquo;ODD 10, il y a de la place pour la migration. \u00ab\u00a0Les migrations et la mobilit\u00e9 des personnes doivent \u00eatre mieux organis\u00e9es et plus s\u00fbres. Il faut \u00e9galement mettre fin aux lois et pratiques discriminatoires qui ne font qu&rsquo;exacerber les in\u00e9galit\u00e9s. Chacun doit avoir les m\u00eames chances et participer \u00e0 tous les aspects sociaux, \u00e9conomiques et politiques de la soci\u00e9t\u00e9\u00a0\u00bb. Objectif 16 : \u00ab\u00a0Promouvoir l&rsquo;av\u00e8nement de soci\u00e9t\u00e9s pacifiques et ouvertes \u00e0 tous aux fins du d\u00e9veloppement durable\u00a0\u00bb.    <\/p>\n\n<h3 class=\"wp-block-heading\" id=\"h-doelstellingen\">Objectifs<\/h3>\n\n<p>La migration est un ph\u00e9nom\u00e8ne s\u00e9culaire qui a toujours contribu\u00e9 au d\u00e9veloppement de notre civilisation et de notre prosp\u00e9rit\u00e9. Lors de leur int\u00e9gration dans de nouveaux pays, les migrants sont souvent confront\u00e9s \u00e0 des situations o\u00f9 les diff\u00e9rences culturelles sont mises en \u00e9vidence. Ces situations quotidiennes peuvent \u00eatre agr\u00e9ables, mais aussi inconfortables, voire d\u00e9concertantes. Afin de promouvoir l&rsquo;acceptation et l&rsquo;int\u00e9gration pacifiques et de lutter contre la polarisation, Connect2Us rend les diff\u00e9rences culturelles accessibles et compr\u00e9hensibles. Pour les N\u00e9erlandais et les nouveaux arrivants. Pour l&rsquo;enseignement et le gouvernement. Pour les parents et les enfants. Pour les professionnels de la sant\u00e9 et les patients. Pour tout le monde.        <\/p>\n\n<p>Les histoires, les jeux et les explications de Connect2Us constituent une introduction claire \u00e0 une coexistence interculturelle plus agr\u00e9able et plus harmonieuse.<\/p>\n\n<p>Connect2Us a choisi les Pays-Bas comme principale zone d&rsquo;op\u00e9ration. Entre-temps, Connect2Us a des succursales au Luxembourg et en Allemagne. <\/p>\n\n<h3 class=\"wp-block-heading\" id=\"h-connect2us-heeft-als-doelstellingen\">Les objectifs de Connect2Us sont les suivants<\/h3>\n\n<ul class=\"wp-block-list\">\n<li>Atteindre le public le plus large possible dans les pays o\u00f9 nous disposons d&rsquo;une plateforme.<\/li>\n\n\n\n<li>\u00c9duquer les enfants d&rsquo;\u00e2ge scolaire par le jeu.<\/li>\n\n\n\n<li>\u00c9duquer certaines professions dans les secteurs sociaux par le biais de jeux, de webinaires et d&rsquo;ateliers.<\/li>\n<\/ul>\n\n<h3 class=\"wp-block-heading\" id=\"h-doelgroepen\">Groupes cibles<\/h3>\n\n<p>En principe, la plateforme s&rsquo;adresse \u00e0 tous les r\u00e9sidents des pays repr\u00e9sent\u00e9s sur le site web, avec un accent particulier sur les groupes cibles suivants :<\/p>\n\n<ul class=\"wp-block-list\">\n<li>(Jeunes) \u00e9coliers<\/li>\n\n\n\n<li>Enseignants<\/li>\n\n\n\n<li>Familles d&rsquo;expatri\u00e9s et leurs coll\u00e8gues et amis n\u00e9erlandais<\/li>\n\n\n\n<li>Les \u00e9tudiants<\/li>\n\n\n\n<li>Personnel soignant<\/li>\n<\/ul>\n\n<p>Nous ciblerons et projetterons ces groupes au cours de la p\u00e9riode \u00e0 venir, en nous appuyant toujours sur le succ\u00e8s du groupe cible \u00ab\u00a0pr\u00e9c\u00e9dent\u00a0\u00bb.<\/p>\n\n<h3 class=\"wp-block-heading\" id=\"h-expertise\">Expertise<\/h3>\n\n<p>Depuis sa cr\u00e9ation en 2016, la fondation est devenue un ensemble d&rsquo;experts en communication interculturelle, de psychologues et d&rsquo;\u00e9ducateurs ; une \u00e9quipe de plus de 25 b\u00e9n\u00e9voles. Outre la composition multiculturelle de l&rsquo;\u00e9quipe et l&rsquo;exp\u00e9rience de vie des personnes impliqu\u00e9es, la Fondation dispose d&rsquo;une expertise de qualit\u00e9 en mati\u00e8re de culture. Les fondateurs et un certain nombre de b\u00e9n\u00e9voles sont associ\u00e9s au chercheur Geert Hofstede, r\u00e9cemment d\u00e9c\u00e9d\u00e9, qui a valid\u00e9 les histoires sur notre plateforme et notre approche \u00e0 leur \u00e9gard. Geert Hofstede a men\u00e9 des recherches de renomm\u00e9e mondiale sur les diff\u00e9rences entre les cultures nationales dans la mani\u00e8re dont les individus per\u00e7oivent les organisations, les autres et les \u00ab\u00a0autres\u00a0\u00bb. Ses recherches sont inestimables.   D&rsquo;une part, en raison de l&rsquo;\u00e9norme quantit\u00e9 de donn\u00e9es couvrant pratiquement le monde entier et, d&rsquo;autre part, parce que les dimensions de sa recherche permettent une comparaison pertinente entre les cultures nationales. Chez Connect2Us, nous traduisons ces diff\u00e9rences dans la vie de tous les jours. La compr\u00e9hension et l&rsquo;acceptation de ces diff\u00e9rences nous font prendre conscience de ce que nous avons tous en commun.<\/p>\n\n<p>Lorsque les migrants s&rsquo;installent dans un nouveau pays, ils sont souvent confront\u00e9s \u00e0 des situations o\u00f9 les diff\u00e9rences culturelles sont mises en \u00e9vidence. Les situations normales et quotidiennes peuvent \u00eatre agr\u00e9ables, mais aussi inconfortables, voire d\u00e9concertantes. Et pas seulement pour le nouvel arrivant. Les b\u00e9n\u00e9voles, les voisins et les travailleurs sociaux peuvent \u00e9galement \u00eatre surpris par une rencontre avec un migrant.   <\/p>\n\n<p>Prenons l&rsquo;exemple d&rsquo;un migrant originaire d&rsquo;un pays o\u00f9 la soci\u00e9t\u00e9 est tr\u00e8s hi\u00e9rarchis\u00e9e, comme la Syrie, le Ghana, le Vietnam ou le Br\u00e9sil. Une visite chez le m\u00e9decin aux Pays-Bas, pays \u00e9galitaire, peut \u00eatre surprenante, car le m\u00e9decin peut demander au patient ce qu&rsquo;il pense \u00eatre la raison de sa plainte. Quatre experts interculturels associ\u00e9s au Centre Hofstede ont pris l&rsquo;initiative de noter ces faits quotidiens. Tous les quatre ont personnellement fait l&rsquo;exp\u00e9rience des diff\u00e9rences culturelles dans leur vie de migrant ou d&rsquo;expatri\u00e9. Ils se sont \u00e9galement entretenus avec des migrants et des travailleurs sociaux aux Pays-Bas et ont consign\u00e9 leurs exp\u00e9riences.    <\/p>\n\n<p>Les histoires, faciles \u00e0 lire, montrent les diff\u00e9rences avec la culture n\u00e9erlandaise, donnent un aper\u00e7u de la cause et des conseils sur la fa\u00e7on de les surmonter de mani\u00e8re positive. Des illustrations aident l&rsquo;utilisateur \u00e0 s&rsquo;orienter dans les diff\u00e9rentes situations. Les explications sont donn\u00e9es dans un langage clair et compr\u00e9hensible par tous. Pour ceux qui veulent en savoir plus, des explications compl\u00e9mentaires, bas\u00e9es sur des recherches scientifiques, sont propos\u00e9es.   <\/p>\n\n<p>Connect2Us travaille en partenariat avec Geert Hofstede et al et l&rsquo;<a href=\"http:\/\/www.iom-nederland.nl\/en\/\" target=\"_blank\" rel=\"noopener noreferrer\">Organisation internationale pour les migrations<\/a> (OIM) \u00e0 La Haye.<\/p>\n\n<p>En savoir plus sur le <a href=\"https:\/\/connect2us.eu\/fr\/notre-equipe\/\" target=\"_blank\" rel=\"noopener noreferrer\">conseil d&rsquo;administration<\/a><a href=\"https:\/\/connect2us.eu\/fr\/notre-equipe\/\" target=\"_blank\" rel=\"noreferrer noopener\"> et les b\u00e9n\u00e9voles<\/a>.<\/p>\n\n<p>Les illustrations sont de <a href=\"http:\/\/www.luigisegre.com\">Luigi Segre.<\/a><\/p>\n\n<p>Le site web a \u00e9t\u00e9 d\u00e9velopp\u00e9 par <a href=\"http:\/\/www.robinmedia.nl\/\" target=\"_blank\" rel=\"noopener noreferrer\">Buro85<\/a> et soutenu par <a href=\"http:\/\/cometa.cc\/\" target=\"_blank\" rel=\"noopener noreferrer\">Studio Cometa.<\/a><\/p>\n\n<p>Vous trouverez ici le <a href=\"https:\/\/connect2us.eu\/fr\/rapport-annuel-2023\/\" target=\"_blank\" rel=\"noreferrer noopener\">rapport annuel C2U-2023 <\/a>et le rapport du <a href=\"https:\/\/www.connect2us.eu\/nederland\/wp-content\/uploads\/sites\/3\/2020\/05\/2019-getek-verklaring-kascommissie.pdf\">comit\u00e9 d&rsquo;audit de<\/a> la Fondation.<\/p>\n\n<p>Vous trouverez ici les <a href=\"https:\/\/www.connect2us.eu\/nederland\/wp-content\/uploads\/sites\/3\/2020\/02\/AFSCHRIFT-Statuten-in-Word-Openbaar.pdf\">statuts<\/a> de la Fondation.<\/p>\n","protected":false},"excerpt":{"rendered":"<p>De l&rsquo;\u00e9tonnement \u00e0 la connexion Nous travaillons, vivons et mangeons avec des gens du monde entier &#8211; et nous trouvons cela passionnant et inspirant tant que les choses se passent comme nous le pensons. Si les choses se passent diff\u00e9remment de nos attentes ou si quelqu&rsquo;un communique diff\u00e9remment de nous, nous ne savons pas toujours [&hellip;]<\/p>\n","protected":false},"author":3,"featured_media":0,"parent":0,"menu_order":0,"comment_status":"closed","ping_status":"closed","template":"","meta":{"_vp_format_video_url":"","_vp_image_focal_point":[],"footnotes":""},"class_list":["post-3628","page","type-page","status-publish","hentry"],"blocksy_meta":[],"_links":{"self":[{"href":"https:\/\/connect2us.eu\/fr\/wp-json\/wp\/v2\/pages\/3628","targetHints":{"allow":["GET"]}}],"collection":[{"href":"https:\/\/connect2us.eu\/fr\/wp-json\/wp\/v2\/pages"}],"about":[{"href":"https:\/\/connect2us.eu\/fr\/wp-json\/wp\/v2\/types\/page"}],"author":[{"embeddable":true,"href":"https:\/\/connect2us.eu\/fr\/wp-json\/wp\/v2\/users\/3"}],"replies":[{"embeddable":true,"href":"https:\/\/connect2us.eu\/fr\/wp-json\/wp\/v2\/comments?post=3628"}],"version-history":[{"count":4,"href":"https:\/\/connect2us.eu\/fr\/wp-json\/wp\/v2\/pages\/3628\/revisions"}],"predecessor-version":[{"id":4676,"href":"https:\/\/connect2us.eu\/fr\/wp-json\/wp\/v2\/pages\/3628\/revisions\/4676"}],"wp:attachment":[{"href":"https:\/\/connect2us.eu\/fr\/wp-json\/wp\/v2\/media?parent=3628"}],"curies":[{"name":"wp","href":"https:\/\/api.w.org\/{rel}","templated":true}]}}