{"id":3640,"date":"2022-06-23T11:58:06","date_gmt":"2022-06-23T09:58:06","guid":{"rendered":"https:\/\/staging.connect2us.eu\/declaration-de-confidentialite\/"},"modified":"2024-11-01T10:03:12","modified_gmt":"2024-11-01T08:03:12","slug":"declaration-de-confidentialite","status":"publish","type":"page","link":"https:\/\/connect2us.eu\/fr\/declaration-de-confidentialite\/","title":{"rendered":"D\u00e9claration de confidentialit\u00e9"},"content":{"rendered":"\n<h3 class=\"wp-block-heading\">G\u00c9N\u00c9RALIT\u00c9S<\/h3>\n\n<p>La Fondation Connect2Us, bas\u00e9e \u00e0 Amsterdam, est responsable du traitement des donn\u00e9es \u00e0 caract\u00e8re personnel tel qu&rsquo;il est d\u00e9crit dans la pr\u00e9sente d\u00e9claration de confidentialit\u00e9.\nCela inclut le site web exploit\u00e9 ou fourni par la Fondation. <\/p>\n\n<h3 class=\"wp-block-heading\">COORDONN\u00c9ES<\/h3>\n\n<ul class=\"wp-block-list\"><li>Site web : <a href=\"https:\/\/janvincentmeertens.com\/\">wwww.connect2us,eu<\/a><\/li><li>Demandes de renseignements via info@connect2us.eu<\/li><\/ul>\n\n<h3 class=\"wp-block-heading\">1. DONN\u00c9ES PERSONNELLES QUE NOUS TRAITONS<\/h3>\n\n<p><br\/>La Fondation Connect2Us traite vos donn\u00e9es personnelles parce que vous vous \u00eates abonn\u00e9 \u00e0 notre bulletin d&rsquo;information ou que vous utilisez nos services et\/ou parce que vous nous les fournissez vous-m\u00eame. Vous trouverez ci-dessous un aper\u00e7u des donn\u00e9es personnelles que nous traitons :<\/p>\n\n<ul class=\"wp-block-list\"><li>Pr\u00e9nom et nom<\/li><li>Genre<\/li><li>D\u00e9tails de l&rsquo;adresse<\/li><li>Num\u00e9ro de t\u00e9l\u00e9phone<\/li><li>Adresse \u00e9lectronique<\/li><li>D&rsquo;autres donn\u00e9es personnelles que vous fournissez activement, par exemple en cr\u00e9ant un profil sur ce site web, dans la correspondance et par t\u00e9l\u00e9phone.<\/li><li>le num\u00e9ro de compte bancaire que vous nous avez communiqu\u00e9 pour acheter un produit ou un service aupr\u00e8s de nous<\/li><\/ul>\n\n<h3 class=\"wp-block-heading\">2. DONN\u00c9ES \u00c0 CARACT\u00c8RE PERSONNEL PARTICULI\u00c8RES ET\/OU SENSIBLES QUE NOUS TRAITONS<\/h3>\n\n<p>Notre site web ne collecte pas de donn\u00e9es.\nLa Fondation n&rsquo;a pas l&rsquo;intention de collecter des donn\u00e9es sur les utilisateurs de ses services \u00e2g\u00e9s de moins de 16 ans, \u00e0 moins qu&rsquo;ils ne disposent d&rsquo;une autorisation parentale ou d&rsquo;un tuteur. <\/p>\n\n<h3 class=\"wp-block-heading\">3. DANS QUEL BUT ET SUR QUELLE BASE NOUS TRAITONS LES DONN\u00c9ES \u00c0 CARACT\u00c8RE PERSONNEL<\/h3>\n\n<p>La Fondation Connect2Us traite vos donn\u00e9es personnelles aux fins suivantes :<\/p>\n\n<ul class=\"wp-block-list\"><li>Traitement de votre paiement.<\/li><li>Envoi de notre lettre d&rsquo;information.<\/li><li>vous appeler ou vous envoyer un courrier \u00e9lectronique si cela s&rsquo;av\u00e8re n\u00e9cessaire pour la mise en \u0153uvre de nos services.<\/li><li>vous informer des changements apport\u00e9s \u00e0 nos services et produits.<\/li><li>Pour vous fournir des biens et des services.<\/li><\/ul>\n\n<p>La Fondation Connect2Us traite \u00e9galement des donn\u00e9es personnelles si elle est l\u00e9galement oblig\u00e9e de le faire, comme les donn\u00e9es dont nous avons besoin pour notre d\u00e9claration d&rsquo;imp\u00f4ts.<\/p>\n\n<h3 class=\"wp-block-heading\">4. DUR\u00c9E DE CONSERVATION DES DONN\u00c9ES PERSONNELLES<\/h3>\n\n<p>La Fondation Connect2Us conservera vos donn\u00e9es personnelles aussi longtemps que n\u00e9cessaire aux fins pour lesquelles les informations sont trait\u00e9es, ou aussi longtemps qu&rsquo;il existe une raison valable de conserver vos donn\u00e9es personnelles.\nPar exemple, pour se conformer \u00e0 des obligations l\u00e9gales, pour faire respecter nos accords ou pour r\u00e9soudre des litiges. <\/p>\n\n<p>Si vous souhaitez demander que nous n&rsquo;utilisions plus vos donn\u00e9es d&rsquo;enregistrement pour vous fournir des services, veuillez nous contacter \u00e0 l&rsquo;adresse info@connect2us.eu.<\/p>\n\n<h3 class=\"wp-block-heading\">5. PARTAGE DE DONN\u00c9ES \u00c0 CARACT\u00c8RE PERSONNEL AVEC DES TIERS<\/h3>\n\n<p>Il existe d&rsquo;autres tiers de confiance avec lesquels nous pouvons partager vos donn\u00e9es personnelles.\nIl s&rsquo;agit notamment de <\/p>\n\n<ul class=\"wp-block-list\"><li>les tiers n\u00e9cessaires pour vous fournir un produit ou un service, par exemple un service de livraison ou un service postal pour livrer un produit que vous avez command\u00e9.<\/li><li>les organismes charg\u00e9s de l&rsquo;application de la loi ou les organismes gouvernementaux lorsqu&rsquo;ils ont engag\u00e9 une action en justice pour nous demander de divulguer les informations.<\/li><li>Les fournisseurs externes de services \u00e0 la Fondation Connect2Us, tels que les fournisseurs de traitement de donn\u00e9es.\nOutils d&rsquo;analyse du Web, tels que Google ou BlueConic. <\/li><li>R\u00e9seaux sociaux.\nSi vous \u00eates connect\u00e9 \u00e0 l&rsquo;un de ces r\u00e9seaux sociaux lors de votre visite sur notre site web, ou si vous communiquez via l&rsquo;un des plug-ins sociaux, le r\u00e9seau social peut, en fonction de vos param\u00e8tres de confidentialit\u00e9, ajouter ces donn\u00e9es \u00e0 votre profil associ\u00e9 sur ce r\u00e9seau.\nSi vous souhaitez \u00e9viter ce type de partage de vos donn\u00e9es, veuillez vous d\u00e9sinscrire de votre r\u00e9seau social avant de visiter ou d&rsquo;utiliser notre site.\nVous pouvez \u00e9galement modifier ses param\u00e8tres de confidentialit\u00e9 si cela est possible.\nVeuillez lire les politiques de confidentialit\u00e9 de ces r\u00e9seaux sociaux pour obtenir des informations d\u00e9taill\u00e9es sur la collecte et le transfert de donn\u00e9es \u00e0 caract\u00e8re personnel, sur les droits dont vous disposez et sur la mani\u00e8re d&rsquo;adapter les param\u00e8tres de confidentialit\u00e9 \u00e0 vos besoins.    <\/li><\/ul>\n\n<p><br\/>A<strong>utres situations<\/strong> Nous pouvons \u00e9galement partager vos informations personnelles dans les situations suivantes :<\/p>\n\n<ul class=\"wp-block-list\"><li>Prot\u00e9ger et d\u00e9fendre les droits et la propri\u00e9t\u00e9 de la Fondation Connect2Us (notamment en veillant au respect de nos conditions g\u00e9n\u00e9rales).<\/li><li>Lorsque la l\u00e9gislation et\/ou les agences gouvernementales l&rsquo;exigent.<\/li><\/ul>\n\n<h3 class=\"wp-block-heading\">6. LES COOKIES OU TECHNIQUES SIMILAIRES QUE NOUS UTILISONS<\/h3>\n\n<p>La Fondation Connect2Us n&rsquo;utilise pas de cookies.<\/p>\n\n<h3 class=\"wp-block-heading\">7. LA VISUALISATION, L&rsquo;AJUSTEMENT OU L&rsquo;EFFACEMENT DES DONN\u00c9ES<\/h3>\n\n<p>Vous avez le droit d&rsquo;acc\u00e9der \u00e0 vos donn\u00e9es personnelles, de les corriger ou de les supprimer.\nEn outre, vous avez le droit de retirer votre \u00e9ventuel consentement au traitement des donn\u00e9es ou de vous opposer au traitement de vos donn\u00e9es personnelles par la Fondation Connect2Us et vous avez le droit \u00e0 la portabilit\u00e9 des donn\u00e9es. <\/p>\n\n<p>Vous pouvez envoyer une demande d&rsquo;acc\u00e8s, de correction, de suppression, de transfert de vos donn\u00e9es personnelles ou demander la r\u00e9vocation de votre consentement ou de votre objection au traitement de vos donn\u00e9es personnelles \u00e0 info@connect2us.eu.  <\/p>\n\n<p>Afin de s&rsquo;assurer que la demande de contr\u00f4le \u00e9mane bien de vous, nous vous demandons de joindre \u00e0 votre demande une copie de votre preuve d&rsquo;identit\u00e9.\nSur cette copie, noircissez votre photo de passeport, la MRZ (zone de lecture automatique, la bande de chiffres au bas du passeport), le num\u00e9ro de passeport et le num\u00e9ro de service du citoyen (BSN).\nCeci afin de prot\u00e9ger votre vie priv\u00e9e.\nNous r\u00e9pondrons \u00e0 votre demande d\u00e8s que possible, dans un d\u00e9lai de quatre semaines.   <\/p>\n\n<p>Stichting Connect2Us souhaite \u00e9galement vous informer que vous avez la possibilit\u00e9 de d\u00e9poser une plainte aupr\u00e8s du r\u00e9gulateur national, l&rsquo;Autorit\u00e9 des donn\u00e9es personnelles.\nVous pouvez le faire via le <a href=\"https:\/\/autoriteitpersoonsgegevens.nl\/nl\/contact-met-de-autoriteit-persoonsgegevens\/tip-ons\">lien<\/a> suivant. <\/p>\n\n<h3 class=\"wp-block-heading\">8. SITES WEB DE TIERS<\/h3>\n\n<p>Sur les sites web de la Fondation Connect2Us, vous pouvez trouver des liens vers d&rsquo;autres sites web.\nLa Fondation Connect2Us n&rsquo;est pas responsable de la mani\u00e8re dont ces sites traitent les informations personnelles.\nVeuillez lire la d\u00e9claration de confidentialit\u00e9 du site que vous visitez.  <\/p>\n\n<h3 class=\"wp-block-heading\">9. COMMENT NOUS S\u00c9CURISONS LES DONN\u00c9ES PERSONNELLES<\/h3>\n\n<p>La Fondation Connect2Us prend au s\u00e9rieux la protection de vos donn\u00e9es et prend des mesures appropri\u00e9es pour emp\u00eacher toute utilisation abusive, perte, acc\u00e8s non autoris\u00e9, divulgation non d\u00e9sir\u00e9e et modification non autoris\u00e9e.\nSi vous avez l&rsquo;impression que vos donn\u00e9es ne sont pas correctement s\u00e9curis\u00e9es ou qu&rsquo;il y a des indications d&rsquo;utilisation abusive, veuillez nous contacter \u00e0 l&rsquo;adresse nfo@connect2Us.eu.   <\/p>\n\n<p><br\/>M<strong>odifications<\/strong> La Fondation Connect2Us se r\u00e9serve le droit d&rsquo;apporter des modifications \u00e0 la pr\u00e9sente d\u00e9claration de confidentialit\u00e9.\nPar cons\u00e9quent, veuillez consulter r\u00e9guli\u00e8rement cette d\u00e9claration de confidentialit\u00e9 pour conna\u00eetre la politique de confidentialit\u00e9 actuelle de la Fondation Connect2Us.\nCe document a \u00e9t\u00e9 modifi\u00e9 pour la derni\u00e8re fois le : 1er janvier 2022.  <\/p>\n","protected":false},"excerpt":{"rendered":"<p>G\u00c9N\u00c9RALIT\u00c9S La Fondation Connect2Us, bas\u00e9e \u00e0 Amsterdam, est responsable du traitement des donn\u00e9es \u00e0 caract\u00e8re personnel tel qu&rsquo;il est d\u00e9crit dans la pr\u00e9sente d\u00e9claration de confidentialit\u00e9. Cela inclut le site web exploit\u00e9 ou fourni par la Fondation. COORDONN\u00c9ES Site web : wwww.connect2us,eu Demandes de renseignements via info@connect2us.eu 1. DONN\u00c9ES PERSONNELLES QUE NOUS TRAITONS La Fondation [&hellip;]<\/p>\n","protected":false},"author":3,"featured_media":0,"parent":0,"menu_order":0,"comment_status":"closed","ping_status":"closed","template":"","meta":{"_vp_format_video_url":"","_vp_image_focal_point":[],"footnotes":""},"class_list":["post-3640","page","type-page","status-publish","hentry"],"blocksy_meta":[],"_links":{"self":[{"href":"https:\/\/connect2us.eu\/fr\/wp-json\/wp\/v2\/pages\/3640","targetHints":{"allow":["GET"]}}],"collection":[{"href":"https:\/\/connect2us.eu\/fr\/wp-json\/wp\/v2\/pages"}],"about":[{"href":"https:\/\/connect2us.eu\/fr\/wp-json\/wp\/v2\/types\/page"}],"author":[{"embeddable":true,"href":"https:\/\/connect2us.eu\/fr\/wp-json\/wp\/v2\/users\/3"}],"replies":[{"embeddable":true,"href":"https:\/\/connect2us.eu\/fr\/wp-json\/wp\/v2\/comments?post=3640"}],"version-history":[{"count":2,"href":"https:\/\/connect2us.eu\/fr\/wp-json\/wp\/v2\/pages\/3640\/revisions"}],"predecessor-version":[{"id":4052,"href":"https:\/\/connect2us.eu\/fr\/wp-json\/wp\/v2\/pages\/3640\/revisions\/4052"}],"wp:attachment":[{"href":"https:\/\/connect2us.eu\/fr\/wp-json\/wp\/v2\/media?parent=3640"}],"curies":[{"name":"wp","href":"https:\/\/api.w.org\/{rel}","templated":true}]}}