{"id":3646,"date":"2021-06-24T07:56:07","date_gmt":"2021-06-24T05:56:07","guid":{"rendered":"https:\/\/staging.connect2us.eu\/paquet-scolaire\/"},"modified":"2025-08-02T10:46:13","modified_gmt":"2025-08-02T08:46:13","slug":"paquet-scolaire","status":"publish","type":"page","link":"https:\/\/connect2us.eu\/fr\/paquet-scolaire\/","title":{"rendered":"Paquet scolaire"},"content":{"rendered":"\n<figure class=\"wp-block-image size-large\"><img loading=\"lazy\" decoding=\"async\" width=\"1024\" height=\"726\" src=\"https:\/\/connect2us.eu\/wp-content\/uploads\/2021\/05\/tempImageYz6xG1-1024x726.jpg\" alt=\"\" class=\"wp-image-1308\" srcset=\"https:\/\/connect2us.eu\/wp-content\/uploads\/2021\/05\/tempImageYz6xG1-1024x726.jpg 1024w, https:\/\/connect2us.eu\/wp-content\/uploads\/2021\/05\/tempImageYz6xG1-300x213.jpg 300w, https:\/\/connect2us.eu\/wp-content\/uploads\/2021\/05\/tempImageYz6xG1-768x545.jpg 768w, https:\/\/connect2us.eu\/wp-content\/uploads\/2021\/05\/tempImageYz6xG1-1536x1089.jpg 1536w, https:\/\/connect2us.eu\/wp-content\/uploads\/2021\/05\/tempImageYz6xG1.jpg 1802w\" sizes=\"auto, (max-width: 1024px) 100vw, 1024px\" \/><\/figure>\n\n<p><\/p>\n\n<p><em>\u00ab\u00a0Les enfants grandissent dans une soci\u00e9t\u00e9 pluraliste et apprennent \u00e0 comprendre et surtout \u00e0 accepter les diff\u00e9rences. Nous ne sommes pas oblig\u00e9s d&rsquo;adopter les coutumes des autres, mais le fait de se comprendre les uns les autres cr\u00e9e un sentiment d&rsquo;appartenance et un monde meilleur. Les enfants acqui\u00e8rent des connaissances et une vision de certaines valeurs et normes d&rsquo;eux-m\u00eames et des autres et savent comment agir en cons\u00e9quence. Ils voient ainsi mieux ce qui les lie les uns aux autres. De l&rsquo;\u00e9tonnement \u00e0 la connexion\u00a0\u00bb.<\/em><\/p>\n\n<p>Empathy Land est un jeu de soci\u00e9t\u00e9 passionnant et instructif qui contribue, entre autres, \u00e0 l&rsquo;acquisition de comp\u00e9tences citoyennes dans l&rsquo;enseignement primaire. C&rsquo;est un outil qui peut \u00eatre utilis\u00e9 r\u00e9guli\u00e8rement et \u00e0 tout moment dans le cadre des le\u00e7ons de citoyennet\u00e9 et de l&rsquo;objectif central 37 \u00ab\u00a0S&rsquo;orienter et se situer dans le monde &#8211; L&rsquo;homme et la soci\u00e9t\u00e9\u00a0\u00bb en particulier. Il apprend aux \u00e9l\u00e8ves \u00e0 s&rsquo;orienter dans le monde proche, lointain, d&rsquo;hier et d&rsquo;aujourd&rsquo;hui. Le jeu est adapt\u00e9 aux \u00e9l\u00e8ves des classes 5 \u00e0 8. Mais surtout, le jeu permet de parler ouvertement et de mani\u00e8re ludique de ce qui nous rend uniques et de ce qui nous unit. Il enseigne aux \u00e9l\u00e8ves que nous avons tant \u00e0 nous offrir les uns aux autres gr\u00e2ce \u00e0 la diversit\u00e9 culturelle.     <\/p>\n\n<p>Les enfants ont des discussions anim\u00e9es sur leur situation familiale. Les enseignants entendent des conversations spontan\u00e9es qu&rsquo;ils n&rsquo;auraient pas pu imaginer sans le jeu. Nous avons re\u00e7u ce commentaire d&rsquo;une \u00e9cole de Drachten apr\u00e8s avoir jou\u00e9 \u00e0 Empathy Land :  <\/p>\n\n<p><em>\u00ab\u00a0Dans un groupe comprenant de nombreux locuteurs non natifs, les \u00e9l\u00e8ves ont vraiment appr\u00e9ci\u00e9 de discuter des similitudes les uns avec les autres. Certaines diff\u00e9rences ont suscit\u00e9 beaucoup d&rsquo;\u00e9tonnement et les \u00e9l\u00e8ves n&rsquo;ont cess\u00e9 de se poser des questions les uns aux autres.<\/em><\/p>\n\n<p>Les jeux sont pr\u00eats \u00e0 \u00eatre jou\u00e9s et peuvent facilement \u00eatre anim\u00e9s par l&rsquo;enseignant. Les instructions pour les enseignants sont disponibles via un code QR sur la bo\u00eete. <\/p>\n\n<p>Des ateliers pour les enseignants sont disponibles afin d&rsquo;am\u00e9liorer leurs connaissances et comp\u00e9tences interculturelles.<\/p>\n\n<p>Le point de d\u00e9part est que les \u00e9coles paieront un co-paiement pour Empathy Land. Avec 5 jeux n\u00e9cessaires pour une classe, les \u00e9coles seront en mesure de budg\u00e9tiser leur propre contribution pour Empathy Land \u00e0 115. Nous esp\u00e9rons financer la phase de pr\u00e9paration avec des pr\u00e9commandes, des subventions et des dons.  <\/p>\n\n<p>Commandez ici le pack scolaire de cinq jeux. Le pack convient \u00e0 une classe de 30 enfants au maximum. La contribution propre au paquet est de 115,- euros, exon\u00e9r\u00e9s de TVA (la r\u00e9duction pour cette \u00e9dition est de 35 euros). Nous joindrons une facture \u00e0 l&rsquo;envoi du paquet.     <\/p>\n\n<p>La Fondation Connect2Us est une organisation \u00e0 but non lucratif (approuv\u00e9e par l&rsquo;ANBI) et les b\u00e9n\u00e9fices sont consacr\u00e9s \u00e0 l&rsquo;<strong><a href=\"https:\/\/connect2us.eu\/fr\/a-propos-du-projet\/\">objectif de<\/a><\/strong> la Fondation.<\/p>\n\n<p><strong><a href=\"https:\/\/connect2us.eu\/fr\/instructions-empathy-land\/\">Vous trouverez les instructions du jeu sur ce lien.<\/a> <\/strong> <\/p>\n\n<p>Ceux-ci peuvent \u00e9galement \u00eatre r\u00e9cup\u00e9r\u00e9s via le code QR figurant sur la bo\u00eete du jeu. Vous les aurez alors sur votre mobile ou votre iPad. <a href=\"https:\/\/connect2us.eu\/wp-content\/uploads\/2021\/03\/Empathy-Land-Instructies-15072020-NL.pdf\"><strong>Vous trouverez un PDF \u00e0 imprimer ici<\/strong><\/a>. <\/p>\n\n<h2 class=\"wp-block-heading\" id=\"h-empathy-land-schoolpakket\">Paquet scolaire Empathy Land<\/h2>\n<form method=\"POST\" action=\"\" class=\"pt-checkout-form\" id=\"pt_checkout_form_1\" data-pt-id=\"1\" data-parsley-validate enctype=\"multipart\/form-data\" data-currency=\"EUR\"><noscript><div class=\"pt-form-alert\">This form requires JavaScript, enable it in your browser.<\/div><\/noscript>\n<div class=\"pt-form-group pt-form-group-1 pt-form-group-field-email\"><label for=\"pt-field-email\">Email:<\/label><input type=\"email\" id=\"pt-field-email-1\" name=\"pt-field-email-1\" autocomplete=\"email\" class=\"pt-field pt-field-email\" value=\"\" data-pt-field-type=\"email\" data-pt-user-label=\"Email\" data-pt-user-data=\"false\" data-pt-price=\"0\" required      data-parsley-errors-container=\"#parsley-errors-list-email-1\"  \/><div id=\"parsley-errors-list-email-1\"><\/div><\/div>\n<div class=\"pt-form-group pt-form-group-2 pt-form-group-field-name\"><label for=\"pt-field-name\">Naam:<\/label><input type=\"text\" id=\"pt-field-name-2\" name=\"pt-field-name-2\" autocomplete=\"name\" class=\"pt-field pt-field-name\" value=\"\" data-pt-field-type=\"name\" data-pt-user-label=\"Naam\" data-pt-user-data=\"false\" required      \/><\/div>\n<div class=\"pt-form-group pt-form-group-3 pt-form-group-field-text\"><label for=\"pt-field-text\">Adres:<\/label><input type=\"text\" id=\"pt-field-text-3\" name=\"pt-field-text-3\" autocomplete=\"street-address\" class=\"pt-field pt-field-text\" value=\"\" data-pt-field-type=\"text\" data-pt-user-label=\"Adres\" data-pt-user-data=\"false\" data-pt-price=\"0\" required    \/><\/div>\n<div class=\"pt-form-group pt-form-group-4 pt-form-group-field-text\"><label for=\"pt-field-text\">Postcode:<\/label><input type=\"text\" id=\"pt-field-text-4\" name=\"pt-field-text-4\" autocomplete=\"postal-code\" class=\"pt-field pt-field-text\" value=\"\" data-pt-field-type=\"text\" data-pt-user-label=\"Postcode\" data-pt-user-data=\"false\" data-pt-price=\"0\" required    \/><\/div>\n<div class=\"pt-form-group pt-form-group-5 pt-form-group-field-text\"><label for=\"pt-field-text\">Stad:<\/label><input type=\"text\" id=\"pt-field-text-5\" name=\"pt-field-text-5\" autocomplete=\"address-level2\" class=\"pt-field pt-field-text\" value=\"\" data-pt-field-type=\"text\" data-pt-user-label=\"Stad\" data-pt-user-data=\"false\" data-pt-price=\"0\" required    \/><\/div>\n<div class=\"pt-form-group pt-form-group-6 pt-form-group-field-text\"><label for=\"pt-field-text\">Land:<\/label><input type=\"text\" id=\"pt-field-text-6\" name=\"pt-field-text-6\" autocomplete=\"country-name\" class=\"pt-field pt-field-text\" value=\"\" data-pt-field-type=\"text\" data-pt-user-label=\"Land\" data-pt-user-data=\"false\" data-pt-price=\"0\"     \/><\/div>\n<div class=\"pt-form-group pt-form-group-7 pt-form-group-label has-quantity-input\"><label for=\"pt_items[7][value]\" class=\"\">Schoolpakket Empathy Land<\/label><input type=\"hidden\" name=\"pt_items[7][label]\" value=\"Schoolpakket Empathy Land\"><input type=\"hidden\" name=\"pt_items[7][type]\" value=\"label\"><div class=\"paytium-quantity-input\"><button type=\"button\" class=\"paytium-spinner decrement\">-<\/button><input type=\"number\"  class=\"pt-quantity-input\" name=\"pt_items[7][quantity]\" value=0  ><button type=\"button\" class=\"paytium-spinner increment\">+<\/button><\/div><input type=\"hidden\" class=\"pt-cf-amount pt-cf-label-amount has-quantity-input\" name=\"pt_items[7][amount]\" value=\"115\" data-pt-price=\"115\" \/><input type=\"hidden\" name=\"pt_items[7][tax_percentage]\" value=\"0\"><\/div><div class=\"pt-form-group pt-form-group-8 pt-form-group-total-amount\">Total: <span class=\"pt-total-amount\">\u20ac -<\/span><\/div>\n<button class=\"pt-payment-btn paytium-button-el\"><span>Bestel<\/span><\/button>\n<input type=\"hidden\" name=\"pt-name\" value=\"Form name\" \/><input type=\"hidden\" name=\"pt-description\" value=\"Payment description\" \/><input type=\"hidden\" name=\"pt-amount\" class=\"pt_amount\" value=\"\" \/><input type=\"hidden\" name=\"pt-currency\" class=\"pt_currency\" value=\"EUR\" \/><input type=\"hidden\" name=\"pt_redirect_url\" value=\"https:\/\/connect2us.eu\/fr\/paquet-scolaire\/\" \/><input type=\"hidden\" name=\"pt-form-load\" value=\"5c3b1804f06b57591162afd5d8a229bf\" \/><input type=\"hidden\" name=\"pt-form-id\" value=\"1\" \/><\/form>\n","protected":false},"excerpt":{"rendered":"<p>\u00ab\u00a0Les enfants grandissent dans une soci\u00e9t\u00e9 pluraliste et apprennent \u00e0 comprendre et surtout \u00e0 accepter les diff\u00e9rences. Nous ne sommes pas oblig\u00e9s d&rsquo;adopter les coutumes des autres, mais le fait de se comprendre les uns les autres cr\u00e9e un sentiment d&rsquo;appartenance et un monde meilleur. Les enfants acqui\u00e8rent des connaissances et une vision de certaines [&hellip;]<\/p>\n","protected":false},"author":3,"featured_media":0,"parent":0,"menu_order":0,"comment_status":"closed","ping_status":"closed","template":"","meta":{"_vp_format_video_url":"","_vp_image_focal_point":[],"footnotes":""},"class_list":["post-3646","page","type-page","status-publish","hentry"],"blocksy_meta":[],"_links":{"self":[{"href":"https:\/\/connect2us.eu\/fr\/wp-json\/wp\/v2\/pages\/3646","targetHints":{"allow":["GET"]}}],"collection":[{"href":"https:\/\/connect2us.eu\/fr\/wp-json\/wp\/v2\/pages"}],"about":[{"href":"https:\/\/connect2us.eu\/fr\/wp-json\/wp\/v2\/types\/page"}],"author":[{"embeddable":true,"href":"https:\/\/connect2us.eu\/fr\/wp-json\/wp\/v2\/users\/3"}],"replies":[{"embeddable":true,"href":"https:\/\/connect2us.eu\/fr\/wp-json\/wp\/v2\/comments?post=3646"}],"version-history":[{"count":3,"href":"https:\/\/connect2us.eu\/fr\/wp-json\/wp\/v2\/pages\/3646\/revisions"}],"predecessor-version":[{"id":4682,"href":"https:\/\/connect2us.eu\/fr\/wp-json\/wp\/v2\/pages\/3646\/revisions\/4682"}],"wp:attachment":[{"href":"https:\/\/connect2us.eu\/fr\/wp-json\/wp\/v2\/media?parent=3646"}],"curies":[{"name":"wp","href":"https:\/\/api.w.org\/{rel}","templated":true}]}}