{"id":3652,"date":"2021-06-02T09:45:09","date_gmt":"2021-06-02T07:45:09","guid":{"rendered":"https:\/\/staging.connect2us.eu\/formation-linguistique-au-travail-ou-a-domicile\/"},"modified":"2024-10-01T16:00:28","modified_gmt":"2024-10-01T14:00:28","slug":"formation-linguistique-au-travail-ou-a-domicile","status":"publish","type":"page","link":"https:\/\/connect2us.eu\/fr\/formation-linguistique-au-travail-ou-a-domicile\/","title":{"rendered":"Formation linguistique, au travail ou \u00e0 domicile"},"content":{"rendered":"\n<blockquote class=\"wp-block-quote is-layout-flow wp-block-quote-is-layout-flow\">\n<h2 class=\"wp-block-heading has-large-font-size\" id=\"h-welkom-op-je-reis-naar-empathy-land\">Bienvenue dans votre voyage au pays de l&#8217;empathie !<\/h2>\n<\/blockquote>\n\n<p>L&rsquo;objectif du jeu est de susciter des conversations sur les similitudes et les diff\u00e9rences culturelles.\nEmpathy Land aide les nouveaux arrivants, les familles, les amis, les voisins et les coll\u00e8gues \u00e0 engager un dialogue interculturel.\nAvec vos amis ou vos voisins, par exemple, il est amusant d&rsquo;explorer les habitudes (culturelles) de chacun lorsque vous tirez une carte.\nLe jeu est bilingue, vous apprenez donc imm\u00e9diatement \u00e0 mieux comprendre et parler le n\u00e9erlandais ou l&rsquo;anglais.   <\/p>\n\n<p>Au sein de votre famille, avec de jeunes enfants, vous pouvez bien s\u00fbr jouer au jeu sans les cartes.\nLors d&rsquo;un voyage, les joueurs peuvent discuter des sites touristiques qui d\u00e9filent.\nCertains d&rsquo;entre vous en ont peut-\u00eatre d\u00e9j\u00e0 visit\u00e9, d&rsquo;autres sont peut-\u00eatre sur votre <em>liste de choses \u00e0 faire. <\/em>Qui aimerait aller o\u00f9 ?\nCelui qui arrive le premier au Pays de l&#8217;empathie gagne.\nMais les autres ne tarderont pas \u00e0 le faire et nous serons tous gagnants.    <\/p>\n\n<p>Empathy Land est un jeu de soci\u00e9t\u00e9 interactif qui peut \u00eatre jou\u00e9 par 3 \u00e0 6 joueurs.\nEn devinant si les affirmations figurant sur les cartes sont correctes ou incorrectes, les joueurs d\u00e9couvrent les habitudes familiales et culturelles de l&rsquo;autre et prennent conscience de leurs diff\u00e9rences mutuelles.\nDes diff\u00e9rences qui ont le droit d&rsquo;exister, mais qui nous permettent aussi de mieux voir combien nous avons en fait de choses en commun.  <\/p>\n\n<h2 class=\"wp-block-heading\" id=\"h-inzichten\">Perspectives<\/h2>\n\n<ul class=\"wp-block-list\">\n<li>Les joueurs prennent conscience des diff\u00e9rences culturelles mutuelles et des similitudes, et apprennent \u00e0 mieux les comprendre.<\/li>\n\n\n\n<li>Les joueurs d\u00e9couvrent les zones d&rsquo;ombre et les sous-cultures.<\/li>\n\n\n\n<li>Les joueurs se rendent compte que les habitudes et les comportements r\u00e9v\u00e8lent souvent des valeurs culturelles plus profondes.<\/li>\n<\/ul>\n\n<p class=\"has-text-align-center\"><span style=\"color: #eb0c0c;\" class=\"stk-highlight\"><strong>Commandez le jeu via le bouton de donation en haut \u00e0 droite de l&rsquo;\u00e9cran.<\/strong><\/span><\/p>\n\n<p>Vous avez des suggestions pour am\u00e9liorer le jeu \u00e0 la maison ou au travail ?\nEnvoyez-nous un courriel \u00e0<a href=\"\"> empathyland@connect2us.eu.<\/a> <\/p>\n\n<p><\/p>\n","protected":false},"excerpt":{"rendered":"<p>Bienvenue dans votre voyage au pays de l&#8217;empathie ! L&rsquo;objectif du jeu est de susciter des conversations sur les similitudes et les diff\u00e9rences culturelles. Empathy Land aide les nouveaux arrivants, les familles, les amis, les voisins et les coll\u00e8gues \u00e0 engager un dialogue interculturel. Avec vos amis ou vos voisins, par exemple, il est amusant [&hellip;]<\/p>\n","protected":false},"author":3,"featured_media":0,"parent":0,"menu_order":0,"comment_status":"closed","ping_status":"closed","template":"","meta":{"_vp_format_video_url":"","_vp_image_focal_point":[],"footnotes":""},"class_list":["post-3652","page","type-page","status-publish","hentry"],"blocksy_meta":[],"_links":{"self":[{"href":"https:\/\/connect2us.eu\/fr\/wp-json\/wp\/v2\/pages\/3652","targetHints":{"allow":["GET"]}}],"collection":[{"href":"https:\/\/connect2us.eu\/fr\/wp-json\/wp\/v2\/pages"}],"about":[{"href":"https:\/\/connect2us.eu\/fr\/wp-json\/wp\/v2\/types\/page"}],"author":[{"embeddable":true,"href":"https:\/\/connect2us.eu\/fr\/wp-json\/wp\/v2\/users\/3"}],"replies":[{"embeddable":true,"href":"https:\/\/connect2us.eu\/fr\/wp-json\/wp\/v2\/comments?post=3652"}],"version-history":[{"count":1,"href":"https:\/\/connect2us.eu\/fr\/wp-json\/wp\/v2\/pages\/3652\/revisions"}],"predecessor-version":[{"id":3653,"href":"https:\/\/connect2us.eu\/fr\/wp-json\/wp\/v2\/pages\/3652\/revisions\/3653"}],"wp:attachment":[{"href":"https:\/\/connect2us.eu\/fr\/wp-json\/wp\/v2\/media?parent=3652"}],"curies":[{"name":"wp","href":"https:\/\/api.w.org\/{rel}","templated":true}]}}